{"id":11239,"date":"2022-06-11T09:03:33","date_gmt":"2022-06-11T09:03:33","guid":{"rendered":"https:\/\/boliviacontigo.com\/?post_type=product&#038;p=11239"},"modified":"2025-01-10T16:02:41","modified_gmt":"2025-01-10T21:02:41","slug":"iman-artesanal-con-forma-de-llama","status":"publish","type":"product","link":"https:\/\/boliviacontigo.com\/en\/product\/iman-artesanal-con-forma-de-llama\/","title":{"rendered":"Handmade Magnet in the Shape of a Llama"},"content":{"rendered":"<p>El Im\u00e1n Artesanal con Forma de Llama es un encantador recuerdo inspirado en la cultura andina. Meticulosamente elaborado a mano, este im\u00e1n destaca por sus detalles \u00fanicos y su dise\u00f1o vibrante que representa a la ic\u00f3nica llama, un s\u00edmbolo de la riqueza cultural de los Andes. Perfecto para decorar tu refrigerador o cualquier superficie met\u00e1lica, este peque\u00f1o accesorio es ideal como regalo o para llevar un pedacito de Bolivia contigo. Hecho con materiales de alta calidad, este im\u00e1n combina tradici\u00f3n, arte y funcionalidad, a\u00f1adiendo un toque especial y aut\u00e9ntico a tu colecci\u00f3n.<\/p>","protected":false},"excerpt":{"rendered":"<p>Im\u00e1n hecho a mano en forma de Llama. Im\u00e1n de 10cm de alto en forma de llama, hecho a mano, con detalles nacionales del pa\u00eds boliviano.<\/p>","protected":false},"featured_media":12622,"template":"","meta":{"_acf_changed":false},"product_brand":[],"product_cat":[15,460],"product_tag":[],"brand":[610],"class_list":{"0":"post-11239","1":"product","2":"type-product","3":"status-publish","4":"has-post-thumbnail","6":"product_cat-artesania-decoracion","7":"product_cat-decoracion-hogar","8":"brand-bc","10":"first","11":"outofstock","12":"taxable","13":"shipping-taxable","14":"purchasable","15":"product-type-simple"},"supplier_id":null,"supplier_sku":"","barcode":null,"atum_controlled":true,"out_stock_date":"2024-12-26 00:58:14","out_stock_threshold":null,"inheritable":false,"inbound_stock":0,"stock_on_hold":0,"sold_today":0,"sales_last_days":0,"reserved_stock":0,"customer_returns":0,"warehouse_damage":0,"lost_in_post":0,"other_logs":0,"out_stock_days":469,"lost_sales":0,"has_location":false,"update_date":"2026-04-09T05:58:24","atum_locations":[],"atum_stock_status":"outofstock","restock_status":false,"low_stock_amount":"","sales_update_date":"2026-04-09T05:58:24","calc_backorders":null,"acf":[],"yoast_head":"<!-- This site is optimized with the Yoast SEO plugin v24.9 - https:\/\/yoast.com\/wordpress\/plugins\/seo\/ -->\n<title>Im\u00e1n Artesanal con Forma de Llama - Bolivia Contigo<\/title>\n<meta name=\"description\" content=\"Agrega un toque andino a tu hogar con el Im\u00e1n Artesanal con Forma de Llama, una pieza \u00fanica y decorativa hecha a mano.\" \/>\n<meta name=\"robots\" content=\"index, follow, max-snippet:-1, max-image-preview:large, max-video-preview:-1\" \/>\n<link rel=\"canonical\" href=\"https:\/\/boliviacontigo.com\/en\/product\/iman-artesanal-con-forma-de-llama\/\" \/>\n<meta property=\"og:locale\" content=\"en_US\" \/>\n<meta property=\"og:type\" content=\"article\" \/>\n<meta property=\"og:title\" content=\"Im\u00e1n Artesanal con Forma de Llama - Bolivia Contigo\" \/>\n<meta property=\"og:description\" content=\"Agrega un toque andino a tu hogar con el Im\u00e1n Artesanal con Forma de Llama, una pieza \u00fanica y decorativa hecha a mano.\" \/>\n<meta property=\"og:url\" content=\"https:\/\/boliviacontigo.com\/en\/product\/iman-artesanal-con-forma-de-llama\/\" \/>\n<meta property=\"og:site_name\" content=\"Bolivia Contigo\" \/>\n<meta property=\"article:modified_time\" content=\"2025-01-10T21:02:41+00:00\" \/>\n<meta property=\"og:image\" content=\"https:\/\/boliviacontigo.com\/wp-content\/uploads\/2024\/03\/iman-de-llama-01.jpg\" \/>\n\t<meta property=\"og:image:width\" content=\"1500\" \/>\n\t<meta property=\"og:image:height\" content=\"1500\" \/>\n\t<meta property=\"og:image:type\" content=\"image\/jpeg\" \/>\n<meta name=\"twitter:card\" content=\"summary_large_image\" \/>\n<meta name=\"twitter:label1\" content=\"Est. reading time\" \/>\n\t<meta name=\"twitter:data1\" content=\"1 minute\" \/>\n<script type=\"application\/ld+json\" class=\"yoast-schema-graph\">{\"@context\":\"https:\/\/schema.org\",\"@graph\":[{\"@type\":\"WebPage\",\"@id\":\"https:\/\/boliviacontigo.com\/en\/product\/iman-artesanal-con-forma-de-llama\/\",\"url\":\"https:\/\/boliviacontigo.com\/en\/product\/iman-artesanal-con-forma-de-llama\/\",\"name\":\"Im\u00e1n Artesanal con Forma de Llama - Bolivia Contigo\",\"isPartOf\":{\"@id\":\"https:\/\/boliviacontigo.com\/en\/#website\"},\"primaryImageOfPage\":{\"@id\":\"https:\/\/boliviacontigo.com\/en\/product\/iman-artesanal-con-forma-de-llama\/#primaryimage\"},\"image\":{\"@id\":\"https:\/\/boliviacontigo.com\/en\/product\/iman-artesanal-con-forma-de-llama\/#primaryimage\"},\"thumbnailUrl\":\"https:\/\/boliviacontigo.com\/wp-content\/uploads\/2024\/03\/iman-de-llama-01.jpg\",\"datePublished\":\"2022-06-11T09:03:33+00:00\",\"dateModified\":\"2025-01-10T21:02:41+00:00\",\"description\":\"Agrega un toque andino a tu hogar con el Im\u00e1n Artesanal con Forma de Llama, una pieza \u00fanica y decorativa hecha a mano.\",\"breadcrumb\":{\"@id\":\"https:\/\/boliviacontigo.com\/en\/product\/iman-artesanal-con-forma-de-llama\/#breadcrumb\"},\"inLanguage\":\"en-US\",\"potentialAction\":[{\"@type\":\"ReadAction\",\"target\":[\"https:\/\/boliviacontigo.com\/en\/product\/iman-artesanal-con-forma-de-llama\/\"]}]},{\"@type\":\"ImageObject\",\"inLanguage\":\"en-US\",\"@id\":\"https:\/\/boliviacontigo.com\/en\/product\/iman-artesanal-con-forma-de-llama\/#primaryimage\",\"url\":\"https:\/\/boliviacontigo.com\/wp-content\/uploads\/2024\/03\/iman-de-llama-01.jpg\",\"contentUrl\":\"https:\/\/boliviacontigo.com\/wp-content\/uploads\/2024\/03\/iman-de-llama-01.jpg\",\"width\":1500,\"height\":1500,\"caption\":\"Handmade Magnet in the shape of a Llama\"},{\"@type\":\"BreadcrumbList\",\"@id\":\"https:\/\/boliviacontigo.com\/en\/product\/iman-artesanal-con-forma-de-llama\/#breadcrumb\",\"itemListElement\":[{\"@type\":\"ListItem\",\"position\":1,\"name\":\"Home\",\"item\":\"https:\/\/boliviacontigo.com\/en\/\"},{\"@type\":\"ListItem\",\"position\":2,\"name\":\"Productos\",\"item\":\"https:\/\/boliviacontigo.com\/en\/productos\/\"},{\"@type\":\"ListItem\",\"position\":3,\"name\":\"Im\u00e1n Artesanal con Forma de Llama\"}]},{\"@type\":\"WebSite\",\"@id\":\"https:\/\/boliviacontigo.com\/en\/#website\",\"url\":\"https:\/\/boliviacontigo.com\/en\/\",\"name\":\"Bolivia Contigo\",\"description\":\"Bolivia Contigo\",\"potentialAction\":[{\"@type\":\"SearchAction\",\"target\":{\"@type\":\"EntryPoint\",\"urlTemplate\":\"https:\/\/boliviacontigo.com\/en\/?s={search_term_string}\"},\"query-input\":{\"@type\":\"PropertyValueSpecification\",\"valueRequired\":true,\"valueName\":\"search_term_string\"}}],\"inLanguage\":\"en-US\"}]}<\/script>\n<!-- \/ Yoast SEO plugin. -->","yoast_head_json":{"title":"Im\u00e1n Artesanal con Forma de Llama - Bolivia Contigo","description":"Agrega un toque andino a tu hogar con el Im\u00e1n Artesanal con Forma de Llama, una pieza \u00fanica y decorativa hecha a mano.","robots":{"index":"index","follow":"follow","max-snippet":"max-snippet:-1","max-image-preview":"max-image-preview:large","max-video-preview":"max-video-preview:-1"},"canonical":"https:\/\/boliviacontigo.com\/en\/product\/iman-artesanal-con-forma-de-llama\/","og_locale":"en_US","og_type":"article","og_title":"Im\u00e1n Artesanal con Forma de Llama - Bolivia Contigo","og_description":"Agrega un toque andino a tu hogar con el Im\u00e1n Artesanal con Forma de Llama, una pieza \u00fanica y decorativa hecha a mano.","og_url":"https:\/\/boliviacontigo.com\/en\/product\/iman-artesanal-con-forma-de-llama\/","og_site_name":"Bolivia Contigo","article_modified_time":"2025-01-10T21:02:41+00:00","og_image":[{"width":1500,"height":1500,"url":"https:\/\/boliviacontigo.com\/wp-content\/uploads\/2024\/03\/iman-de-llama-01.jpg","type":"image\/jpeg"}],"twitter_card":"summary_large_image","twitter_misc":{"Est. reading time":"1 minute"},"schema":{"@context":"https:\/\/schema.org","@graph":[{"@type":"WebPage","@id":"https:\/\/boliviacontigo.com\/en\/product\/iman-artesanal-con-forma-de-llama\/","url":"https:\/\/boliviacontigo.com\/en\/product\/iman-artesanal-con-forma-de-llama\/","name":"Im\u00e1n Artesanal con Forma de Llama - Bolivia Contigo","isPartOf":{"@id":"https:\/\/boliviacontigo.com\/en\/#website"},"primaryImageOfPage":{"@id":"https:\/\/boliviacontigo.com\/en\/product\/iman-artesanal-con-forma-de-llama\/#primaryimage"},"image":{"@id":"https:\/\/boliviacontigo.com\/en\/product\/iman-artesanal-con-forma-de-llama\/#primaryimage"},"thumbnailUrl":"https:\/\/boliviacontigo.com\/wp-content\/uploads\/2024\/03\/iman-de-llama-01.jpg","datePublished":"2022-06-11T09:03:33+00:00","dateModified":"2025-01-10T21:02:41+00:00","description":"Agrega un toque andino a tu hogar con el Im\u00e1n Artesanal con Forma de Llama, una pieza \u00fanica y decorativa hecha a mano.","breadcrumb":{"@id":"https:\/\/boliviacontigo.com\/en\/product\/iman-artesanal-con-forma-de-llama\/#breadcrumb"},"inLanguage":"en-US","potentialAction":[{"@type":"ReadAction","target":["https:\/\/boliviacontigo.com\/en\/product\/iman-artesanal-con-forma-de-llama\/"]}]},{"@type":"ImageObject","inLanguage":"en-US","@id":"https:\/\/boliviacontigo.com\/en\/product\/iman-artesanal-con-forma-de-llama\/#primaryimage","url":"https:\/\/boliviacontigo.com\/wp-content\/uploads\/2024\/03\/iman-de-llama-01.jpg","contentUrl":"https:\/\/boliviacontigo.com\/wp-content\/uploads\/2024\/03\/iman-de-llama-01.jpg","width":1500,"height":1500,"caption":"Handmade Magnet in the shape of a Llama"},{"@type":"BreadcrumbList","@id":"https:\/\/boliviacontigo.com\/en\/product\/iman-artesanal-con-forma-de-llama\/#breadcrumb","itemListElement":[{"@type":"ListItem","position":1,"name":"Home","item":"https:\/\/boliviacontigo.com\/en\/"},{"@type":"ListItem","position":2,"name":"Productos","item":"https:\/\/boliviacontigo.com\/en\/productos\/"},{"@type":"ListItem","position":3,"name":"Im\u00e1n Artesanal con Forma de Llama"}]},{"@type":"WebSite","@id":"https:\/\/boliviacontigo.com\/en\/#website","url":"https:\/\/boliviacontigo.com\/en\/","name":"Bolivia Contigo","description":"Bolivia Contigo","potentialAction":[{"@type":"SearchAction","target":{"@type":"EntryPoint","urlTemplate":"https:\/\/boliviacontigo.com\/en\/?s={search_term_string}"},"query-input":{"@type":"PropertyValueSpecification","valueRequired":true,"valueName":"search_term_string"}}],"inLanguage":"en-US"}]}},"jetpack_sharing_enabled":true,"_links":{"self":[{"href":"https:\/\/boliviacontigo.com\/en\/wp-json\/wp\/v2\/product\/11239","targetHints":{"allow":["GET"]}}],"collection":[{"href":"https:\/\/boliviacontigo.com\/en\/wp-json\/wp\/v2\/product"}],"about":[{"href":"https:\/\/boliviacontigo.com\/en\/wp-json\/wp\/v2\/types\/product"}],"wp:featuredmedia":[{"embeddable":true,"href":"https:\/\/boliviacontigo.com\/en\/wp-json\/wp\/v2\/media\/12622"}],"wp:attachment":[{"href":"https:\/\/boliviacontigo.com\/en\/wp-json\/wp\/v2\/media?parent=11239"}],"wp:term":[{"taxonomy":"product_brand","embeddable":true,"href":"https:\/\/boliviacontigo.com\/en\/wp-json\/wp\/v2\/product_brand?post=11239"},{"taxonomy":"product_cat","embeddable":true,"href":"https:\/\/boliviacontigo.com\/en\/wp-json\/wp\/v2\/product_cat?post=11239"},{"taxonomy":"product_tag","embeddable":true,"href":"https:\/\/boliviacontigo.com\/en\/wp-json\/wp\/v2\/product_tag?post=11239"},{"taxonomy":"brand","embeddable":true,"href":"https:\/\/boliviacontigo.com\/en\/wp-json\/wp\/v2\/brand?post=11239"}],"curies":[{"name":"wp","href":"https:\/\/api.w.org\/{rel}","templated":true}]}}