{"id":11242,"date":"2022-06-11T11:21:57","date_gmt":"2022-06-11T11:21:57","guid":{"rendered":"https:\/\/boliviacontigo.com\/?post_type=product&#038;p=11242"},"modified":"2025-01-10T16:01:48","modified_gmt":"2025-01-10T21:01:48","slug":"intenso-chocolate-el-ceibo-en","status":"publish","type":"product","link":"https:\/\/boliviacontigo.com\/en\/product\/intenso-chocolate-el-ceibo-en\/","title":{"rendered":"Intenso \u2013 Chocolate El Ceibo"},"content":{"rendered":"<p>Intenso &#8211; Chocolate El Ceibo es una obra maestra del chocolate boliviano, creada para quienes buscan una experiencia rica y profunda en cada bocado. Elaborado con cacao de origen sostenible y cultivado por comunidades locales, este chocolate destaca por su sabor fuerte, aut\u00e9ntico y ligeramente amargo, reflejando la pureza del cacao boliviano. Ideal para disfrutar solo o como ingrediente en postres sofisticados, Intenso es una celebraci\u00f3n del compromiso de El Ceibo con la calidad y la tradici\u00f3n. Descubre un chocolate que no solo deleita tu paladar, sino que tambi\u00e9n honra la riqueza cultural y natural de Bolivia.<\/p>","protected":false},"excerpt":{"rendered":"<p>Intenso &#8211; Chocolate El Ceibo. Chocolate con leche semidulce. Peso Neto: 216gr.<\/p>","protected":false},"featured_media":12624,"template":"","meta":{"_acf_changed":false},"product_brand":[],"product_cat":[464,465],"product_tag":[],"brand":[566],"class_list":{"0":"post-11242","1":"product","2":"type-product","3":"status-publish","4":"has-post-thumbnail","6":"product_cat-alimentos-y-bebidas","7":"product_cat-chocolate-dulces","8":"brand-el-ceibo","10":"first","11":"outofstock","12":"taxable","13":"shipping-taxable","14":"purchasable","15":"product-type-simple"},"supplier_id":null,"supplier_sku":"","barcode":null,"atum_controlled":true,"out_stock_date":"2024-12-26 00:58:14","out_stock_threshold":null,"inheritable":false,"inbound_stock":0,"stock_on_hold":0,"sold_today":0,"sales_last_days":0,"reserved_stock":null,"customer_returns":null,"warehouse_damage":null,"lost_in_post":null,"other_logs":null,"out_stock_days":465,"lost_sales":0,"has_location":false,"update_date":"2026-04-05T04:48:59","atum_locations":[],"atum_stock_status":"outofstock","restock_status":false,"low_stock_amount":2,"sales_update_date":"2026-04-05T04:48:59","calc_backorders":null,"acf":[],"yoast_head":"<!-- This site is optimized with the Yoast SEO plugin v24.9 - https:\/\/yoast.com\/wordpress\/plugins\/seo\/ -->\n<title>Intenso - Chocolate El Ceibo - Bolivia Contigo<\/title>\n<meta name=\"description\" content=\"Experimenta el sabor puro del cacao con Intenso - Chocolate El Ceibo, un chocolate boliviano de alta calidad con un toque fuerte y aut\u00e9ntico.\" \/>\n<meta name=\"robots\" content=\"index, follow, max-snippet:-1, max-image-preview:large, max-video-preview:-1\" \/>\n<link rel=\"canonical\" href=\"https:\/\/boliviacontigo.com\/en\/product\/intenso-chocolate-el-ceibo-en\/\" \/>\n<meta property=\"og:locale\" content=\"en_US\" \/>\n<meta property=\"og:type\" content=\"article\" \/>\n<meta property=\"og:title\" content=\"Intenso - Chocolate El Ceibo - Bolivia Contigo\" \/>\n<meta property=\"og:description\" content=\"Experimenta el sabor puro del cacao con Intenso - Chocolate El Ceibo, un chocolate boliviano de alta calidad con un toque fuerte y aut\u00e9ntico.\" \/>\n<meta property=\"og:url\" content=\"https:\/\/boliviacontigo.com\/en\/product\/intenso-chocolate-el-ceibo-en\/\" \/>\n<meta property=\"og:site_name\" content=\"Bolivia Contigo\" \/>\n<meta property=\"article:modified_time\" content=\"2025-01-10T21:01:48+00:00\" \/>\n<meta property=\"og:image\" content=\"https:\/\/boliviacontigo.com\/wp-content\/uploads\/2024\/03\/chocolate-intenso-el-ceibo.jpg\" \/>\n\t<meta property=\"og:image:width\" content=\"1500\" \/>\n\t<meta property=\"og:image:height\" content=\"1500\" \/>\n\t<meta property=\"og:image:type\" content=\"image\/jpeg\" \/>\n<meta name=\"twitter:card\" content=\"summary_large_image\" \/>\n<meta name=\"twitter:label1\" content=\"Est. reading time\" \/>\n\t<meta name=\"twitter:data1\" content=\"1 minute\" \/>\n<script type=\"application\/ld+json\" class=\"yoast-schema-graph\">{\"@context\":\"https:\/\/schema.org\",\"@graph\":[{\"@type\":\"WebPage\",\"@id\":\"https:\/\/boliviacontigo.com\/en\/product\/intenso-chocolate-el-ceibo-en\/\",\"url\":\"https:\/\/boliviacontigo.com\/en\/product\/intenso-chocolate-el-ceibo-en\/\",\"name\":\"Intenso - Chocolate El Ceibo - Bolivia Contigo\",\"isPartOf\":{\"@id\":\"https:\/\/boliviacontigo.com\/en\/#website\"},\"primaryImageOfPage\":{\"@id\":\"https:\/\/boliviacontigo.com\/en\/product\/intenso-chocolate-el-ceibo-en\/#primaryimage\"},\"image\":{\"@id\":\"https:\/\/boliviacontigo.com\/en\/product\/intenso-chocolate-el-ceibo-en\/#primaryimage\"},\"thumbnailUrl\":\"https:\/\/boliviacontigo.com\/wp-content\/uploads\/2024\/03\/chocolate-intenso-el-ceibo.jpg\",\"datePublished\":\"2022-06-11T11:21:57+00:00\",\"dateModified\":\"2025-01-10T21:01:48+00:00\",\"description\":\"Experimenta el sabor puro del cacao con Intenso - Chocolate El Ceibo, un chocolate boliviano de alta calidad con un toque fuerte y aut\u00e9ntico.\",\"breadcrumb\":{\"@id\":\"https:\/\/boliviacontigo.com\/en\/product\/intenso-chocolate-el-ceibo-en\/#breadcrumb\"},\"inLanguage\":\"en-US\",\"potentialAction\":[{\"@type\":\"ReadAction\",\"target\":[\"https:\/\/boliviacontigo.com\/en\/product\/intenso-chocolate-el-ceibo-en\/\"]}]},{\"@type\":\"ImageObject\",\"inLanguage\":\"en-US\",\"@id\":\"https:\/\/boliviacontigo.com\/en\/product\/intenso-chocolate-el-ceibo-en\/#primaryimage\",\"url\":\"https:\/\/boliviacontigo.com\/wp-content\/uploads\/2024\/03\/chocolate-intenso-el-ceibo.jpg\",\"contentUrl\":\"https:\/\/boliviacontigo.com\/wp-content\/uploads\/2024\/03\/chocolate-intenso-el-ceibo.jpg\",\"width\":1500,\"height\":1500,\"caption\":\"Intenso - Chocolate El Ceibo\"},{\"@type\":\"BreadcrumbList\",\"@id\":\"https:\/\/boliviacontigo.com\/en\/product\/intenso-chocolate-el-ceibo-en\/#breadcrumb\",\"itemListElement\":[{\"@type\":\"ListItem\",\"position\":1,\"name\":\"Home\",\"item\":\"https:\/\/boliviacontigo.com\/en\/\"},{\"@type\":\"ListItem\",\"position\":2,\"name\":\"Productos\",\"item\":\"https:\/\/boliviacontigo.com\/en\/productos\/\"},{\"@type\":\"ListItem\",\"position\":3,\"name\":\"Intenso &#8211; Chocolate El Ceibo\"}]},{\"@type\":\"WebSite\",\"@id\":\"https:\/\/boliviacontigo.com\/en\/#website\",\"url\":\"https:\/\/boliviacontigo.com\/en\/\",\"name\":\"Bolivia Contigo\",\"description\":\"Bolivia Contigo\",\"potentialAction\":[{\"@type\":\"SearchAction\",\"target\":{\"@type\":\"EntryPoint\",\"urlTemplate\":\"https:\/\/boliviacontigo.com\/en\/?s={search_term_string}\"},\"query-input\":{\"@type\":\"PropertyValueSpecification\",\"valueRequired\":true,\"valueName\":\"search_term_string\"}}],\"inLanguage\":\"en-US\"}]}<\/script>\n<!-- \/ Yoast SEO plugin. -->","yoast_head_json":{"title":"Intenso - Chocolate El Ceibo - Bolivia Contigo","description":"Experimenta el sabor puro del cacao con Intenso - Chocolate El Ceibo, un chocolate boliviano de alta calidad con un toque fuerte y aut\u00e9ntico.","robots":{"index":"index","follow":"follow","max-snippet":"max-snippet:-1","max-image-preview":"max-image-preview:large","max-video-preview":"max-video-preview:-1"},"canonical":"https:\/\/boliviacontigo.com\/en\/product\/intenso-chocolate-el-ceibo-en\/","og_locale":"en_US","og_type":"article","og_title":"Intenso - Chocolate El Ceibo - Bolivia Contigo","og_description":"Experimenta el sabor puro del cacao con Intenso - Chocolate El Ceibo, un chocolate boliviano de alta calidad con un toque fuerte y aut\u00e9ntico.","og_url":"https:\/\/boliviacontigo.com\/en\/product\/intenso-chocolate-el-ceibo-en\/","og_site_name":"Bolivia Contigo","article_modified_time":"2025-01-10T21:01:48+00:00","og_image":[{"width":1500,"height":1500,"url":"https:\/\/boliviacontigo.com\/wp-content\/uploads\/2024\/03\/chocolate-intenso-el-ceibo.jpg","type":"image\/jpeg"}],"twitter_card":"summary_large_image","twitter_misc":{"Est. reading time":"1 minute"},"schema":{"@context":"https:\/\/schema.org","@graph":[{"@type":"WebPage","@id":"https:\/\/boliviacontigo.com\/en\/product\/intenso-chocolate-el-ceibo-en\/","url":"https:\/\/boliviacontigo.com\/en\/product\/intenso-chocolate-el-ceibo-en\/","name":"Intenso - Chocolate El Ceibo - Bolivia Contigo","isPartOf":{"@id":"https:\/\/boliviacontigo.com\/en\/#website"},"primaryImageOfPage":{"@id":"https:\/\/boliviacontigo.com\/en\/product\/intenso-chocolate-el-ceibo-en\/#primaryimage"},"image":{"@id":"https:\/\/boliviacontigo.com\/en\/product\/intenso-chocolate-el-ceibo-en\/#primaryimage"},"thumbnailUrl":"https:\/\/boliviacontigo.com\/wp-content\/uploads\/2024\/03\/chocolate-intenso-el-ceibo.jpg","datePublished":"2022-06-11T11:21:57+00:00","dateModified":"2025-01-10T21:01:48+00:00","description":"Experimenta el sabor puro del cacao con Intenso - Chocolate El Ceibo, un chocolate boliviano de alta calidad con un toque fuerte y aut\u00e9ntico.","breadcrumb":{"@id":"https:\/\/boliviacontigo.com\/en\/product\/intenso-chocolate-el-ceibo-en\/#breadcrumb"},"inLanguage":"en-US","potentialAction":[{"@type":"ReadAction","target":["https:\/\/boliviacontigo.com\/en\/product\/intenso-chocolate-el-ceibo-en\/"]}]},{"@type":"ImageObject","inLanguage":"en-US","@id":"https:\/\/boliviacontigo.com\/en\/product\/intenso-chocolate-el-ceibo-en\/#primaryimage","url":"https:\/\/boliviacontigo.com\/wp-content\/uploads\/2024\/03\/chocolate-intenso-el-ceibo.jpg","contentUrl":"https:\/\/boliviacontigo.com\/wp-content\/uploads\/2024\/03\/chocolate-intenso-el-ceibo.jpg","width":1500,"height":1500,"caption":"Intenso - Chocolate El Ceibo"},{"@type":"BreadcrumbList","@id":"https:\/\/boliviacontigo.com\/en\/product\/intenso-chocolate-el-ceibo-en\/#breadcrumb","itemListElement":[{"@type":"ListItem","position":1,"name":"Home","item":"https:\/\/boliviacontigo.com\/en\/"},{"@type":"ListItem","position":2,"name":"Productos","item":"https:\/\/boliviacontigo.com\/en\/productos\/"},{"@type":"ListItem","position":3,"name":"Intenso &#8211; Chocolate El Ceibo"}]},{"@type":"WebSite","@id":"https:\/\/boliviacontigo.com\/en\/#website","url":"https:\/\/boliviacontigo.com\/en\/","name":"Bolivia Contigo","description":"Bolivia Contigo","potentialAction":[{"@type":"SearchAction","target":{"@type":"EntryPoint","urlTemplate":"https:\/\/boliviacontigo.com\/en\/?s={search_term_string}"},"query-input":{"@type":"PropertyValueSpecification","valueRequired":true,"valueName":"search_term_string"}}],"inLanguage":"en-US"}]}},"jetpack_sharing_enabled":true,"_links":{"self":[{"href":"https:\/\/boliviacontigo.com\/en\/wp-json\/wp\/v2\/product\/11242","targetHints":{"allow":["GET"]}}],"collection":[{"href":"https:\/\/boliviacontigo.com\/en\/wp-json\/wp\/v2\/product"}],"about":[{"href":"https:\/\/boliviacontigo.com\/en\/wp-json\/wp\/v2\/types\/product"}],"wp:featuredmedia":[{"embeddable":true,"href":"https:\/\/boliviacontigo.com\/en\/wp-json\/wp\/v2\/media\/12624"}],"wp:attachment":[{"href":"https:\/\/boliviacontigo.com\/en\/wp-json\/wp\/v2\/media?parent=11242"}],"wp:term":[{"taxonomy":"product_brand","embeddable":true,"href":"https:\/\/boliviacontigo.com\/en\/wp-json\/wp\/v2\/product_brand?post=11242"},{"taxonomy":"product_cat","embeddable":true,"href":"https:\/\/boliviacontigo.com\/en\/wp-json\/wp\/v2\/product_cat?post=11242"},{"taxonomy":"product_tag","embeddable":true,"href":"https:\/\/boliviacontigo.com\/en\/wp-json\/wp\/v2\/product_tag?post=11242"},{"taxonomy":"brand","embeddable":true,"href":"https:\/\/boliviacontigo.com\/en\/wp-json\/wp\/v2\/brand?post=11242"}],"curies":[{"name":"wp","href":"https:\/\/api.w.org\/{rel}","templated":true}]}}