{"id":11261,"date":"2022-06-13T19:40:28","date_gmt":"2022-06-13T19:40:28","guid":{"rendered":"https:\/\/boliviacontigo.com\/?post_type=product&#038;p=11261"},"modified":"2025-09-10T14:14:01","modified_gmt":"2025-09-10T18:14:01","slug":"cunape-abizcochado-crocsitos","status":"publish","type":"product","link":"https:\/\/boliviacontigo.com\/en\/product\/cunape-abizcochado-crocsitos\/","title":{"rendered":"Biscuit Cu\u00f1ape Crocsitos"},"content":{"rendered":"<p>Descubre el aut\u00e9ntico sabor del Cu\u00f1ape Abizcochado Crocsitos, una delicia tradicional ideal para compartir. Perfecto para tus meriendas o como snack.<\/p>","protected":false},"excerpt":{"rendered":"<div class=\"rte\">\n<div class=\"short-description\">Descubre el aut\u00e9ntico sabor del Cu\u00f1ape Abizcochado Crocsitos, una delicia tradicional ideal para compartir. Perfecto para tus meriendas o como snack.<\/div>\n<\/div>","protected":false},"featured_media":12630,"template":"","meta":{"_acf_changed":false},"product_brand":[],"product_cat":[464,475],"product_tag":[],"brand":[],"class_list":{"0":"post-11261","1":"product","2":"type-product","3":"status-publish","4":"has-post-thumbnail","6":"product_cat-alimentos-y-bebidas","7":"product_cat-snacks-aperitivos","9":"first","10":"instock","11":"featured","12":"taxable","13":"shipping-taxable","14":"purchasable","15":"product-type-simple"},"supplier_id":null,"supplier_sku":"","barcode":null,"atum_controlled":true,"out_stock_date":null,"out_stock_threshold":null,"inheritable":false,"inbound_stock":20,"stock_on_hold":0,"sold_today":0,"sales_last_days":0,"reserved_stock":0,"customer_returns":0,"warehouse_damage":0,"lost_in_post":0,"other_logs":0,"out_stock_days":0,"lost_sales":0,"has_location":false,"update_date":"2026-04-07T05:54:43","atum_locations":[],"atum_stock_status":"instock","restock_status":false,"low_stock_amount":"","sales_update_date":"2026-04-07T05:54:43","calc_backorders":0,"acf":[],"yoast_head":"<!-- This site is optimized with the Yoast SEO plugin v24.9 - https:\/\/yoast.com\/wordpress\/plugins\/seo\/ -->\n<title>Cu\u00f1ape Abizcochado Crocsitos - Bolivia Contigo<\/title>\n<meta name=\"description\" content=\"Descubre el aut\u00e9ntico sabor del Cu\u00f1ape Abizcochado Crocsitos, una delicia tradicional ideal para compartir. Perfecto para tus meriendas o como snack.\" \/>\n<meta name=\"robots\" content=\"index, follow, max-snippet:-1, max-image-preview:large, max-video-preview:-1\" \/>\n<link rel=\"canonical\" href=\"https:\/\/boliviacontigo.com\/en\/product\/cunape-abizcochado-crocsitos\/\" \/>\n<meta property=\"og:locale\" content=\"en_US\" \/>\n<meta property=\"og:type\" content=\"article\" \/>\n<meta property=\"og:title\" content=\"Cu\u00f1ape Abizcochado Crocsitos - Bolivia Contigo\" \/>\n<meta property=\"og:description\" content=\"Descubre el aut\u00e9ntico sabor del Cu\u00f1ape Abizcochado Crocsitos, una delicia tradicional ideal para compartir. Perfecto para tus meriendas o como snack.\" \/>\n<meta property=\"og:url\" content=\"https:\/\/boliviacontigo.com\/en\/product\/cunape-abizcochado-crocsitos\/\" \/>\n<meta property=\"og:site_name\" content=\"Bolivia Contigo\" \/>\n<meta property=\"article:modified_time\" content=\"2025-09-10T18:14:01+00:00\" \/>\n<meta property=\"og:image\" content=\"https:\/\/boliviacontigo.com\/wp-content\/uploads\/2024\/03\/cunape-abizcochado-crocsitos-delicroc.jpg\" \/>\n\t<meta property=\"og:image:width\" content=\"1500\" \/>\n\t<meta property=\"og:image:height\" content=\"1500\" \/>\n\t<meta property=\"og:image:type\" content=\"image\/jpeg\" \/>\n<meta name=\"twitter:card\" content=\"summary_large_image\" \/>\n<meta name=\"twitter:label1\" content=\"Est. reading time\" \/>\n\t<meta name=\"twitter:data1\" content=\"1 minute\" \/>\n<script type=\"application\/ld+json\" class=\"yoast-schema-graph\">{\"@context\":\"https:\/\/schema.org\",\"@graph\":[{\"@type\":\"WebPage\",\"@id\":\"https:\/\/boliviacontigo.com\/en\/product\/cunape-abizcochado-crocsitos\/\",\"url\":\"https:\/\/boliviacontigo.com\/en\/product\/cunape-abizcochado-crocsitos\/\",\"name\":\"Cu\u00f1ape Abizcochado Crocsitos - Bolivia Contigo\",\"isPartOf\":{\"@id\":\"https:\/\/boliviacontigo.com\/en\/#website\"},\"primaryImageOfPage\":{\"@id\":\"https:\/\/boliviacontigo.com\/en\/product\/cunape-abizcochado-crocsitos\/#primaryimage\"},\"image\":{\"@id\":\"https:\/\/boliviacontigo.com\/en\/product\/cunape-abizcochado-crocsitos\/#primaryimage\"},\"thumbnailUrl\":\"https:\/\/boliviacontigo.com\/wp-content\/uploads\/2024\/03\/cunape-abizcochado-crocsitos-delicroc.jpg\",\"datePublished\":\"2022-06-13T19:40:28+00:00\",\"dateModified\":\"2025-09-10T18:14:01+00:00\",\"description\":\"Descubre el aut\u00e9ntico sabor del Cu\u00f1ape Abizcochado Crocsitos, una delicia tradicional ideal para compartir. Perfecto para tus meriendas o como snack.\",\"breadcrumb\":{\"@id\":\"https:\/\/boliviacontigo.com\/en\/product\/cunape-abizcochado-crocsitos\/#breadcrumb\"},\"inLanguage\":\"en-US\",\"potentialAction\":[{\"@type\":\"ReadAction\",\"target\":[\"https:\/\/boliviacontigo.com\/en\/product\/cunape-abizcochado-crocsitos\/\"]}]},{\"@type\":\"ImageObject\",\"inLanguage\":\"en-US\",\"@id\":\"https:\/\/boliviacontigo.com\/en\/product\/cunape-abizcochado-crocsitos\/#primaryimage\",\"url\":\"https:\/\/boliviacontigo.com\/wp-content\/uploads\/2024\/03\/cunape-abizcochado-crocsitos-delicroc.jpg\",\"contentUrl\":\"https:\/\/boliviacontigo.com\/wp-content\/uploads\/2024\/03\/cunape-abizcochado-crocsitos-delicroc.jpg\",\"width\":1500,\"height\":1500},{\"@type\":\"BreadcrumbList\",\"@id\":\"https:\/\/boliviacontigo.com\/en\/product\/cunape-abizcochado-crocsitos\/#breadcrumb\",\"itemListElement\":[{\"@type\":\"ListItem\",\"position\":1,\"name\":\"Home\",\"item\":\"https:\/\/boliviacontigo.com\/en\/\"},{\"@type\":\"ListItem\",\"position\":2,\"name\":\"Productos\",\"item\":\"https:\/\/boliviacontigo.com\/en\/productos\/\"},{\"@type\":\"ListItem\",\"position\":3,\"name\":\"Cu\u00f1ape Abizcochado Crocsitos\"}]},{\"@type\":\"WebSite\",\"@id\":\"https:\/\/boliviacontigo.com\/en\/#website\",\"url\":\"https:\/\/boliviacontigo.com\/en\/\",\"name\":\"Bolivia Contigo\",\"description\":\"Bolivia Contigo\",\"potentialAction\":[{\"@type\":\"SearchAction\",\"target\":{\"@type\":\"EntryPoint\",\"urlTemplate\":\"https:\/\/boliviacontigo.com\/en\/?s={search_term_string}\"},\"query-input\":{\"@type\":\"PropertyValueSpecification\",\"valueRequired\":true,\"valueName\":\"search_term_string\"}}],\"inLanguage\":\"en-US\"}]}<\/script>\n<!-- \/ Yoast SEO plugin. -->","yoast_head_json":{"title":"Cu\u00f1ape Abizcochado Crocsitos - Bolivia Contigo","description":"Descubre el aut\u00e9ntico sabor del Cu\u00f1ape Abizcochado Crocsitos, una delicia tradicional ideal para compartir. Perfecto para tus meriendas o como snack.","robots":{"index":"index","follow":"follow","max-snippet":"max-snippet:-1","max-image-preview":"max-image-preview:large","max-video-preview":"max-video-preview:-1"},"canonical":"https:\/\/boliviacontigo.com\/en\/product\/cunape-abizcochado-crocsitos\/","og_locale":"en_US","og_type":"article","og_title":"Cu\u00f1ape Abizcochado Crocsitos - Bolivia Contigo","og_description":"Descubre el aut\u00e9ntico sabor del Cu\u00f1ape Abizcochado Crocsitos, una delicia tradicional ideal para compartir. Perfecto para tus meriendas o como snack.","og_url":"https:\/\/boliviacontigo.com\/en\/product\/cunape-abizcochado-crocsitos\/","og_site_name":"Bolivia Contigo","article_modified_time":"2025-09-10T18:14:01+00:00","og_image":[{"width":1500,"height":1500,"url":"https:\/\/boliviacontigo.com\/wp-content\/uploads\/2024\/03\/cunape-abizcochado-crocsitos-delicroc.jpg","type":"image\/jpeg"}],"twitter_card":"summary_large_image","twitter_misc":{"Est. reading time":"1 minute"},"schema":{"@context":"https:\/\/schema.org","@graph":[{"@type":"WebPage","@id":"https:\/\/boliviacontigo.com\/en\/product\/cunape-abizcochado-crocsitos\/","url":"https:\/\/boliviacontigo.com\/en\/product\/cunape-abizcochado-crocsitos\/","name":"Cu\u00f1ape Abizcochado Crocsitos - Bolivia Contigo","isPartOf":{"@id":"https:\/\/boliviacontigo.com\/en\/#website"},"primaryImageOfPage":{"@id":"https:\/\/boliviacontigo.com\/en\/product\/cunape-abizcochado-crocsitos\/#primaryimage"},"image":{"@id":"https:\/\/boliviacontigo.com\/en\/product\/cunape-abizcochado-crocsitos\/#primaryimage"},"thumbnailUrl":"https:\/\/boliviacontigo.com\/wp-content\/uploads\/2024\/03\/cunape-abizcochado-crocsitos-delicroc.jpg","datePublished":"2022-06-13T19:40:28+00:00","dateModified":"2025-09-10T18:14:01+00:00","description":"Descubre el aut\u00e9ntico sabor del Cu\u00f1ape Abizcochado Crocsitos, una delicia tradicional ideal para compartir. Perfecto para tus meriendas o como snack.","breadcrumb":{"@id":"https:\/\/boliviacontigo.com\/en\/product\/cunape-abizcochado-crocsitos\/#breadcrumb"},"inLanguage":"en-US","potentialAction":[{"@type":"ReadAction","target":["https:\/\/boliviacontigo.com\/en\/product\/cunape-abizcochado-crocsitos\/"]}]},{"@type":"ImageObject","inLanguage":"en-US","@id":"https:\/\/boliviacontigo.com\/en\/product\/cunape-abizcochado-crocsitos\/#primaryimage","url":"https:\/\/boliviacontigo.com\/wp-content\/uploads\/2024\/03\/cunape-abizcochado-crocsitos-delicroc.jpg","contentUrl":"https:\/\/boliviacontigo.com\/wp-content\/uploads\/2024\/03\/cunape-abizcochado-crocsitos-delicroc.jpg","width":1500,"height":1500},{"@type":"BreadcrumbList","@id":"https:\/\/boliviacontigo.com\/en\/product\/cunape-abizcochado-crocsitos\/#breadcrumb","itemListElement":[{"@type":"ListItem","position":1,"name":"Home","item":"https:\/\/boliviacontigo.com\/en\/"},{"@type":"ListItem","position":2,"name":"Productos","item":"https:\/\/boliviacontigo.com\/en\/productos\/"},{"@type":"ListItem","position":3,"name":"Cu\u00f1ape Abizcochado Crocsitos"}]},{"@type":"WebSite","@id":"https:\/\/boliviacontigo.com\/en\/#website","url":"https:\/\/boliviacontigo.com\/en\/","name":"Bolivia Contigo","description":"Bolivia Contigo","potentialAction":[{"@type":"SearchAction","target":{"@type":"EntryPoint","urlTemplate":"https:\/\/boliviacontigo.com\/en\/?s={search_term_string}"},"query-input":{"@type":"PropertyValueSpecification","valueRequired":true,"valueName":"search_term_string"}}],"inLanguage":"en-US"}]}},"jetpack_sharing_enabled":true,"_links":{"self":[{"href":"https:\/\/boliviacontigo.com\/en\/wp-json\/wp\/v2\/product\/11261","targetHints":{"allow":["GET"]}}],"collection":[{"href":"https:\/\/boliviacontigo.com\/en\/wp-json\/wp\/v2\/product"}],"about":[{"href":"https:\/\/boliviacontigo.com\/en\/wp-json\/wp\/v2\/types\/product"}],"wp:featuredmedia":[{"embeddable":true,"href":"https:\/\/boliviacontigo.com\/en\/wp-json\/wp\/v2\/media\/12630"}],"wp:attachment":[{"href":"https:\/\/boliviacontigo.com\/en\/wp-json\/wp\/v2\/media?parent=11261"}],"wp:term":[{"taxonomy":"product_brand","embeddable":true,"href":"https:\/\/boliviacontigo.com\/en\/wp-json\/wp\/v2\/product_brand?post=11261"},{"taxonomy":"product_cat","embeddable":true,"href":"https:\/\/boliviacontigo.com\/en\/wp-json\/wp\/v2\/product_cat?post=11261"},{"taxonomy":"product_tag","embeddable":true,"href":"https:\/\/boliviacontigo.com\/en\/wp-json\/wp\/v2\/product_tag?post=11261"},{"taxonomy":"brand","embeddable":true,"href":"https:\/\/boliviacontigo.com\/en\/wp-json\/wp\/v2\/brand?post=11261"}],"curies":[{"name":"wp","href":"https:\/\/api.w.org\/{rel}","templated":true}]}}