{"id":11263,"date":"2022-06-13T19:41:16","date_gmt":"2022-06-13T19:41:16","guid":{"rendered":"https:\/\/boliviacontigo.com\/?post_type=product&#038;p=11263"},"modified":"2025-01-10T15:52:31","modified_gmt":"2025-01-10T20:52:31","slug":"cunape-abizcochado-san-javier","status":"publish","type":"product","link":"https:\/\/boliviacontigo.com\/en\/product\/cunape-abizcochado-san-javier\/","title":{"rendered":"Biscuit Cu\u00f1ape San Javier"},"content":{"rendered":"<p>El Cu\u00f1ap\u00e9 Abizcochado San Javier es una exquisitez boliviana que combina la tradici\u00f3n y la calidad en cada bocado. Este producto, elaborado con ma\u00edz y queso, presenta una textura \u00fanica: crujiente por fuera y con un sutil toque de suavidad en el interior. Perfecto para acompa\u00f1ar un caf\u00e9, t\u00e9 o simplemente disfrutar como snack en cualquier momento del d\u00eda. El Cu\u00f1ap\u00e9 Abizcochado no solo refleja la rica herencia culinaria de Bolivia, sino que tambi\u00e9n ofrece un sabor aut\u00e9ntico que deleitar\u00e1 tus sentidos. San Javier garantiza la frescura y calidad de sus productos, haci\u00e9ndolo ideal para quienes buscan disfrutar de lo mejor de la tradici\u00f3n boliviana.<\/p>","protected":false},"excerpt":{"rendered":"<p>Cu\u00f1ape Abizcochado marca San Javier. Sin gluten, elaborado con ingredientes cien por cien naturales y sin conservantes. Peso neto 200gr.<\/p>","protected":false},"featured_media":12631,"template":"","meta":{"_acf_changed":false},"product_brand":[],"product_cat":[464,475],"product_tag":[],"brand":[615],"class_list":{"0":"post-11263","1":"product","2":"type-product","3":"status-publish","4":"has-post-thumbnail","6":"product_cat-alimentos-y-bebidas","7":"product_cat-snacks-aperitivos","8":"brand-san-javier","10":"first","11":"outofstock","12":"featured","13":"taxable","14":"shipping-taxable","15":"purchasable","16":"product-type-simple"},"supplier_id":null,"supplier_sku":"","barcode":null,"atum_controlled":true,"out_stock_date":"2024-12-26 00:57:40","out_stock_threshold":null,"inheritable":false,"inbound_stock":0,"stock_on_hold":0,"sold_today":0,"sales_last_days":0,"reserved_stock":0,"customer_returns":0,"warehouse_damage":0,"lost_in_post":0,"other_logs":0,"out_stock_days":477,"lost_sales":0,"has_location":false,"update_date":"2026-04-17T08:04:58","atum_locations":[],"atum_stock_status":"outofstock","restock_status":false,"low_stock_amount":2,"sales_update_date":"2026-04-17T08:04:58","calc_backorders":null,"acf":[],"yoast_head":"<!-- This site is optimized with the Yoast SEO plugin v24.9 - https:\/\/yoast.com\/wordpress\/plugins\/seo\/ -->\n<title>Cu\u00f1ape Abizcochado San Javier - Bolivia Contigo<\/title>\n<meta name=\"description\" content=\"Disfruta del aut\u00e9ntico sabor boliviano con el Cu\u00f1ap\u00e9 Abizcochado San Javier, una delicia tradicional crujiente y llena de sabor.\" \/>\n<meta name=\"robots\" content=\"index, follow, max-snippet:-1, max-image-preview:large, max-video-preview:-1\" \/>\n<link rel=\"canonical\" href=\"https:\/\/boliviacontigo.com\/en\/product\/cunape-abizcochado-san-javier\/\" \/>\n<meta property=\"og:locale\" content=\"en_US\" \/>\n<meta property=\"og:type\" content=\"article\" \/>\n<meta property=\"og:title\" content=\"Cu\u00f1ape Abizcochado San Javier - Bolivia Contigo\" \/>\n<meta property=\"og:description\" content=\"Disfruta del aut\u00e9ntico sabor boliviano con el Cu\u00f1ap\u00e9 Abizcochado San Javier, una delicia tradicional crujiente y llena de sabor.\" \/>\n<meta property=\"og:url\" content=\"https:\/\/boliviacontigo.com\/en\/product\/cunape-abizcochado-san-javier\/\" \/>\n<meta property=\"og:site_name\" content=\"Bolivia Contigo\" \/>\n<meta property=\"article:modified_time\" content=\"2025-01-10T20:52:31+00:00\" \/>\n<meta property=\"og:image\" content=\"https:\/\/boliviacontigo.com\/wp-content\/uploads\/2024\/03\/cunape-abizcochado-san-javier.jpg\" \/>\n\t<meta property=\"og:image:width\" content=\"1500\" \/>\n\t<meta property=\"og:image:height\" content=\"1500\" \/>\n\t<meta property=\"og:image:type\" content=\"image\/jpeg\" \/>\n<meta name=\"twitter:card\" content=\"summary_large_image\" \/>\n<meta name=\"twitter:label1\" content=\"Est. reading time\" \/>\n\t<meta name=\"twitter:data1\" content=\"1 minute\" \/>\n<script type=\"application\/ld+json\" class=\"yoast-schema-graph\">{\"@context\":\"https:\/\/schema.org\",\"@graph\":[{\"@type\":\"WebPage\",\"@id\":\"https:\/\/boliviacontigo.com\/en\/product\/cunape-abizcochado-san-javier\/\",\"url\":\"https:\/\/boliviacontigo.com\/en\/product\/cunape-abizcochado-san-javier\/\",\"name\":\"Cu\u00f1ape Abizcochado San Javier - Bolivia Contigo\",\"isPartOf\":{\"@id\":\"https:\/\/boliviacontigo.com\/en\/#website\"},\"primaryImageOfPage\":{\"@id\":\"https:\/\/boliviacontigo.com\/en\/product\/cunape-abizcochado-san-javier\/#primaryimage\"},\"image\":{\"@id\":\"https:\/\/boliviacontigo.com\/en\/product\/cunape-abizcochado-san-javier\/#primaryimage\"},\"thumbnailUrl\":\"https:\/\/boliviacontigo.com\/wp-content\/uploads\/2024\/03\/cunape-abizcochado-san-javier.jpg\",\"datePublished\":\"2022-06-13T19:41:16+00:00\",\"dateModified\":\"2025-01-10T20:52:31+00:00\",\"description\":\"Disfruta del aut\u00e9ntico sabor boliviano con el Cu\u00f1ap\u00e9 Abizcochado San Javier, una delicia tradicional crujiente y llena de sabor.\",\"breadcrumb\":{\"@id\":\"https:\/\/boliviacontigo.com\/en\/product\/cunape-abizcochado-san-javier\/#breadcrumb\"},\"inLanguage\":\"en-US\",\"potentialAction\":[{\"@type\":\"ReadAction\",\"target\":[\"https:\/\/boliviacontigo.com\/en\/product\/cunape-abizcochado-san-javier\/\"]}]},{\"@type\":\"ImageObject\",\"inLanguage\":\"en-US\",\"@id\":\"https:\/\/boliviacontigo.com\/en\/product\/cunape-abizcochado-san-javier\/#primaryimage\",\"url\":\"https:\/\/boliviacontigo.com\/wp-content\/uploads\/2024\/03\/cunape-abizcochado-san-javier.jpg\",\"contentUrl\":\"https:\/\/boliviacontigo.com\/wp-content\/uploads\/2024\/03\/cunape-abizcochado-san-javier.jpg\",\"width\":1500,\"height\":1500,\"caption\":\"San Javier Biscuit Cu\u00f1ape\"},{\"@type\":\"BreadcrumbList\",\"@id\":\"https:\/\/boliviacontigo.com\/en\/product\/cunape-abizcochado-san-javier\/#breadcrumb\",\"itemListElement\":[{\"@type\":\"ListItem\",\"position\":1,\"name\":\"Home\",\"item\":\"https:\/\/boliviacontigo.com\/en\/\"},{\"@type\":\"ListItem\",\"position\":2,\"name\":\"Productos\",\"item\":\"https:\/\/boliviacontigo.com\/en\/productos\/\"},{\"@type\":\"ListItem\",\"position\":3,\"name\":\"Cu\u00f1ape Abizcochado San Javier\"}]},{\"@type\":\"WebSite\",\"@id\":\"https:\/\/boliviacontigo.com\/en\/#website\",\"url\":\"https:\/\/boliviacontigo.com\/en\/\",\"name\":\"Bolivia Contigo\",\"description\":\"Bolivia Contigo\",\"potentialAction\":[{\"@type\":\"SearchAction\",\"target\":{\"@type\":\"EntryPoint\",\"urlTemplate\":\"https:\/\/boliviacontigo.com\/en\/?s={search_term_string}\"},\"query-input\":{\"@type\":\"PropertyValueSpecification\",\"valueRequired\":true,\"valueName\":\"search_term_string\"}}],\"inLanguage\":\"en-US\"}]}<\/script>\n<!-- \/ Yoast SEO plugin. -->","yoast_head_json":{"title":"Cu\u00f1ape Abizcochado San Javier - Bolivia Contigo","description":"Disfruta del aut\u00e9ntico sabor boliviano con el Cu\u00f1ap\u00e9 Abizcochado San Javier, una delicia tradicional crujiente y llena de sabor.","robots":{"index":"index","follow":"follow","max-snippet":"max-snippet:-1","max-image-preview":"max-image-preview:large","max-video-preview":"max-video-preview:-1"},"canonical":"https:\/\/boliviacontigo.com\/en\/product\/cunape-abizcochado-san-javier\/","og_locale":"en_US","og_type":"article","og_title":"Cu\u00f1ape Abizcochado San Javier - Bolivia Contigo","og_description":"Disfruta del aut\u00e9ntico sabor boliviano con el Cu\u00f1ap\u00e9 Abizcochado San Javier, una delicia tradicional crujiente y llena de sabor.","og_url":"https:\/\/boliviacontigo.com\/en\/product\/cunape-abizcochado-san-javier\/","og_site_name":"Bolivia Contigo","article_modified_time":"2025-01-10T20:52:31+00:00","og_image":[{"width":1500,"height":1500,"url":"https:\/\/boliviacontigo.com\/wp-content\/uploads\/2024\/03\/cunape-abizcochado-san-javier.jpg","type":"image\/jpeg"}],"twitter_card":"summary_large_image","twitter_misc":{"Est. reading time":"1 minute"},"schema":{"@context":"https:\/\/schema.org","@graph":[{"@type":"WebPage","@id":"https:\/\/boliviacontigo.com\/en\/product\/cunape-abizcochado-san-javier\/","url":"https:\/\/boliviacontigo.com\/en\/product\/cunape-abizcochado-san-javier\/","name":"Cu\u00f1ape Abizcochado San Javier - Bolivia Contigo","isPartOf":{"@id":"https:\/\/boliviacontigo.com\/en\/#website"},"primaryImageOfPage":{"@id":"https:\/\/boliviacontigo.com\/en\/product\/cunape-abizcochado-san-javier\/#primaryimage"},"image":{"@id":"https:\/\/boliviacontigo.com\/en\/product\/cunape-abizcochado-san-javier\/#primaryimage"},"thumbnailUrl":"https:\/\/boliviacontigo.com\/wp-content\/uploads\/2024\/03\/cunape-abizcochado-san-javier.jpg","datePublished":"2022-06-13T19:41:16+00:00","dateModified":"2025-01-10T20:52:31+00:00","description":"Disfruta del aut\u00e9ntico sabor boliviano con el Cu\u00f1ap\u00e9 Abizcochado San Javier, una delicia tradicional crujiente y llena de sabor.","breadcrumb":{"@id":"https:\/\/boliviacontigo.com\/en\/product\/cunape-abizcochado-san-javier\/#breadcrumb"},"inLanguage":"en-US","potentialAction":[{"@type":"ReadAction","target":["https:\/\/boliviacontigo.com\/en\/product\/cunape-abizcochado-san-javier\/"]}]},{"@type":"ImageObject","inLanguage":"en-US","@id":"https:\/\/boliviacontigo.com\/en\/product\/cunape-abizcochado-san-javier\/#primaryimage","url":"https:\/\/boliviacontigo.com\/wp-content\/uploads\/2024\/03\/cunape-abizcochado-san-javier.jpg","contentUrl":"https:\/\/boliviacontigo.com\/wp-content\/uploads\/2024\/03\/cunape-abizcochado-san-javier.jpg","width":1500,"height":1500,"caption":"San Javier Biscuit Cu\u00f1ape"},{"@type":"BreadcrumbList","@id":"https:\/\/boliviacontigo.com\/en\/product\/cunape-abizcochado-san-javier\/#breadcrumb","itemListElement":[{"@type":"ListItem","position":1,"name":"Home","item":"https:\/\/boliviacontigo.com\/en\/"},{"@type":"ListItem","position":2,"name":"Productos","item":"https:\/\/boliviacontigo.com\/en\/productos\/"},{"@type":"ListItem","position":3,"name":"Cu\u00f1ape Abizcochado San Javier"}]},{"@type":"WebSite","@id":"https:\/\/boliviacontigo.com\/en\/#website","url":"https:\/\/boliviacontigo.com\/en\/","name":"Bolivia Contigo","description":"Bolivia Contigo","potentialAction":[{"@type":"SearchAction","target":{"@type":"EntryPoint","urlTemplate":"https:\/\/boliviacontigo.com\/en\/?s={search_term_string}"},"query-input":{"@type":"PropertyValueSpecification","valueRequired":true,"valueName":"search_term_string"}}],"inLanguage":"en-US"}]}},"jetpack_sharing_enabled":true,"_links":{"self":[{"href":"https:\/\/boliviacontigo.com\/en\/wp-json\/wp\/v2\/product\/11263","targetHints":{"allow":["GET"]}}],"collection":[{"href":"https:\/\/boliviacontigo.com\/en\/wp-json\/wp\/v2\/product"}],"about":[{"href":"https:\/\/boliviacontigo.com\/en\/wp-json\/wp\/v2\/types\/product"}],"wp:featuredmedia":[{"embeddable":true,"href":"https:\/\/boliviacontigo.com\/en\/wp-json\/wp\/v2\/media\/12631"}],"wp:attachment":[{"href":"https:\/\/boliviacontigo.com\/en\/wp-json\/wp\/v2\/media?parent=11263"}],"wp:term":[{"taxonomy":"product_brand","embeddable":true,"href":"https:\/\/boliviacontigo.com\/en\/wp-json\/wp\/v2\/product_brand?post=11263"},{"taxonomy":"product_cat","embeddable":true,"href":"https:\/\/boliviacontigo.com\/en\/wp-json\/wp\/v2\/product_cat?post=11263"},{"taxonomy":"product_tag","embeddable":true,"href":"https:\/\/boliviacontigo.com\/en\/wp-json\/wp\/v2\/product_tag?post=11263"},{"taxonomy":"brand","embeddable":true,"href":"https:\/\/boliviacontigo.com\/en\/wp-json\/wp\/v2\/brand?post=11263"}],"curies":[{"name":"wp","href":"https:\/\/api.w.org\/{rel}","templated":true}]}}