{"id":11267,"date":"2022-06-13T19:43:27","date_gmt":"2022-06-13T19:43:27","guid":{"rendered":"https:\/\/boliviacontigo.com\/?post_type=product&#038;p=11267"},"modified":"2025-03-08T13:25:39","modified_gmt":"2025-03-08T18:25:39","slug":"tableta-chocolate-de-leche","status":"publish","type":"product","link":"https:\/\/boliviacontigo.com\/en\/product\/tableta-chocolate-de-leche\/","title":{"rendered":"Milk Chocolate Bar"},"content":{"rendered":"<p>La Tableta de Chocolate de Leche es una delicia suave y cremosa que te conquistar\u00e1 con su sabor dulce y su textura sedosa. Hecha con los mejores ingredientes, esta tableta ofrece el equilibrio perfecto entre el chocolate suave y la dulzura de la leche, creando una experiencia \u00fanica en cada bocado. Ideal para quienes disfrutan del chocolate en su forma m\u00e1s cl\u00e1sica, la Tableta de Chocolate de Leche es perfecta para acompa\u00f1ar tu caf\u00e9, como snack o para darte un capricho en cualquier momento del d\u00eda. Un dulce imprescindible para los verdaderos amantes del chocolate.<\/p>","protected":false},"excerpt":{"rendered":"<p>Tableta de chocolate con leche. Chocolate con leche El Ceibo finamente elaborado a partir de cacao puro, totalmente artesanal con ingredientes 100% org\u00e1nicos.<\/p>","protected":false},"featured_media":12633,"template":"","meta":{"_acf_changed":false},"product_brand":[],"product_cat":[464,465],"product_tag":[],"brand":[566],"class_list":{"0":"post-11267","1":"product","2":"type-product","3":"status-publish","4":"has-post-thumbnail","6":"product_cat-alimentos-y-bebidas","7":"product_cat-chocolate-dulces","8":"brand-el-ceibo","10":"first","11":"outofstock","12":"taxable","13":"shipping-taxable","14":"purchasable","15":"product-type-simple"},"supplier_id":null,"supplier_sku":"","barcode":null,"atum_controlled":true,"out_stock_date":"2025-03-08 13:25:39","out_stock_threshold":null,"inheritable":false,"inbound_stock":0,"stock_on_hold":0,"sold_today":0,"sales_last_days":0,"reserved_stock":0,"customer_returns":0,"warehouse_damage":0,"lost_in_post":0,"other_logs":0,"out_stock_days":394,"lost_sales":0,"has_location":false,"update_date":"2026-04-07T05:54:43","atum_locations":[],"atum_stock_status":"outofstock","restock_status":false,"low_stock_amount":"","sales_update_date":"2026-04-07T05:54:43","calc_backorders":null,"acf":[],"yoast_head":"<!-- This site is optimized with the Yoast SEO plugin v24.9 - https:\/\/yoast.com\/wordpress\/plugins\/seo\/ -->\n<title>Tableta Chocolate de Leche - Bolivia Contigo<\/title>\n<meta name=\"description\" content=\"Disfruta de la suavidad y dulzura de la Tableta de Chocolate de Leche, un cl\u00e1sico irresistible para los amantes del chocolate cremoso.\" \/>\n<meta name=\"robots\" content=\"index, follow, max-snippet:-1, max-image-preview:large, max-video-preview:-1\" \/>\n<link rel=\"canonical\" href=\"https:\/\/boliviacontigo.com\/en\/product\/tableta-chocolate-de-leche\/\" \/>\n<meta property=\"og:locale\" content=\"en_US\" \/>\n<meta property=\"og:type\" content=\"article\" \/>\n<meta property=\"og:title\" content=\"Tableta Chocolate de Leche - Bolivia Contigo\" \/>\n<meta property=\"og:description\" content=\"Disfruta de la suavidad y dulzura de la Tableta de Chocolate de Leche, un cl\u00e1sico irresistible para los amantes del chocolate cremoso.\" \/>\n<meta property=\"og:url\" content=\"https:\/\/boliviacontigo.com\/en\/product\/tableta-chocolate-de-leche\/\" \/>\n<meta property=\"og:site_name\" content=\"Bolivia Contigo\" \/>\n<meta property=\"article:modified_time\" content=\"2025-03-08T18:25:39+00:00\" \/>\n<meta property=\"og:image\" content=\"https:\/\/boliviacontigo.com\/wp-content\/uploads\/2024\/03\/CHOCO-6-1000x1000h.jpg\" \/>\n\t<meta property=\"og:image:width\" content=\"1000\" \/>\n\t<meta property=\"og:image:height\" content=\"1000\" \/>\n\t<meta property=\"og:image:type\" content=\"image\/jpeg\" \/>\n<meta name=\"twitter:card\" content=\"summary_large_image\" \/>\n<meta name=\"twitter:label1\" content=\"Est. reading time\" \/>\n\t<meta name=\"twitter:data1\" content=\"1 minute\" \/>\n<script type=\"application\/ld+json\" class=\"yoast-schema-graph\">{\"@context\":\"https:\/\/schema.org\",\"@graph\":[{\"@type\":\"WebPage\",\"@id\":\"https:\/\/boliviacontigo.com\/en\/product\/tableta-chocolate-de-leche\/\",\"url\":\"https:\/\/boliviacontigo.com\/en\/product\/tableta-chocolate-de-leche\/\",\"name\":\"Tableta Chocolate de Leche - Bolivia Contigo\",\"isPartOf\":{\"@id\":\"https:\/\/boliviacontigo.com\/en\/#website\"},\"primaryImageOfPage\":{\"@id\":\"https:\/\/boliviacontigo.com\/en\/product\/tableta-chocolate-de-leche\/#primaryimage\"},\"image\":{\"@id\":\"https:\/\/boliviacontigo.com\/en\/product\/tableta-chocolate-de-leche\/#primaryimage\"},\"thumbnailUrl\":\"https:\/\/boliviacontigo.com\/wp-content\/uploads\/2024\/03\/CHOCO-6-1000x1000h.jpg\",\"datePublished\":\"2022-06-13T19:43:27+00:00\",\"dateModified\":\"2025-03-08T18:25:39+00:00\",\"description\":\"Disfruta de la suavidad y dulzura de la Tableta de Chocolate de Leche, un cl\u00e1sico irresistible para los amantes del chocolate cremoso.\",\"breadcrumb\":{\"@id\":\"https:\/\/boliviacontigo.com\/en\/product\/tableta-chocolate-de-leche\/#breadcrumb\"},\"inLanguage\":\"en-US\",\"potentialAction\":[{\"@type\":\"ReadAction\",\"target\":[\"https:\/\/boliviacontigo.com\/en\/product\/tableta-chocolate-de-leche\/\"]}]},{\"@type\":\"ImageObject\",\"inLanguage\":\"en-US\",\"@id\":\"https:\/\/boliviacontigo.com\/en\/product\/tableta-chocolate-de-leche\/#primaryimage\",\"url\":\"https:\/\/boliviacontigo.com\/wp-content\/uploads\/2024\/03\/CHOCO-6-1000x1000h.jpg\",\"contentUrl\":\"https:\/\/boliviacontigo.com\/wp-content\/uploads\/2024\/03\/CHOCO-6-1000x1000h.jpg\",\"width\":1000,\"height\":1000,\"caption\":\"Milk Chocolate Bar\"},{\"@type\":\"BreadcrumbList\",\"@id\":\"https:\/\/boliviacontigo.com\/en\/product\/tableta-chocolate-de-leche\/#breadcrumb\",\"itemListElement\":[{\"@type\":\"ListItem\",\"position\":1,\"name\":\"Home\",\"item\":\"https:\/\/boliviacontigo.com\/en\/\"},{\"@type\":\"ListItem\",\"position\":2,\"name\":\"Productos\",\"item\":\"https:\/\/boliviacontigo.com\/en\/productos\/\"},{\"@type\":\"ListItem\",\"position\":3,\"name\":\"Tableta Chocolate de Leche\"}]},{\"@type\":\"WebSite\",\"@id\":\"https:\/\/boliviacontigo.com\/en\/#website\",\"url\":\"https:\/\/boliviacontigo.com\/en\/\",\"name\":\"Bolivia Contigo\",\"description\":\"Bolivia Contigo\",\"potentialAction\":[{\"@type\":\"SearchAction\",\"target\":{\"@type\":\"EntryPoint\",\"urlTemplate\":\"https:\/\/boliviacontigo.com\/en\/?s={search_term_string}\"},\"query-input\":{\"@type\":\"PropertyValueSpecification\",\"valueRequired\":true,\"valueName\":\"search_term_string\"}}],\"inLanguage\":\"en-US\"}]}<\/script>\n<!-- \/ Yoast SEO plugin. -->","yoast_head_json":{"title":"Tableta Chocolate de Leche - Bolivia Contigo","description":"Disfruta de la suavidad y dulzura de la Tableta de Chocolate de Leche, un cl\u00e1sico irresistible para los amantes del chocolate cremoso.","robots":{"index":"index","follow":"follow","max-snippet":"max-snippet:-1","max-image-preview":"max-image-preview:large","max-video-preview":"max-video-preview:-1"},"canonical":"https:\/\/boliviacontigo.com\/en\/product\/tableta-chocolate-de-leche\/","og_locale":"en_US","og_type":"article","og_title":"Tableta Chocolate de Leche - Bolivia Contigo","og_description":"Disfruta de la suavidad y dulzura de la Tableta de Chocolate de Leche, un cl\u00e1sico irresistible para los amantes del chocolate cremoso.","og_url":"https:\/\/boliviacontigo.com\/en\/product\/tableta-chocolate-de-leche\/","og_site_name":"Bolivia Contigo","article_modified_time":"2025-03-08T18:25:39+00:00","og_image":[{"width":1000,"height":1000,"url":"https:\/\/boliviacontigo.com\/wp-content\/uploads\/2024\/03\/CHOCO-6-1000x1000h.jpg","type":"image\/jpeg"}],"twitter_card":"summary_large_image","twitter_misc":{"Est. reading time":"1 minute"},"schema":{"@context":"https:\/\/schema.org","@graph":[{"@type":"WebPage","@id":"https:\/\/boliviacontigo.com\/en\/product\/tableta-chocolate-de-leche\/","url":"https:\/\/boliviacontigo.com\/en\/product\/tableta-chocolate-de-leche\/","name":"Tableta Chocolate de Leche - Bolivia Contigo","isPartOf":{"@id":"https:\/\/boliviacontigo.com\/en\/#website"},"primaryImageOfPage":{"@id":"https:\/\/boliviacontigo.com\/en\/product\/tableta-chocolate-de-leche\/#primaryimage"},"image":{"@id":"https:\/\/boliviacontigo.com\/en\/product\/tableta-chocolate-de-leche\/#primaryimage"},"thumbnailUrl":"https:\/\/boliviacontigo.com\/wp-content\/uploads\/2024\/03\/CHOCO-6-1000x1000h.jpg","datePublished":"2022-06-13T19:43:27+00:00","dateModified":"2025-03-08T18:25:39+00:00","description":"Disfruta de la suavidad y dulzura de la Tableta de Chocolate de Leche, un cl\u00e1sico irresistible para los amantes del chocolate cremoso.","breadcrumb":{"@id":"https:\/\/boliviacontigo.com\/en\/product\/tableta-chocolate-de-leche\/#breadcrumb"},"inLanguage":"en-US","potentialAction":[{"@type":"ReadAction","target":["https:\/\/boliviacontigo.com\/en\/product\/tableta-chocolate-de-leche\/"]}]},{"@type":"ImageObject","inLanguage":"en-US","@id":"https:\/\/boliviacontigo.com\/en\/product\/tableta-chocolate-de-leche\/#primaryimage","url":"https:\/\/boliviacontigo.com\/wp-content\/uploads\/2024\/03\/CHOCO-6-1000x1000h.jpg","contentUrl":"https:\/\/boliviacontigo.com\/wp-content\/uploads\/2024\/03\/CHOCO-6-1000x1000h.jpg","width":1000,"height":1000,"caption":"Milk Chocolate Bar"},{"@type":"BreadcrumbList","@id":"https:\/\/boliviacontigo.com\/en\/product\/tableta-chocolate-de-leche\/#breadcrumb","itemListElement":[{"@type":"ListItem","position":1,"name":"Home","item":"https:\/\/boliviacontigo.com\/en\/"},{"@type":"ListItem","position":2,"name":"Productos","item":"https:\/\/boliviacontigo.com\/en\/productos\/"},{"@type":"ListItem","position":3,"name":"Tableta Chocolate de Leche"}]},{"@type":"WebSite","@id":"https:\/\/boliviacontigo.com\/en\/#website","url":"https:\/\/boliviacontigo.com\/en\/","name":"Bolivia Contigo","description":"Bolivia Contigo","potentialAction":[{"@type":"SearchAction","target":{"@type":"EntryPoint","urlTemplate":"https:\/\/boliviacontigo.com\/en\/?s={search_term_string}"},"query-input":{"@type":"PropertyValueSpecification","valueRequired":true,"valueName":"search_term_string"}}],"inLanguage":"en-US"}]}},"jetpack_sharing_enabled":true,"_links":{"self":[{"href":"https:\/\/boliviacontigo.com\/en\/wp-json\/wp\/v2\/product\/11267","targetHints":{"allow":["GET"]}}],"collection":[{"href":"https:\/\/boliviacontigo.com\/en\/wp-json\/wp\/v2\/product"}],"about":[{"href":"https:\/\/boliviacontigo.com\/en\/wp-json\/wp\/v2\/types\/product"}],"wp:featuredmedia":[{"embeddable":true,"href":"https:\/\/boliviacontigo.com\/en\/wp-json\/wp\/v2\/media\/12633"}],"wp:attachment":[{"href":"https:\/\/boliviacontigo.com\/en\/wp-json\/wp\/v2\/media?parent=11267"}],"wp:term":[{"taxonomy":"product_brand","embeddable":true,"href":"https:\/\/boliviacontigo.com\/en\/wp-json\/wp\/v2\/product_brand?post=11267"},{"taxonomy":"product_cat","embeddable":true,"href":"https:\/\/boliviacontigo.com\/en\/wp-json\/wp\/v2\/product_cat?post=11267"},{"taxonomy":"product_tag","embeddable":true,"href":"https:\/\/boliviacontigo.com\/en\/wp-json\/wp\/v2\/product_tag?post=11267"},{"taxonomy":"brand","embeddable":true,"href":"https:\/\/boliviacontigo.com\/en\/wp-json\/wp\/v2\/brand?post=11267"}],"curies":[{"name":"wp","href":"https:\/\/api.w.org\/{rel}","templated":true}]}}