{"id":11278,"date":"2022-06-13T19:53:37","date_gmt":"2022-06-13T19:53:37","guid":{"rendered":"https:\/\/boliviacontigo.com\/?post_type=product&#038;p=11278"},"modified":"2025-01-10T16:31:11","modified_gmt":"2025-01-10T21:31:11","slug":"sopa-de-mani-deshidratada","status":"publish","type":"product","link":"https:\/\/boliviacontigo.com\/en\/product\/sopa-de-mani-deshidratada\/","title":{"rendered":"Peanut Dehydrated Soup"},"content":{"rendered":"<p>The Peanut Chocolate Bar is a delicious combination of high-quality chocolate and roasted peanuts, offering a perfect contrast between the smoothness of the chocolate and the crunchy texture of the peanuts. Each bite gives you a unique experience that mixes sweet and salty in a single tablet. Ideal for those looking for a tasty and energetic snack, this tablet is perfect to accompany your coffee or enjoy as a treat at any time of the day. With carefully selected ingredients, the Peanut Chocolate Bar is an irresistible sweet that you will love.<\/p>","protected":false},"excerpt":{"rendered":"<p>Sopa De Man\u00ed Deshidratada. Deliciosa sopa tradicional de man\u00ed deshidratado de Bolivia. Contenido neto de 200gr. Rinde hasta cinco porciones.<\/p>","protected":false},"featured_media":13743,"template":"","meta":{"_acf_changed":false},"product_brand":[],"product_cat":[464,606],"product_tag":[],"brand":[570],"class_list":{"0":"post-11278","1":"product","2":"type-product","3":"status-publish","4":"has-post-thumbnail","6":"product_cat-alimentos-y-bebidas","7":"product_cat-sopas-tradicionales","8":"brand-cocinero-pereira","10":"first","11":"instock","12":"taxable","13":"shipping-taxable","14":"purchasable","15":"product-type-simple"},"supplier_id":null,"supplier_sku":"","barcode":null,"atum_controlled":true,"out_stock_date":null,"out_stock_threshold":null,"inheritable":false,"inbound_stock":0,"stock_on_hold":0,"sold_today":0,"sales_last_days":0,"reserved_stock":0,"customer_returns":0,"warehouse_damage":0,"lost_in_post":0,"other_logs":0,"out_stock_days":0,"lost_sales":0,"has_location":false,"update_date":"2026-04-17T08:04:58","atum_locations":[],"atum_stock_status":"instock","restock_status":false,"low_stock_amount":"","sales_update_date":"2026-04-17T08:04:58","calc_backorders":null,"acf":[],"yoast_head":"<!-- This site is optimized with the Yoast SEO plugin v24.9 - https:\/\/yoast.com\/wordpress\/plugins\/seo\/ -->\n<title>Sopa de Mani Deshidratada - Bolivia Contigo<\/title>\n<meta name=\"description\" content=\"Disfruta de la mezcla perfecta entre el chocolate cremoso y el man\u00ed crujiente con la Tableta de Chocolate con Man\u00ed, un snack delicioso para cualquier momento del d\u00eda.\" \/>\n<meta name=\"robots\" content=\"index, follow, max-snippet:-1, max-image-preview:large, max-video-preview:-1\" \/>\n<link rel=\"canonical\" href=\"https:\/\/boliviacontigo.com\/en\/product\/sopa-de-mani-deshidratada\/\" \/>\n<meta property=\"og:locale\" content=\"en_US\" \/>\n<meta property=\"og:type\" content=\"article\" \/>\n<meta property=\"og:title\" content=\"Sopa de Mani Deshidratada - Bolivia Contigo\" \/>\n<meta property=\"og:description\" content=\"Disfruta de la mezcla perfecta entre el chocolate cremoso y el man\u00ed crujiente con la Tableta de Chocolate con Man\u00ed, un snack delicioso para cualquier momento del d\u00eda.\" \/>\n<meta property=\"og:url\" content=\"https:\/\/boliviacontigo.com\/en\/product\/sopa-de-mani-deshidratada\/\" \/>\n<meta property=\"og:site_name\" content=\"Bolivia Contigo\" \/>\n<meta property=\"article:modified_time\" content=\"2025-01-10T21:31:11+00:00\" \/>\n<meta property=\"og:image\" content=\"https:\/\/boliviacontigo.com\/wp-content\/uploads\/2022\/06\/Sopa-de-Mani-1024x1024-1.png\" \/>\n\t<meta property=\"og:image:width\" content=\"1024\" \/>\n\t<meta property=\"og:image:height\" content=\"1024\" \/>\n\t<meta property=\"og:image:type\" content=\"image\/png\" \/>\n<meta name=\"twitter:card\" content=\"summary_large_image\" \/>\n<meta name=\"twitter:label1\" content=\"Est. reading time\" \/>\n\t<meta name=\"twitter:data1\" content=\"1 minute\" \/>\n<script type=\"application\/ld+json\" class=\"yoast-schema-graph\">{\"@context\":\"https:\/\/schema.org\",\"@graph\":[{\"@type\":\"WebPage\",\"@id\":\"https:\/\/boliviacontigo.com\/en\/product\/sopa-de-mani-deshidratada\/\",\"url\":\"https:\/\/boliviacontigo.com\/en\/product\/sopa-de-mani-deshidratada\/\",\"name\":\"Sopa de Mani Deshidratada - Bolivia Contigo\",\"isPartOf\":{\"@id\":\"https:\/\/boliviacontigo.com\/en\/#website\"},\"primaryImageOfPage\":{\"@id\":\"https:\/\/boliviacontigo.com\/en\/product\/sopa-de-mani-deshidratada\/#primaryimage\"},\"image\":{\"@id\":\"https:\/\/boliviacontigo.com\/en\/product\/sopa-de-mani-deshidratada\/#primaryimage\"},\"thumbnailUrl\":\"https:\/\/boliviacontigo.com\/wp-content\/uploads\/2022\/06\/Sopa-de-Mani-1024x1024-1.png\",\"datePublished\":\"2022-06-13T19:53:37+00:00\",\"dateModified\":\"2025-01-10T21:31:11+00:00\",\"description\":\"Disfruta de la mezcla perfecta entre el chocolate cremoso y el man\u00ed crujiente con la Tableta de Chocolate con Man\u00ed, un snack delicioso para cualquier momento del d\u00eda.\",\"breadcrumb\":{\"@id\":\"https:\/\/boliviacontigo.com\/en\/product\/sopa-de-mani-deshidratada\/#breadcrumb\"},\"inLanguage\":\"en-US\",\"potentialAction\":[{\"@type\":\"ReadAction\",\"target\":[\"https:\/\/boliviacontigo.com\/en\/product\/sopa-de-mani-deshidratada\/\"]}]},{\"@type\":\"ImageObject\",\"inLanguage\":\"en-US\",\"@id\":\"https:\/\/boliviacontigo.com\/en\/product\/sopa-de-mani-deshidratada\/#primaryimage\",\"url\":\"https:\/\/boliviacontigo.com\/wp-content\/uploads\/2022\/06\/Sopa-de-Mani-1024x1024-1.png\",\"contentUrl\":\"https:\/\/boliviacontigo.com\/wp-content\/uploads\/2022\/06\/Sopa-de-Mani-1024x1024-1.png\",\"width\":1024,\"height\":1024,\"caption\":\"Sopa Man\u00ed\"},{\"@type\":\"BreadcrumbList\",\"@id\":\"https:\/\/boliviacontigo.com\/en\/product\/sopa-de-mani-deshidratada\/#breadcrumb\",\"itemListElement\":[{\"@type\":\"ListItem\",\"position\":1,\"name\":\"Home\",\"item\":\"https:\/\/boliviacontigo.com\/en\/\"},{\"@type\":\"ListItem\",\"position\":2,\"name\":\"Productos\",\"item\":\"https:\/\/boliviacontigo.com\/en\/productos\/\"},{\"@type\":\"ListItem\",\"position\":3,\"name\":\"Sopa de Mani Deshidratada\"}]},{\"@type\":\"WebSite\",\"@id\":\"https:\/\/boliviacontigo.com\/en\/#website\",\"url\":\"https:\/\/boliviacontigo.com\/en\/\",\"name\":\"Bolivia Contigo\",\"description\":\"Bolivia Contigo\",\"potentialAction\":[{\"@type\":\"SearchAction\",\"target\":{\"@type\":\"EntryPoint\",\"urlTemplate\":\"https:\/\/boliviacontigo.com\/en\/?s={search_term_string}\"},\"query-input\":{\"@type\":\"PropertyValueSpecification\",\"valueRequired\":true,\"valueName\":\"search_term_string\"}}],\"inLanguage\":\"en-US\"}]}<\/script>\n<!-- \/ Yoast SEO plugin. -->","yoast_head_json":{"title":"Sopa de Mani Deshidratada - Bolivia Contigo","description":"Disfruta de la mezcla perfecta entre el chocolate cremoso y el man\u00ed crujiente con la Tableta de Chocolate con Man\u00ed, un snack delicioso para cualquier momento del d\u00eda.","robots":{"index":"index","follow":"follow","max-snippet":"max-snippet:-1","max-image-preview":"max-image-preview:large","max-video-preview":"max-video-preview:-1"},"canonical":"https:\/\/boliviacontigo.com\/en\/product\/sopa-de-mani-deshidratada\/","og_locale":"en_US","og_type":"article","og_title":"Sopa de Mani Deshidratada - Bolivia Contigo","og_description":"Disfruta de la mezcla perfecta entre el chocolate cremoso y el man\u00ed crujiente con la Tableta de Chocolate con Man\u00ed, un snack delicioso para cualquier momento del d\u00eda.","og_url":"https:\/\/boliviacontigo.com\/en\/product\/sopa-de-mani-deshidratada\/","og_site_name":"Bolivia Contigo","article_modified_time":"2025-01-10T21:31:11+00:00","og_image":[{"width":1024,"height":1024,"url":"https:\/\/boliviacontigo.com\/wp-content\/uploads\/2022\/06\/Sopa-de-Mani-1024x1024-1.png","type":"image\/png"}],"twitter_card":"summary_large_image","twitter_misc":{"Est. reading time":"1 minute"},"schema":{"@context":"https:\/\/schema.org","@graph":[{"@type":"WebPage","@id":"https:\/\/boliviacontigo.com\/en\/product\/sopa-de-mani-deshidratada\/","url":"https:\/\/boliviacontigo.com\/en\/product\/sopa-de-mani-deshidratada\/","name":"Sopa de Mani Deshidratada - Bolivia Contigo","isPartOf":{"@id":"https:\/\/boliviacontigo.com\/en\/#website"},"primaryImageOfPage":{"@id":"https:\/\/boliviacontigo.com\/en\/product\/sopa-de-mani-deshidratada\/#primaryimage"},"image":{"@id":"https:\/\/boliviacontigo.com\/en\/product\/sopa-de-mani-deshidratada\/#primaryimage"},"thumbnailUrl":"https:\/\/boliviacontigo.com\/wp-content\/uploads\/2022\/06\/Sopa-de-Mani-1024x1024-1.png","datePublished":"2022-06-13T19:53:37+00:00","dateModified":"2025-01-10T21:31:11+00:00","description":"Disfruta de la mezcla perfecta entre el chocolate cremoso y el man\u00ed crujiente con la Tableta de Chocolate con Man\u00ed, un snack delicioso para cualquier momento del d\u00eda.","breadcrumb":{"@id":"https:\/\/boliviacontigo.com\/en\/product\/sopa-de-mani-deshidratada\/#breadcrumb"},"inLanguage":"en-US","potentialAction":[{"@type":"ReadAction","target":["https:\/\/boliviacontigo.com\/en\/product\/sopa-de-mani-deshidratada\/"]}]},{"@type":"ImageObject","inLanguage":"en-US","@id":"https:\/\/boliviacontigo.com\/en\/product\/sopa-de-mani-deshidratada\/#primaryimage","url":"https:\/\/boliviacontigo.com\/wp-content\/uploads\/2022\/06\/Sopa-de-Mani-1024x1024-1.png","contentUrl":"https:\/\/boliviacontigo.com\/wp-content\/uploads\/2022\/06\/Sopa-de-Mani-1024x1024-1.png","width":1024,"height":1024,"caption":"Sopa Man\u00ed"},{"@type":"BreadcrumbList","@id":"https:\/\/boliviacontigo.com\/en\/product\/sopa-de-mani-deshidratada\/#breadcrumb","itemListElement":[{"@type":"ListItem","position":1,"name":"Home","item":"https:\/\/boliviacontigo.com\/en\/"},{"@type":"ListItem","position":2,"name":"Productos","item":"https:\/\/boliviacontigo.com\/en\/productos\/"},{"@type":"ListItem","position":3,"name":"Sopa de Mani Deshidratada"}]},{"@type":"WebSite","@id":"https:\/\/boliviacontigo.com\/en\/#website","url":"https:\/\/boliviacontigo.com\/en\/","name":"Bolivia Contigo","description":"Bolivia Contigo","potentialAction":[{"@type":"SearchAction","target":{"@type":"EntryPoint","urlTemplate":"https:\/\/boliviacontigo.com\/en\/?s={search_term_string}"},"query-input":{"@type":"PropertyValueSpecification","valueRequired":true,"valueName":"search_term_string"}}],"inLanguage":"en-US"}]}},"jetpack_sharing_enabled":true,"_links":{"self":[{"href":"https:\/\/boliviacontigo.com\/en\/wp-json\/wp\/v2\/product\/11278","targetHints":{"allow":["GET"]}}],"collection":[{"href":"https:\/\/boliviacontigo.com\/en\/wp-json\/wp\/v2\/product"}],"about":[{"href":"https:\/\/boliviacontigo.com\/en\/wp-json\/wp\/v2\/types\/product"}],"wp:featuredmedia":[{"embeddable":true,"href":"https:\/\/boliviacontigo.com\/en\/wp-json\/wp\/v2\/media\/13743"}],"wp:attachment":[{"href":"https:\/\/boliviacontigo.com\/en\/wp-json\/wp\/v2\/media?parent=11278"}],"wp:term":[{"taxonomy":"product_brand","embeddable":true,"href":"https:\/\/boliviacontigo.com\/en\/wp-json\/wp\/v2\/product_brand?post=11278"},{"taxonomy":"product_cat","embeddable":true,"href":"https:\/\/boliviacontigo.com\/en\/wp-json\/wp\/v2\/product_cat?post=11278"},{"taxonomy":"product_tag","embeddable":true,"href":"https:\/\/boliviacontigo.com\/en\/wp-json\/wp\/v2\/product_tag?post=11278"},{"taxonomy":"brand","embeddable":true,"href":"https:\/\/boliviacontigo.com\/en\/wp-json\/wp\/v2\/brand?post=11278"}],"curies":[{"name":"wp","href":"https:\/\/api.w.org\/{rel}","templated":true}]}}