{"id":11316,"date":"2022-06-14T10:36:16","date_gmt":"2022-06-14T10:36:16","guid":{"rendered":"https:\/\/boliviacontigo.com\/?post_type=product&#038;p=11316"},"modified":"2025-03-08T13:25:39","modified_gmt":"2025-03-08T18:25:39","slug":"grageas-de-pasas-con-chocolate","status":"publish","type":"product","link":"https:\/\/boliviacontigo.com\/en\/product\/grageas-de-pasas-con-chocolate\/","title":{"rendered":"Chocolate Raisin Dragees"},"content":{"rendered":"<p>Las Grageas de Pasas con Chocolate ofrecen una experiencia \u00fanica que combina la dulzura de las pasas con la suavidad y cremosidad del chocolate. Cada gragea est\u00e1 cubierta por una capa de chocolate de alta calidad que se funde en la boca, mientras que las pasas aportan un toque de dulzura natural y una textura ligeramente masticable. Este contraste de sabores y texturas convierte a las Grageas de Pasas con Chocolate en el snack ideal para disfrutar en cualquier momento del d\u00eda. Ya sea como un peque\u00f1o capricho o para acompa\u00f1ar tu caf\u00e9, estas grageas te brindan una deliciosa forma de consentirte.<\/p>","protected":false},"excerpt":{"rendered":"<p>Grageas de chocolate y pasas. Deliciosas grageas de pasas ba\u00f1adas en chocolate El Ceibo, finamente elaboradas a partir de puro cacao, totalmente artesanales.<\/p>","protected":false},"featured_media":12656,"template":"","meta":{"_acf_changed":false},"product_brand":[],"product_cat":[464,465],"product_tag":[],"brand":[566],"class_list":{"0":"post-11316","1":"product","2":"type-product","3":"status-publish","4":"has-post-thumbnail","6":"product_cat-alimentos-y-bebidas","7":"product_cat-chocolate-dulces","8":"brand-el-ceibo","10":"first","11":"instock","12":"featured","13":"taxable","14":"shipping-taxable","15":"purchasable","16":"product-type-simple"},"supplier_id":null,"supplier_sku":"","barcode":null,"atum_controlled":true,"out_stock_date":null,"out_stock_threshold":null,"inheritable":false,"inbound_stock":0,"stock_on_hold":0,"sold_today":0,"sales_last_days":0,"reserved_stock":0,"customer_returns":0,"warehouse_damage":0,"lost_in_post":0,"other_logs":0,"out_stock_days":0,"lost_sales":0,"has_location":false,"update_date":"2026-04-17T08:04:58","atum_locations":[],"atum_stock_status":"instock","restock_status":false,"low_stock_amount":"","sales_update_date":"2026-04-17T08:04:58","calc_backorders":null,"acf":[],"yoast_head":"<!-- This site is optimized with the Yoast SEO plugin v24.9 - https:\/\/yoast.com\/wordpress\/plugins\/seo\/ -->\n<title>Grageas de Pasas con Chocolate - Bolivia Contigo<\/title>\n<meta name=\"description\" content=\"Disfruta de la deliciosa combinaci\u00f3n de pasas dulces y chocolate suave con las Grageas de Pasas con Chocolate, el snack perfecto para los amantes del dulce.\" \/>\n<meta name=\"robots\" content=\"index, follow, max-snippet:-1, max-image-preview:large, max-video-preview:-1\" \/>\n<link rel=\"canonical\" href=\"https:\/\/boliviacontigo.com\/en\/product\/grageas-de-pasas-con-chocolate\/\" \/>\n<meta property=\"og:locale\" content=\"en_US\" \/>\n<meta property=\"og:type\" content=\"article\" \/>\n<meta property=\"og:title\" content=\"Grageas de Pasas con Chocolate - Bolivia Contigo\" \/>\n<meta property=\"og:description\" content=\"Disfruta de la deliciosa combinaci\u00f3n de pasas dulces y chocolate suave con las Grageas de Pasas con Chocolate, el snack perfecto para los amantes del dulce.\" \/>\n<meta property=\"og:url\" content=\"https:\/\/boliviacontigo.com\/en\/product\/grageas-de-pasas-con-chocolate\/\" \/>\n<meta property=\"og:site_name\" content=\"Bolivia Contigo\" \/>\n<meta property=\"article:modified_time\" content=\"2025-03-08T18:25:39+00:00\" \/>\n<meta property=\"og:image\" content=\"https:\/\/boliviacontigo.com\/wp-content\/uploads\/2024\/03\/CEIBO-5-1000x1000h.jpg\" \/>\n\t<meta property=\"og:image:width\" content=\"1000\" \/>\n\t<meta property=\"og:image:height\" content=\"1000\" \/>\n\t<meta property=\"og:image:type\" content=\"image\/jpeg\" \/>\n<meta name=\"twitter:card\" content=\"summary_large_image\" \/>\n<meta name=\"twitter:label1\" content=\"Est. reading time\" \/>\n\t<meta name=\"twitter:data1\" content=\"1 minute\" \/>\n<script type=\"application\/ld+json\" class=\"yoast-schema-graph\">{\"@context\":\"https:\/\/schema.org\",\"@graph\":[{\"@type\":\"WebPage\",\"@id\":\"https:\/\/boliviacontigo.com\/en\/product\/grageas-de-pasas-con-chocolate\/\",\"url\":\"https:\/\/boliviacontigo.com\/en\/product\/grageas-de-pasas-con-chocolate\/\",\"name\":\"Grageas de Pasas con Chocolate - Bolivia Contigo\",\"isPartOf\":{\"@id\":\"https:\/\/boliviacontigo.com\/en\/#website\"},\"primaryImageOfPage\":{\"@id\":\"https:\/\/boliviacontigo.com\/en\/product\/grageas-de-pasas-con-chocolate\/#primaryimage\"},\"image\":{\"@id\":\"https:\/\/boliviacontigo.com\/en\/product\/grageas-de-pasas-con-chocolate\/#primaryimage\"},\"thumbnailUrl\":\"https:\/\/boliviacontigo.com\/wp-content\/uploads\/2024\/03\/CEIBO-5-1000x1000h.jpg\",\"datePublished\":\"2022-06-14T10:36:16+00:00\",\"dateModified\":\"2025-03-08T18:25:39+00:00\",\"description\":\"Disfruta de la deliciosa combinaci\u00f3n de pasas dulces y chocolate suave con las Grageas de Pasas con Chocolate, el snack perfecto para los amantes del dulce.\",\"breadcrumb\":{\"@id\":\"https:\/\/boliviacontigo.com\/en\/product\/grageas-de-pasas-con-chocolate\/#breadcrumb\"},\"inLanguage\":\"en-US\",\"potentialAction\":[{\"@type\":\"ReadAction\",\"target\":[\"https:\/\/boliviacontigo.com\/en\/product\/grageas-de-pasas-con-chocolate\/\"]}]},{\"@type\":\"ImageObject\",\"inLanguage\":\"en-US\",\"@id\":\"https:\/\/boliviacontigo.com\/en\/product\/grageas-de-pasas-con-chocolate\/#primaryimage\",\"url\":\"https:\/\/boliviacontigo.com\/wp-content\/uploads\/2024\/03\/CEIBO-5-1000x1000h.jpg\",\"contentUrl\":\"https:\/\/boliviacontigo.com\/wp-content\/uploads\/2024\/03\/CEIBO-5-1000x1000h.jpg\",\"width\":1000,\"height\":1000,\"caption\":\"Chocolate Raisins Dragees\"},{\"@type\":\"BreadcrumbList\",\"@id\":\"https:\/\/boliviacontigo.com\/en\/product\/grageas-de-pasas-con-chocolate\/#breadcrumb\",\"itemListElement\":[{\"@type\":\"ListItem\",\"position\":1,\"name\":\"Home\",\"item\":\"https:\/\/boliviacontigo.com\/en\/\"},{\"@type\":\"ListItem\",\"position\":2,\"name\":\"Productos\",\"item\":\"https:\/\/boliviacontigo.com\/en\/productos\/\"},{\"@type\":\"ListItem\",\"position\":3,\"name\":\"Grageas de Pasas con Chocolate\"}]},{\"@type\":\"WebSite\",\"@id\":\"https:\/\/boliviacontigo.com\/en\/#website\",\"url\":\"https:\/\/boliviacontigo.com\/en\/\",\"name\":\"Bolivia Contigo\",\"description\":\"Bolivia Contigo\",\"potentialAction\":[{\"@type\":\"SearchAction\",\"target\":{\"@type\":\"EntryPoint\",\"urlTemplate\":\"https:\/\/boliviacontigo.com\/en\/?s={search_term_string}\"},\"query-input\":{\"@type\":\"PropertyValueSpecification\",\"valueRequired\":true,\"valueName\":\"search_term_string\"}}],\"inLanguage\":\"en-US\"}]}<\/script>\n<!-- \/ Yoast SEO plugin. -->","yoast_head_json":{"title":"Grageas de Pasas con Chocolate - Bolivia Contigo","description":"Disfruta de la deliciosa combinaci\u00f3n de pasas dulces y chocolate suave con las Grageas de Pasas con Chocolate, el snack perfecto para los amantes del dulce.","robots":{"index":"index","follow":"follow","max-snippet":"max-snippet:-1","max-image-preview":"max-image-preview:large","max-video-preview":"max-video-preview:-1"},"canonical":"https:\/\/boliviacontigo.com\/en\/product\/grageas-de-pasas-con-chocolate\/","og_locale":"en_US","og_type":"article","og_title":"Grageas de Pasas con Chocolate - Bolivia Contigo","og_description":"Disfruta de la deliciosa combinaci\u00f3n de pasas dulces y chocolate suave con las Grageas de Pasas con Chocolate, el snack perfecto para los amantes del dulce.","og_url":"https:\/\/boliviacontigo.com\/en\/product\/grageas-de-pasas-con-chocolate\/","og_site_name":"Bolivia Contigo","article_modified_time":"2025-03-08T18:25:39+00:00","og_image":[{"width":1000,"height":1000,"url":"https:\/\/boliviacontigo.com\/wp-content\/uploads\/2024\/03\/CEIBO-5-1000x1000h.jpg","type":"image\/jpeg"}],"twitter_card":"summary_large_image","twitter_misc":{"Est. reading time":"1 minute"},"schema":{"@context":"https:\/\/schema.org","@graph":[{"@type":"WebPage","@id":"https:\/\/boliviacontigo.com\/en\/product\/grageas-de-pasas-con-chocolate\/","url":"https:\/\/boliviacontigo.com\/en\/product\/grageas-de-pasas-con-chocolate\/","name":"Grageas de Pasas con Chocolate - Bolivia Contigo","isPartOf":{"@id":"https:\/\/boliviacontigo.com\/en\/#website"},"primaryImageOfPage":{"@id":"https:\/\/boliviacontigo.com\/en\/product\/grageas-de-pasas-con-chocolate\/#primaryimage"},"image":{"@id":"https:\/\/boliviacontigo.com\/en\/product\/grageas-de-pasas-con-chocolate\/#primaryimage"},"thumbnailUrl":"https:\/\/boliviacontigo.com\/wp-content\/uploads\/2024\/03\/CEIBO-5-1000x1000h.jpg","datePublished":"2022-06-14T10:36:16+00:00","dateModified":"2025-03-08T18:25:39+00:00","description":"Disfruta de la deliciosa combinaci\u00f3n de pasas dulces y chocolate suave con las Grageas de Pasas con Chocolate, el snack perfecto para los amantes del dulce.","breadcrumb":{"@id":"https:\/\/boliviacontigo.com\/en\/product\/grageas-de-pasas-con-chocolate\/#breadcrumb"},"inLanguage":"en-US","potentialAction":[{"@type":"ReadAction","target":["https:\/\/boliviacontigo.com\/en\/product\/grageas-de-pasas-con-chocolate\/"]}]},{"@type":"ImageObject","inLanguage":"en-US","@id":"https:\/\/boliviacontigo.com\/en\/product\/grageas-de-pasas-con-chocolate\/#primaryimage","url":"https:\/\/boliviacontigo.com\/wp-content\/uploads\/2024\/03\/CEIBO-5-1000x1000h.jpg","contentUrl":"https:\/\/boliviacontigo.com\/wp-content\/uploads\/2024\/03\/CEIBO-5-1000x1000h.jpg","width":1000,"height":1000,"caption":"Chocolate Raisins Dragees"},{"@type":"BreadcrumbList","@id":"https:\/\/boliviacontigo.com\/en\/product\/grageas-de-pasas-con-chocolate\/#breadcrumb","itemListElement":[{"@type":"ListItem","position":1,"name":"Home","item":"https:\/\/boliviacontigo.com\/en\/"},{"@type":"ListItem","position":2,"name":"Productos","item":"https:\/\/boliviacontigo.com\/en\/productos\/"},{"@type":"ListItem","position":3,"name":"Grageas de Pasas con Chocolate"}]},{"@type":"WebSite","@id":"https:\/\/boliviacontigo.com\/en\/#website","url":"https:\/\/boliviacontigo.com\/en\/","name":"Bolivia Contigo","description":"Bolivia Contigo","potentialAction":[{"@type":"SearchAction","target":{"@type":"EntryPoint","urlTemplate":"https:\/\/boliviacontigo.com\/en\/?s={search_term_string}"},"query-input":{"@type":"PropertyValueSpecification","valueRequired":true,"valueName":"search_term_string"}}],"inLanguage":"en-US"}]}},"jetpack_sharing_enabled":true,"_links":{"self":[{"href":"https:\/\/boliviacontigo.com\/en\/wp-json\/wp\/v2\/product\/11316","targetHints":{"allow":["GET"]}}],"collection":[{"href":"https:\/\/boliviacontigo.com\/en\/wp-json\/wp\/v2\/product"}],"about":[{"href":"https:\/\/boliviacontigo.com\/en\/wp-json\/wp\/v2\/types\/product"}],"wp:featuredmedia":[{"embeddable":true,"href":"https:\/\/boliviacontigo.com\/en\/wp-json\/wp\/v2\/media\/12656"}],"wp:attachment":[{"href":"https:\/\/boliviacontigo.com\/en\/wp-json\/wp\/v2\/media?parent=11316"}],"wp:term":[{"taxonomy":"product_brand","embeddable":true,"href":"https:\/\/boliviacontigo.com\/en\/wp-json\/wp\/v2\/product_brand?post=11316"},{"taxonomy":"product_cat","embeddable":true,"href":"https:\/\/boliviacontigo.com\/en\/wp-json\/wp\/v2\/product_cat?post=11316"},{"taxonomy":"product_tag","embeddable":true,"href":"https:\/\/boliviacontigo.com\/en\/wp-json\/wp\/v2\/product_tag?post=11316"},{"taxonomy":"brand","embeddable":true,"href":"https:\/\/boliviacontigo.com\/en\/wp-json\/wp\/v2\/brand?post=11316"}],"curies":[{"name":"wp","href":"https:\/\/api.w.org\/{rel}","templated":true}]}}