{"id":11322,"date":"2022-06-14T10:37:15","date_gmt":"2022-06-14T10:37:15","guid":{"rendered":"https:\/\/boliviacontigo.com\/?post_type=product&#038;p=11322"},"modified":"2025-03-08T11:55:29","modified_gmt":"2025-03-08T16:55:29","slug":"grageas-de-mani-con-chocolate","status":"publish","type":"product","link":"https:\/\/boliviacontigo.com\/en\/product\/grageas-de-mani-con-chocolate\/","title":{"rendered":"Peanut Dragee with Chocolate"},"content":{"rendered":"<p>Las Grageas de Man\u00ed con Chocolate son un delicioso snack que combina la textura crujiente y el sabor \u00fanico del man\u00ed con la suavidad y dulzura del chocolate. Cada bocado ofrece una mezcla equilibrada de sabores, creando una experiencia irresistible. El man\u00ed aporta un toque salado y energizante, mientras que el chocolate lo cubre con su suavidad, creando una combinaci\u00f3n perfecta que satisface tanto a los amantes del dulce como de lo salado. Estas grageas son ideales para disfrutar entre comidas o como un peque\u00f1o capricho durante el d\u00eda.<\/p>","protected":false},"excerpt":{"rendered":"<p>Deliciosas Grageas de Man\u00ed ba\u00f1adas en Chocolate El Ceibo, finamente elaboradas a base de puro cacao, completamente artesanales.<\/p>","protected":false},"featured_media":12659,"template":"","meta":{"_acf_changed":false},"product_brand":[],"product_cat":[464,465],"product_tag":[],"brand":[566],"class_list":{"0":"post-11322","1":"product","2":"type-product","3":"status-publish","4":"has-post-thumbnail","6":"product_cat-alimentos-y-bebidas","7":"product_cat-chocolate-dulces","8":"brand-el-ceibo","10":"first","11":"instock","12":"featured","13":"taxable","14":"shipping-taxable","15":"purchasable","16":"product-type-simple"},"supplier_id":null,"supplier_sku":"","barcode":null,"atum_controlled":true,"out_stock_date":null,"out_stock_threshold":null,"inheritable":false,"inbound_stock":0,"stock_on_hold":0,"sold_today":0,"sales_last_days":0,"reserved_stock":0,"customer_returns":0,"warehouse_damage":0,"lost_in_post":0,"other_logs":0,"out_stock_days":0,"lost_sales":0,"has_location":false,"update_date":"2026-04-17T08:04:58","atum_locations":[],"atum_stock_status":"instock","restock_status":false,"low_stock_amount":"","sales_update_date":"2026-04-17T08:04:58","calc_backorders":null,"acf":[],"yoast_head":"<!-- This site is optimized with the Yoast SEO plugin v24.9 - https:\/\/yoast.com\/wordpress\/plugins\/seo\/ -->\n<title>Grageas de Man\u00ed con Chocolate - Bolivia Contigo<\/title>\n<meta name=\"description\" content=\"Disfruta de la combinaci\u00f3n perfecta de man\u00ed crujiente y chocolate suave con las Grageas de Man\u00ed con Chocolate, un snack delicioso y lleno de energ\u00eda.\" \/>\n<meta name=\"robots\" content=\"index, follow, max-snippet:-1, max-image-preview:large, max-video-preview:-1\" \/>\n<link rel=\"canonical\" href=\"https:\/\/boliviacontigo.com\/en\/product\/grageas-de-mani-con-chocolate\/\" \/>\n<meta property=\"og:locale\" content=\"en_US\" \/>\n<meta property=\"og:type\" content=\"article\" \/>\n<meta property=\"og:title\" content=\"Grageas de Man\u00ed con Chocolate - Bolivia Contigo\" \/>\n<meta property=\"og:description\" content=\"Disfruta de la combinaci\u00f3n perfecta de man\u00ed crujiente y chocolate suave con las Grageas de Man\u00ed con Chocolate, un snack delicioso y lleno de energ\u00eda.\" \/>\n<meta property=\"og:url\" content=\"https:\/\/boliviacontigo.com\/en\/product\/grageas-de-mani-con-chocolate\/\" \/>\n<meta property=\"og:site_name\" content=\"Bolivia Contigo\" \/>\n<meta property=\"article:modified_time\" content=\"2025-03-08T16:55:29+00:00\" \/>\n<meta property=\"og:image\" content=\"https:\/\/boliviacontigo.com\/wp-content\/uploads\/2024\/03\/CEIBO-4-1000x1000h.jpg\" \/>\n\t<meta property=\"og:image:width\" content=\"1000\" \/>\n\t<meta property=\"og:image:height\" content=\"1000\" \/>\n\t<meta property=\"og:image:type\" content=\"image\/jpeg\" \/>\n<meta name=\"twitter:card\" content=\"summary_large_image\" \/>\n<meta name=\"twitter:label1\" content=\"Est. reading time\" \/>\n\t<meta name=\"twitter:data1\" content=\"1 minute\" \/>\n<script type=\"application\/ld+json\" class=\"yoast-schema-graph\">{\"@context\":\"https:\/\/schema.org\",\"@graph\":[{\"@type\":\"WebPage\",\"@id\":\"https:\/\/boliviacontigo.com\/en\/product\/grageas-de-mani-con-chocolate\/\",\"url\":\"https:\/\/boliviacontigo.com\/en\/product\/grageas-de-mani-con-chocolate\/\",\"name\":\"Grageas de Man\u00ed con Chocolate - Bolivia Contigo\",\"isPartOf\":{\"@id\":\"https:\/\/boliviacontigo.com\/en\/#website\"},\"primaryImageOfPage\":{\"@id\":\"https:\/\/boliviacontigo.com\/en\/product\/grageas-de-mani-con-chocolate\/#primaryimage\"},\"image\":{\"@id\":\"https:\/\/boliviacontigo.com\/en\/product\/grageas-de-mani-con-chocolate\/#primaryimage\"},\"thumbnailUrl\":\"https:\/\/boliviacontigo.com\/wp-content\/uploads\/2024\/03\/CEIBO-4-1000x1000h.jpg\",\"datePublished\":\"2022-06-14T10:37:15+00:00\",\"dateModified\":\"2025-03-08T16:55:29+00:00\",\"description\":\"Disfruta de la combinaci\u00f3n perfecta de man\u00ed crujiente y chocolate suave con las Grageas de Man\u00ed con Chocolate, un snack delicioso y lleno de energ\u00eda.\",\"breadcrumb\":{\"@id\":\"https:\/\/boliviacontigo.com\/en\/product\/grageas-de-mani-con-chocolate\/#breadcrumb\"},\"inLanguage\":\"en-US\",\"potentialAction\":[{\"@type\":\"ReadAction\",\"target\":[\"https:\/\/boliviacontigo.com\/en\/product\/grageas-de-mani-con-chocolate\/\"]}]},{\"@type\":\"ImageObject\",\"inLanguage\":\"en-US\",\"@id\":\"https:\/\/boliviacontigo.com\/en\/product\/grageas-de-mani-con-chocolate\/#primaryimage\",\"url\":\"https:\/\/boliviacontigo.com\/wp-content\/uploads\/2024\/03\/CEIBO-4-1000x1000h.jpg\",\"contentUrl\":\"https:\/\/boliviacontigo.com\/wp-content\/uploads\/2024\/03\/CEIBO-4-1000x1000h.jpg\",\"width\":1000,\"height\":1000,\"caption\":\"Chocolate Peanut Dragees\"},{\"@type\":\"BreadcrumbList\",\"@id\":\"https:\/\/boliviacontigo.com\/en\/product\/grageas-de-mani-con-chocolate\/#breadcrumb\",\"itemListElement\":[{\"@type\":\"ListItem\",\"position\":1,\"name\":\"Home\",\"item\":\"https:\/\/boliviacontigo.com\/en\/\"},{\"@type\":\"ListItem\",\"position\":2,\"name\":\"Productos\",\"item\":\"https:\/\/boliviacontigo.com\/en\/productos\/\"},{\"@type\":\"ListItem\",\"position\":3,\"name\":\"Grageas de Man\u00ed con Chocolate\"}]},{\"@type\":\"WebSite\",\"@id\":\"https:\/\/boliviacontigo.com\/en\/#website\",\"url\":\"https:\/\/boliviacontigo.com\/en\/\",\"name\":\"Bolivia Contigo\",\"description\":\"Bolivia Contigo\",\"potentialAction\":[{\"@type\":\"SearchAction\",\"target\":{\"@type\":\"EntryPoint\",\"urlTemplate\":\"https:\/\/boliviacontigo.com\/en\/?s={search_term_string}\"},\"query-input\":{\"@type\":\"PropertyValueSpecification\",\"valueRequired\":true,\"valueName\":\"search_term_string\"}}],\"inLanguage\":\"en-US\"}]}<\/script>\n<!-- \/ Yoast SEO plugin. -->","yoast_head_json":{"title":"Grageas de Man\u00ed con Chocolate - Bolivia Contigo","description":"Disfruta de la combinaci\u00f3n perfecta de man\u00ed crujiente y chocolate suave con las Grageas de Man\u00ed con Chocolate, un snack delicioso y lleno de energ\u00eda.","robots":{"index":"index","follow":"follow","max-snippet":"max-snippet:-1","max-image-preview":"max-image-preview:large","max-video-preview":"max-video-preview:-1"},"canonical":"https:\/\/boliviacontigo.com\/en\/product\/grageas-de-mani-con-chocolate\/","og_locale":"en_US","og_type":"article","og_title":"Grageas de Man\u00ed con Chocolate - Bolivia Contigo","og_description":"Disfruta de la combinaci\u00f3n perfecta de man\u00ed crujiente y chocolate suave con las Grageas de Man\u00ed con Chocolate, un snack delicioso y lleno de energ\u00eda.","og_url":"https:\/\/boliviacontigo.com\/en\/product\/grageas-de-mani-con-chocolate\/","og_site_name":"Bolivia Contigo","article_modified_time":"2025-03-08T16:55:29+00:00","og_image":[{"width":1000,"height":1000,"url":"https:\/\/boliviacontigo.com\/wp-content\/uploads\/2024\/03\/CEIBO-4-1000x1000h.jpg","type":"image\/jpeg"}],"twitter_card":"summary_large_image","twitter_misc":{"Est. reading time":"1 minute"},"schema":{"@context":"https:\/\/schema.org","@graph":[{"@type":"WebPage","@id":"https:\/\/boliviacontigo.com\/en\/product\/grageas-de-mani-con-chocolate\/","url":"https:\/\/boliviacontigo.com\/en\/product\/grageas-de-mani-con-chocolate\/","name":"Grageas de Man\u00ed con Chocolate - Bolivia Contigo","isPartOf":{"@id":"https:\/\/boliviacontigo.com\/en\/#website"},"primaryImageOfPage":{"@id":"https:\/\/boliviacontigo.com\/en\/product\/grageas-de-mani-con-chocolate\/#primaryimage"},"image":{"@id":"https:\/\/boliviacontigo.com\/en\/product\/grageas-de-mani-con-chocolate\/#primaryimage"},"thumbnailUrl":"https:\/\/boliviacontigo.com\/wp-content\/uploads\/2024\/03\/CEIBO-4-1000x1000h.jpg","datePublished":"2022-06-14T10:37:15+00:00","dateModified":"2025-03-08T16:55:29+00:00","description":"Disfruta de la combinaci\u00f3n perfecta de man\u00ed crujiente y chocolate suave con las Grageas de Man\u00ed con Chocolate, un snack delicioso y lleno de energ\u00eda.","breadcrumb":{"@id":"https:\/\/boliviacontigo.com\/en\/product\/grageas-de-mani-con-chocolate\/#breadcrumb"},"inLanguage":"en-US","potentialAction":[{"@type":"ReadAction","target":["https:\/\/boliviacontigo.com\/en\/product\/grageas-de-mani-con-chocolate\/"]}]},{"@type":"ImageObject","inLanguage":"en-US","@id":"https:\/\/boliviacontigo.com\/en\/product\/grageas-de-mani-con-chocolate\/#primaryimage","url":"https:\/\/boliviacontigo.com\/wp-content\/uploads\/2024\/03\/CEIBO-4-1000x1000h.jpg","contentUrl":"https:\/\/boliviacontigo.com\/wp-content\/uploads\/2024\/03\/CEIBO-4-1000x1000h.jpg","width":1000,"height":1000,"caption":"Chocolate Peanut Dragees"},{"@type":"BreadcrumbList","@id":"https:\/\/boliviacontigo.com\/en\/product\/grageas-de-mani-con-chocolate\/#breadcrumb","itemListElement":[{"@type":"ListItem","position":1,"name":"Home","item":"https:\/\/boliviacontigo.com\/en\/"},{"@type":"ListItem","position":2,"name":"Productos","item":"https:\/\/boliviacontigo.com\/en\/productos\/"},{"@type":"ListItem","position":3,"name":"Grageas de Man\u00ed con Chocolate"}]},{"@type":"WebSite","@id":"https:\/\/boliviacontigo.com\/en\/#website","url":"https:\/\/boliviacontigo.com\/en\/","name":"Bolivia Contigo","description":"Bolivia Contigo","potentialAction":[{"@type":"SearchAction","target":{"@type":"EntryPoint","urlTemplate":"https:\/\/boliviacontigo.com\/en\/?s={search_term_string}"},"query-input":{"@type":"PropertyValueSpecification","valueRequired":true,"valueName":"search_term_string"}}],"inLanguage":"en-US"}]}},"jetpack_sharing_enabled":true,"_links":{"self":[{"href":"https:\/\/boliviacontigo.com\/en\/wp-json\/wp\/v2\/product\/11322","targetHints":{"allow":["GET"]}}],"collection":[{"href":"https:\/\/boliviacontigo.com\/en\/wp-json\/wp\/v2\/product"}],"about":[{"href":"https:\/\/boliviacontigo.com\/en\/wp-json\/wp\/v2\/types\/product"}],"wp:featuredmedia":[{"embeddable":true,"href":"https:\/\/boliviacontigo.com\/en\/wp-json\/wp\/v2\/media\/12659"}],"wp:attachment":[{"href":"https:\/\/boliviacontigo.com\/en\/wp-json\/wp\/v2\/media?parent=11322"}],"wp:term":[{"taxonomy":"product_brand","embeddable":true,"href":"https:\/\/boliviacontigo.com\/en\/wp-json\/wp\/v2\/product_brand?post=11322"},{"taxonomy":"product_cat","embeddable":true,"href":"https:\/\/boliviacontigo.com\/en\/wp-json\/wp\/v2\/product_cat?post=11322"},{"taxonomy":"product_tag","embeddable":true,"href":"https:\/\/boliviacontigo.com\/en\/wp-json\/wp\/v2\/product_tag?post=11322"},{"taxonomy":"brand","embeddable":true,"href":"https:\/\/boliviacontigo.com\/en\/wp-json\/wp\/v2\/brand?post=11322"}],"curies":[{"name":"wp","href":"https:\/\/api.w.org\/{rel}","templated":true}]}}