{"id":11327,"date":"2022-06-14T10:42:38","date_gmt":"2022-06-14T10:42:38","guid":{"rendered":"https:\/\/boliviacontigo.com\/?post_type=product&#038;p=11327"},"modified":"2025-01-10T16:06:42","modified_gmt":"2025-01-10T21:06:42","slug":"ceibolitos-quinoa","status":"publish","type":"product","link":"https:\/\/boliviacontigo.com\/en\/product\/ceibolitos-quinoa\/","title":{"rendered":"Quinoa Ceibolitos"},"content":{"rendered":"<p>Los Ceibolitos Quinoa son una opci\u00f3n deliciosa y nutritiva para quienes buscan un snack lleno de energ\u00eda y sabor. Elaborados con quinoa, un superalimento andino rico en prote\u00ednas y nutrientes, estos Ceibolitos son crujientes y ligeros, perfectos para acompa\u00f1ar tus d\u00edas m\u00e1s activos. Adem\u00e1s, est\u00e1n hechos con ingredientes naturales que respetan la tradici\u00f3n boliviana de una alimentaci\u00f3n saludable. Disfruta de su sabor \u00fanico y aprovecha todos los beneficios que la quinoa tiene para ofrecer, mientras te consentir\u00e1s con un snack que es tanto delicioso como saludable.<\/p>","protected":false},"excerpt":{"rendered":"<p>Ceibolitos Quinua. El cacao y la quinua hacen una combinaci\u00f3n perfecta.<\/p>","protected":false},"featured_media":12662,"template":"","meta":{"_acf_changed":false},"product_brand":[],"product_cat":[464,465],"product_tag":[],"brand":[566],"class_list":{"0":"post-11327","1":"product","2":"type-product","3":"status-publish","4":"has-post-thumbnail","6":"product_cat-alimentos-y-bebidas","7":"product_cat-chocolate-dulces","8":"brand-el-ceibo","10":"first","11":"outofstock","12":"featured","13":"taxable","14":"shipping-taxable","15":"purchasable","16":"product-type-simple"},"supplier_id":null,"supplier_sku":"","barcode":null,"atum_controlled":true,"out_stock_date":"2024-12-27 10:01:28","out_stock_threshold":null,"inheritable":false,"inbound_stock":0,"stock_on_hold":0,"sold_today":0,"sales_last_days":0,"reserved_stock":0,"customer_returns":0,"warehouse_damage":0,"lost_in_post":0,"other_logs":0,"out_stock_days":475,"lost_sales":0,"has_location":false,"update_date":"2026-04-17T08:04:58","atum_locations":[],"atum_stock_status":"outofstock","restock_status":false,"low_stock_amount":2,"sales_update_date":"2026-04-17T08:04:58","calc_backorders":null,"acf":[],"yoast_head":"<!-- This site is optimized with the Yoast SEO plugin v24.9 - https:\/\/yoast.com\/wordpress\/plugins\/seo\/ -->\n<title>Ceibolitos Quinoa - Bolivia Contigo<\/title>\n<meta name=\"description\" content=\"Los Ceibolitos Quinoa son un snack saludable, hecho con quinoa y otros ingredientes naturales, perfectos para disfrutar en cualquier momento del d\u00eda.\" \/>\n<meta name=\"robots\" content=\"index, follow, max-snippet:-1, max-image-preview:large, max-video-preview:-1\" \/>\n<link rel=\"canonical\" href=\"https:\/\/boliviacontigo.com\/en\/product\/ceibolitos-quinoa\/\" \/>\n<meta property=\"og:locale\" content=\"en_US\" \/>\n<meta property=\"og:type\" content=\"article\" \/>\n<meta property=\"og:title\" content=\"Ceibolitos Quinoa - Bolivia Contigo\" \/>\n<meta property=\"og:description\" content=\"Los Ceibolitos Quinoa son un snack saludable, hecho con quinoa y otros ingredientes naturales, perfectos para disfrutar en cualquier momento del d\u00eda.\" \/>\n<meta property=\"og:url\" content=\"https:\/\/boliviacontigo.com\/en\/product\/ceibolitos-quinoa\/\" \/>\n<meta property=\"og:site_name\" content=\"Bolivia Contigo\" \/>\n<meta property=\"article:modified_time\" content=\"2025-01-10T21:06:42+00:00\" \/>\n<meta property=\"og:image\" content=\"https:\/\/boliviacontigo.com\/wp-content\/uploads\/2024\/03\/CEIBOLITOS-5-1000x1000h.jpg\" \/>\n\t<meta property=\"og:image:width\" content=\"1000\" \/>\n\t<meta property=\"og:image:height\" content=\"1000\" \/>\n\t<meta property=\"og:image:type\" content=\"image\/jpeg\" \/>\n<meta name=\"twitter:card\" content=\"summary_large_image\" \/>\n<meta name=\"twitter:label1\" content=\"Est. reading time\" \/>\n\t<meta name=\"twitter:data1\" content=\"1 minute\" \/>\n<script type=\"application\/ld+json\" class=\"yoast-schema-graph\">{\"@context\":\"https:\/\/schema.org\",\"@graph\":[{\"@type\":\"WebPage\",\"@id\":\"https:\/\/boliviacontigo.com\/en\/product\/ceibolitos-quinoa\/\",\"url\":\"https:\/\/boliviacontigo.com\/en\/product\/ceibolitos-quinoa\/\",\"name\":\"Ceibolitos Quinoa - Bolivia Contigo\",\"isPartOf\":{\"@id\":\"https:\/\/boliviacontigo.com\/en\/#website\"},\"primaryImageOfPage\":{\"@id\":\"https:\/\/boliviacontigo.com\/en\/product\/ceibolitos-quinoa\/#primaryimage\"},\"image\":{\"@id\":\"https:\/\/boliviacontigo.com\/en\/product\/ceibolitos-quinoa\/#primaryimage\"},\"thumbnailUrl\":\"https:\/\/boliviacontigo.com\/wp-content\/uploads\/2024\/03\/CEIBOLITOS-5-1000x1000h.jpg\",\"datePublished\":\"2022-06-14T10:42:38+00:00\",\"dateModified\":\"2025-01-10T21:06:42+00:00\",\"description\":\"Los Ceibolitos Quinoa son un snack saludable, hecho con quinoa y otros ingredientes naturales, perfectos para disfrutar en cualquier momento del d\u00eda.\",\"breadcrumb\":{\"@id\":\"https:\/\/boliviacontigo.com\/en\/product\/ceibolitos-quinoa\/#breadcrumb\"},\"inLanguage\":\"en-US\",\"potentialAction\":[{\"@type\":\"ReadAction\",\"target\":[\"https:\/\/boliviacontigo.com\/en\/product\/ceibolitos-quinoa\/\"]}]},{\"@type\":\"ImageObject\",\"inLanguage\":\"en-US\",\"@id\":\"https:\/\/boliviacontigo.com\/en\/product\/ceibolitos-quinoa\/#primaryimage\",\"url\":\"https:\/\/boliviacontigo.com\/wp-content\/uploads\/2024\/03\/CEIBOLITOS-5-1000x1000h.jpg\",\"contentUrl\":\"https:\/\/boliviacontigo.com\/wp-content\/uploads\/2024\/03\/CEIBOLITOS-5-1000x1000h.jpg\",\"width\":1000,\"height\":1000,\"caption\":\"Quinoa Ceibolitos\"},{\"@type\":\"BreadcrumbList\",\"@id\":\"https:\/\/boliviacontigo.com\/en\/product\/ceibolitos-quinoa\/#breadcrumb\",\"itemListElement\":[{\"@type\":\"ListItem\",\"position\":1,\"name\":\"Home\",\"item\":\"https:\/\/boliviacontigo.com\/en\/\"},{\"@type\":\"ListItem\",\"position\":2,\"name\":\"Productos\",\"item\":\"https:\/\/boliviacontigo.com\/en\/productos\/\"},{\"@type\":\"ListItem\",\"position\":3,\"name\":\"Ceibolitos Quinoa\"}]},{\"@type\":\"WebSite\",\"@id\":\"https:\/\/boliviacontigo.com\/en\/#website\",\"url\":\"https:\/\/boliviacontigo.com\/en\/\",\"name\":\"Bolivia Contigo\",\"description\":\"Bolivia Contigo\",\"potentialAction\":[{\"@type\":\"SearchAction\",\"target\":{\"@type\":\"EntryPoint\",\"urlTemplate\":\"https:\/\/boliviacontigo.com\/en\/?s={search_term_string}\"},\"query-input\":{\"@type\":\"PropertyValueSpecification\",\"valueRequired\":true,\"valueName\":\"search_term_string\"}}],\"inLanguage\":\"en-US\"}]}<\/script>\n<!-- \/ Yoast SEO plugin. -->","yoast_head_json":{"title":"Ceibolitos Quinoa - Bolivia Contigo","description":"Los Ceibolitos Quinoa son un snack saludable, hecho con quinoa y otros ingredientes naturales, perfectos para disfrutar en cualquier momento del d\u00eda.","robots":{"index":"index","follow":"follow","max-snippet":"max-snippet:-1","max-image-preview":"max-image-preview:large","max-video-preview":"max-video-preview:-1"},"canonical":"https:\/\/boliviacontigo.com\/en\/product\/ceibolitos-quinoa\/","og_locale":"en_US","og_type":"article","og_title":"Ceibolitos Quinoa - Bolivia Contigo","og_description":"Los Ceibolitos Quinoa son un snack saludable, hecho con quinoa y otros ingredientes naturales, perfectos para disfrutar en cualquier momento del d\u00eda.","og_url":"https:\/\/boliviacontigo.com\/en\/product\/ceibolitos-quinoa\/","og_site_name":"Bolivia Contigo","article_modified_time":"2025-01-10T21:06:42+00:00","og_image":[{"width":1000,"height":1000,"url":"https:\/\/boliviacontigo.com\/wp-content\/uploads\/2024\/03\/CEIBOLITOS-5-1000x1000h.jpg","type":"image\/jpeg"}],"twitter_card":"summary_large_image","twitter_misc":{"Est. reading time":"1 minute"},"schema":{"@context":"https:\/\/schema.org","@graph":[{"@type":"WebPage","@id":"https:\/\/boliviacontigo.com\/en\/product\/ceibolitos-quinoa\/","url":"https:\/\/boliviacontigo.com\/en\/product\/ceibolitos-quinoa\/","name":"Ceibolitos Quinoa - Bolivia Contigo","isPartOf":{"@id":"https:\/\/boliviacontigo.com\/en\/#website"},"primaryImageOfPage":{"@id":"https:\/\/boliviacontigo.com\/en\/product\/ceibolitos-quinoa\/#primaryimage"},"image":{"@id":"https:\/\/boliviacontigo.com\/en\/product\/ceibolitos-quinoa\/#primaryimage"},"thumbnailUrl":"https:\/\/boliviacontigo.com\/wp-content\/uploads\/2024\/03\/CEIBOLITOS-5-1000x1000h.jpg","datePublished":"2022-06-14T10:42:38+00:00","dateModified":"2025-01-10T21:06:42+00:00","description":"Los Ceibolitos Quinoa son un snack saludable, hecho con quinoa y otros ingredientes naturales, perfectos para disfrutar en cualquier momento del d\u00eda.","breadcrumb":{"@id":"https:\/\/boliviacontigo.com\/en\/product\/ceibolitos-quinoa\/#breadcrumb"},"inLanguage":"en-US","potentialAction":[{"@type":"ReadAction","target":["https:\/\/boliviacontigo.com\/en\/product\/ceibolitos-quinoa\/"]}]},{"@type":"ImageObject","inLanguage":"en-US","@id":"https:\/\/boliviacontigo.com\/en\/product\/ceibolitos-quinoa\/#primaryimage","url":"https:\/\/boliviacontigo.com\/wp-content\/uploads\/2024\/03\/CEIBOLITOS-5-1000x1000h.jpg","contentUrl":"https:\/\/boliviacontigo.com\/wp-content\/uploads\/2024\/03\/CEIBOLITOS-5-1000x1000h.jpg","width":1000,"height":1000,"caption":"Quinoa Ceibolitos"},{"@type":"BreadcrumbList","@id":"https:\/\/boliviacontigo.com\/en\/product\/ceibolitos-quinoa\/#breadcrumb","itemListElement":[{"@type":"ListItem","position":1,"name":"Home","item":"https:\/\/boliviacontigo.com\/en\/"},{"@type":"ListItem","position":2,"name":"Productos","item":"https:\/\/boliviacontigo.com\/en\/productos\/"},{"@type":"ListItem","position":3,"name":"Ceibolitos Quinoa"}]},{"@type":"WebSite","@id":"https:\/\/boliviacontigo.com\/en\/#website","url":"https:\/\/boliviacontigo.com\/en\/","name":"Bolivia Contigo","description":"Bolivia Contigo","potentialAction":[{"@type":"SearchAction","target":{"@type":"EntryPoint","urlTemplate":"https:\/\/boliviacontigo.com\/en\/?s={search_term_string}"},"query-input":{"@type":"PropertyValueSpecification","valueRequired":true,"valueName":"search_term_string"}}],"inLanguage":"en-US"}]}},"jetpack_sharing_enabled":true,"_links":{"self":[{"href":"https:\/\/boliviacontigo.com\/en\/wp-json\/wp\/v2\/product\/11327","targetHints":{"allow":["GET"]}}],"collection":[{"href":"https:\/\/boliviacontigo.com\/en\/wp-json\/wp\/v2\/product"}],"about":[{"href":"https:\/\/boliviacontigo.com\/en\/wp-json\/wp\/v2\/types\/product"}],"wp:featuredmedia":[{"embeddable":true,"href":"https:\/\/boliviacontigo.com\/en\/wp-json\/wp\/v2\/media\/12662"}],"wp:attachment":[{"href":"https:\/\/boliviacontigo.com\/en\/wp-json\/wp\/v2\/media?parent=11327"}],"wp:term":[{"taxonomy":"product_brand","embeddable":true,"href":"https:\/\/boliviacontigo.com\/en\/wp-json\/wp\/v2\/product_brand?post=11327"},{"taxonomy":"product_cat","embeddable":true,"href":"https:\/\/boliviacontigo.com\/en\/wp-json\/wp\/v2\/product_cat?post=11327"},{"taxonomy":"product_tag","embeddable":true,"href":"https:\/\/boliviacontigo.com\/en\/wp-json\/wp\/v2\/product_tag?post=11327"},{"taxonomy":"brand","embeddable":true,"href":"https:\/\/boliviacontigo.com\/en\/wp-json\/wp\/v2\/brand?post=11327"}],"curies":[{"name":"wp","href":"https:\/\/api.w.org\/{rel}","templated":true}]}}