{"id":11773,"date":"2022-11-29T08:33:44","date_gmt":"2022-11-29T08:33:44","guid":{"rendered":"https:\/\/boliviacontigo.com\/?post_type=product&#038;p=11773"},"modified":"2025-01-10T11:59:50","modified_gmt":"2025-01-10T16:59:50","slug":"chicha-morada-kris","status":"publish","type":"product","link":"https:\/\/boliviacontigo.com\/en\/product\/chicha-morada-kris\/","title":{"rendered":"Chicha Morada \u2013 Kris Box 20 sachets 20 grams"},"content":{"rendered":"<p>La Chicha Morada es una bebida ic\u00f3nica de la gastronom\u00eda boliviana, elaborada con ma\u00edz morado, un ingrediente ancestral rico en antioxidantes y con un sabor \u00fanico. Preparada con especias como la canela y el clavo de olor, junto con frutas frescas como pi\u00f1a y manzana, esta bebida ofrece un balance perfecto entre dulzura natural y frescura. Ideal para acompa\u00f1ar tus comidas o disfrutar en cualquier momento del d\u00eda, la Chicha Morada no solo es deliciosa, sino tambi\u00e9n saludable. Descubre el encanto de esta bebida tradicional que representa siglos de cultura y tradici\u00f3n andina.<\/p>","protected":false},"excerpt":{"rendered":"<p>Chicha Morada Kris, \u00a1una de las famosas bebidas bolivianas! \u00a1Con vitamina C y el delicioso sabor de Chicha Morada, le sacar\u00e1s el m\u00e1ximo provecho a tu bebida y la disfrutar\u00e1s al estilo boliviano!<\/p>","protected":false},"featured_media":12703,"template":"","meta":{"_acf_changed":false},"product_brand":[],"product_cat":[464,616],"product_tag":[],"brand":[608],"class_list":{"0":"post-11773","1":"product","2":"type-product","3":"status-publish","4":"has-post-thumbnail","6":"product_cat-alimentos-y-bebidas","7":"product_cat-bebidas-tipicas","8":"brand-kris","10":"first","11":"instock","12":"taxable","13":"shipping-taxable","14":"purchasable","15":"product-type-simple"},"supplier_id":null,"supplier_sku":"","barcode":null,"atum_controlled":true,"out_stock_date":null,"out_stock_threshold":null,"inheritable":false,"inbound_stock":0,"stock_on_hold":0,"sold_today":0,"sales_last_days":0,"reserved_stock":0,"customer_returns":0,"warehouse_damage":0,"lost_in_post":0,"other_logs":0,"out_stock_days":0,"lost_sales":0,"has_location":false,"update_date":"2026-04-07T05:54:42","atum_locations":[],"atum_stock_status":"instock","restock_status":false,"low_stock_amount":"","sales_update_date":"2026-04-07T05:54:42","calc_backorders":null,"acf":[],"yoast_head":"<!-- This site is optimized with the Yoast SEO plugin v24.9 - https:\/\/yoast.com\/wordpress\/plugins\/seo\/ -->\n<title>Chicha Morada - Bolivia Contigo<\/title>\n<meta name=\"description\" content=\"Disfruta del aut\u00e9ntico sabor de la Chicha Morada, una bebida tradicional boliviana hecha a base de ma\u00edz morado, perfecta para refrescarte.\" \/>\n<meta name=\"robots\" content=\"index, follow, max-snippet:-1, max-image-preview:large, max-video-preview:-1\" \/>\n<link rel=\"canonical\" href=\"https:\/\/boliviacontigo.com\/en\/product\/chicha-morada-kris\/\" \/>\n<meta property=\"og:locale\" content=\"en_US\" \/>\n<meta property=\"og:type\" content=\"article\" \/>\n<meta property=\"og:title\" content=\"Chicha Morada - Bolivia Contigo\" \/>\n<meta property=\"og:description\" content=\"Disfruta del aut\u00e9ntico sabor de la Chicha Morada, una bebida tradicional boliviana hecha a base de ma\u00edz morado, perfecta para refrescarte.\" \/>\n<meta property=\"og:url\" content=\"https:\/\/boliviacontigo.com\/en\/product\/chicha-morada-kris\/\" \/>\n<meta property=\"og:site_name\" content=\"Bolivia Contigo\" \/>\n<meta property=\"article:modified_time\" content=\"2025-01-10T16:59:50+00:00\" \/>\n<meta property=\"og:image\" content=\"https:\/\/boliviacontigo.com\/wp-content\/uploads\/2024\/03\/Chicha-Morada-jpg.webp\" \/>\n\t<meta property=\"og:image:width\" content=\"1483\" \/>\n\t<meta property=\"og:image:height\" content=\"1252\" \/>\n\t<meta property=\"og:image:type\" content=\"image\/webp\" \/>\n<meta name=\"twitter:card\" content=\"summary_large_image\" \/>\n<meta name=\"twitter:label1\" content=\"Est. reading time\" \/>\n\t<meta name=\"twitter:data1\" content=\"1 minute\" \/>\n<script type=\"application\/ld+json\" class=\"yoast-schema-graph\">{\"@context\":\"https:\/\/schema.org\",\"@graph\":[{\"@type\":\"WebPage\",\"@id\":\"https:\/\/boliviacontigo.com\/en\/product\/chicha-morada-kris\/\",\"url\":\"https:\/\/boliviacontigo.com\/en\/product\/chicha-morada-kris\/\",\"name\":\"Chicha Morada - Bolivia Contigo\",\"isPartOf\":{\"@id\":\"https:\/\/boliviacontigo.com\/en\/#website\"},\"primaryImageOfPage\":{\"@id\":\"https:\/\/boliviacontigo.com\/en\/product\/chicha-morada-kris\/#primaryimage\"},\"image\":{\"@id\":\"https:\/\/boliviacontigo.com\/en\/product\/chicha-morada-kris\/#primaryimage\"},\"thumbnailUrl\":\"https:\/\/boliviacontigo.com\/wp-content\/uploads\/2024\/03\/Chicha-Morada-jpg.webp\",\"datePublished\":\"2022-11-29T08:33:44+00:00\",\"dateModified\":\"2025-01-10T16:59:50+00:00\",\"description\":\"Disfruta del aut\u00e9ntico sabor de la Chicha Morada, una bebida tradicional boliviana hecha a base de ma\u00edz morado, perfecta para refrescarte.\",\"breadcrumb\":{\"@id\":\"https:\/\/boliviacontigo.com\/en\/product\/chicha-morada-kris\/#breadcrumb\"},\"inLanguage\":\"en-US\",\"potentialAction\":[{\"@type\":\"ReadAction\",\"target\":[\"https:\/\/boliviacontigo.com\/en\/product\/chicha-morada-kris\/\"]}]},{\"@type\":\"ImageObject\",\"inLanguage\":\"en-US\",\"@id\":\"https:\/\/boliviacontigo.com\/en\/product\/chicha-morada-kris\/#primaryimage\",\"url\":\"https:\/\/boliviacontigo.com\/wp-content\/uploads\/2024\/03\/Chicha-Morada-jpg.webp\",\"contentUrl\":\"https:\/\/boliviacontigo.com\/wp-content\/uploads\/2024\/03\/Chicha-Morada-jpg.webp\",\"width\":1483,\"height\":1252,\"caption\":\"Chicha Morada Drink\"},{\"@type\":\"BreadcrumbList\",\"@id\":\"https:\/\/boliviacontigo.com\/en\/product\/chicha-morada-kris\/#breadcrumb\",\"itemListElement\":[{\"@type\":\"ListItem\",\"position\":1,\"name\":\"Home\",\"item\":\"https:\/\/boliviacontigo.com\/en\/\"},{\"@type\":\"ListItem\",\"position\":2,\"name\":\"Productos\",\"item\":\"https:\/\/boliviacontigo.com\/en\/productos\/\"},{\"@type\":\"ListItem\",\"position\":3,\"name\":\"Chicha Morada &#8211; Kris Box 20 sachets 20 grs\"}]},{\"@type\":\"WebSite\",\"@id\":\"https:\/\/boliviacontigo.com\/en\/#website\",\"url\":\"https:\/\/boliviacontigo.com\/en\/\",\"name\":\"Bolivia Contigo\",\"description\":\"Bolivia Contigo\",\"potentialAction\":[{\"@type\":\"SearchAction\",\"target\":{\"@type\":\"EntryPoint\",\"urlTemplate\":\"https:\/\/boliviacontigo.com\/en\/?s={search_term_string}\"},\"query-input\":{\"@type\":\"PropertyValueSpecification\",\"valueRequired\":true,\"valueName\":\"search_term_string\"}}],\"inLanguage\":\"en-US\"}]}<\/script>\n<!-- \/ Yoast SEO plugin. -->","yoast_head_json":{"title":"Chicha Morada - Bolivia Contigo","description":"Disfruta del aut\u00e9ntico sabor de la Chicha Morada, una bebida tradicional boliviana hecha a base de ma\u00edz morado, perfecta para refrescarte.","robots":{"index":"index","follow":"follow","max-snippet":"max-snippet:-1","max-image-preview":"max-image-preview:large","max-video-preview":"max-video-preview:-1"},"canonical":"https:\/\/boliviacontigo.com\/en\/product\/chicha-morada-kris\/","og_locale":"en_US","og_type":"article","og_title":"Chicha Morada - Bolivia Contigo","og_description":"Disfruta del aut\u00e9ntico sabor de la Chicha Morada, una bebida tradicional boliviana hecha a base de ma\u00edz morado, perfecta para refrescarte.","og_url":"https:\/\/boliviacontigo.com\/en\/product\/chicha-morada-kris\/","og_site_name":"Bolivia Contigo","article_modified_time":"2025-01-10T16:59:50+00:00","og_image":[{"width":1483,"height":1252,"url":"https:\/\/boliviacontigo.com\/wp-content\/uploads\/2024\/03\/Chicha-Morada-jpg.webp","type":"image\/webp"}],"twitter_card":"summary_large_image","twitter_misc":{"Est. reading time":"1 minute"},"schema":{"@context":"https:\/\/schema.org","@graph":[{"@type":"WebPage","@id":"https:\/\/boliviacontigo.com\/en\/product\/chicha-morada-kris\/","url":"https:\/\/boliviacontigo.com\/en\/product\/chicha-morada-kris\/","name":"Chicha Morada - Bolivia Contigo","isPartOf":{"@id":"https:\/\/boliviacontigo.com\/en\/#website"},"primaryImageOfPage":{"@id":"https:\/\/boliviacontigo.com\/en\/product\/chicha-morada-kris\/#primaryimage"},"image":{"@id":"https:\/\/boliviacontigo.com\/en\/product\/chicha-morada-kris\/#primaryimage"},"thumbnailUrl":"https:\/\/boliviacontigo.com\/wp-content\/uploads\/2024\/03\/Chicha-Morada-jpg.webp","datePublished":"2022-11-29T08:33:44+00:00","dateModified":"2025-01-10T16:59:50+00:00","description":"Disfruta del aut\u00e9ntico sabor de la Chicha Morada, una bebida tradicional boliviana hecha a base de ma\u00edz morado, perfecta para refrescarte.","breadcrumb":{"@id":"https:\/\/boliviacontigo.com\/en\/product\/chicha-morada-kris\/#breadcrumb"},"inLanguage":"en-US","potentialAction":[{"@type":"ReadAction","target":["https:\/\/boliviacontigo.com\/en\/product\/chicha-morada-kris\/"]}]},{"@type":"ImageObject","inLanguage":"en-US","@id":"https:\/\/boliviacontigo.com\/en\/product\/chicha-morada-kris\/#primaryimage","url":"https:\/\/boliviacontigo.com\/wp-content\/uploads\/2024\/03\/Chicha-Morada-jpg.webp","contentUrl":"https:\/\/boliviacontigo.com\/wp-content\/uploads\/2024\/03\/Chicha-Morada-jpg.webp","width":1483,"height":1252,"caption":"Chicha Morada Drink"},{"@type":"BreadcrumbList","@id":"https:\/\/boliviacontigo.com\/en\/product\/chicha-morada-kris\/#breadcrumb","itemListElement":[{"@type":"ListItem","position":1,"name":"Home","item":"https:\/\/boliviacontigo.com\/en\/"},{"@type":"ListItem","position":2,"name":"Productos","item":"https:\/\/boliviacontigo.com\/en\/productos\/"},{"@type":"ListItem","position":3,"name":"Chicha Morada &#8211; Kris Box 20 sachets 20 grs"}]},{"@type":"WebSite","@id":"https:\/\/boliviacontigo.com\/en\/#website","url":"https:\/\/boliviacontigo.com\/en\/","name":"Bolivia Contigo","description":"Bolivia Contigo","potentialAction":[{"@type":"SearchAction","target":{"@type":"EntryPoint","urlTemplate":"https:\/\/boliviacontigo.com\/en\/?s={search_term_string}"},"query-input":{"@type":"PropertyValueSpecification","valueRequired":true,"valueName":"search_term_string"}}],"inLanguage":"en-US"}]}},"jetpack_sharing_enabled":true,"_links":{"self":[{"href":"https:\/\/boliviacontigo.com\/en\/wp-json\/wp\/v2\/product\/11773","targetHints":{"allow":["GET"]}}],"collection":[{"href":"https:\/\/boliviacontigo.com\/en\/wp-json\/wp\/v2\/product"}],"about":[{"href":"https:\/\/boliviacontigo.com\/en\/wp-json\/wp\/v2\/types\/product"}],"wp:featuredmedia":[{"embeddable":true,"href":"https:\/\/boliviacontigo.com\/en\/wp-json\/wp\/v2\/media\/12703"}],"wp:attachment":[{"href":"https:\/\/boliviacontigo.com\/en\/wp-json\/wp\/v2\/media?parent=11773"}],"wp:term":[{"taxonomy":"product_brand","embeddable":true,"href":"https:\/\/boliviacontigo.com\/en\/wp-json\/wp\/v2\/product_brand?post=11773"},{"taxonomy":"product_cat","embeddable":true,"href":"https:\/\/boliviacontigo.com\/en\/wp-json\/wp\/v2\/product_cat?post=11773"},{"taxonomy":"product_tag","embeddable":true,"href":"https:\/\/boliviacontigo.com\/en\/wp-json\/wp\/v2\/product_tag?post=11773"},{"taxonomy":"brand","embeddable":true,"href":"https:\/\/boliviacontigo.com\/en\/wp-json\/wp\/v2\/brand?post=11773"}],"curies":[{"name":"wp","href":"https:\/\/api.w.org\/{rel}","templated":true}]}}