{"id":13578,"date":"2024-06-15T14:54:59","date_gmt":"2024-06-15T14:54:59","guid":{"rendered":"https:\/\/boliviacontigo.com\/?post_type=product&#038;p=13578"},"modified":"2025-01-10T16:26:30","modified_gmt":"2025-01-10T21:26:30","slug":"llajua-kriolla-kris-90-gr","status":"publish","type":"product","link":"https:\/\/boliviacontigo.com\/en\/product\/llajua-kriolla-kris-90-gr\/","title":{"rendered":"Llajua Kriolla &#8211; Kris 90 gr"},"content":{"rendered":"<p>La Llajua Kriolla es una de las salsas m\u00e1s tradicionales y queridas de la gastronom\u00eda boliviana. Hecha a base de tomates frescos, locoto (aj\u00ed picante) y especias, esta salsa tiene el toque perfecto de picante y frescura que complementa una gran variedad de platos. Es el acompa\u00f1ante ideal para carnes, empanadas, y hasta para un buen plato de salte\u00f1as. Su sabor robusto y picante refleja la autenticidad de la cocina boliviana, brindando una experiencia culinaria \u00fanica. La Llajua Kriolla es perfecta para quienes buscan darle un toque de picante y sabor a sus comidas diarias.<\/p>","protected":false},"excerpt":{"rendered":"<p>Disfruta del aut\u00e9ntico sabor boliviano con la Llajua Kriolla, una salsa picante y sabrosa, ideal para acompa\u00f1ar cualquier plato.<\/p>","protected":false},"featured_media":13579,"template":"","meta":{"_acf_changed":false},"product_brand":[],"product_cat":[464,471],"product_tag":[],"brand":[608],"class_list":{"0":"post-13578","1":"product","2":"type-product","3":"status-publish","4":"has-post-thumbnail","6":"product_cat-alimentos-y-bebidas","7":"product_cat-condimentos-y-especias","8":"brand-kris","10":"first","11":"outofstock","12":"taxable","13":"shipping-taxable","14":"purchasable","15":"product-type-simple"},"supplier_id":null,"supplier_sku":"","barcode":null,"atum_controlled":true,"out_stock_date":"2024-12-26 00:58:14","out_stock_threshold":null,"inheritable":false,"inbound_stock":0,"stock_on_hold":0,"sold_today":0,"sales_last_days":0,"reserved_stock":0,"customer_returns":0,"warehouse_damage":0,"lost_in_post":0,"other_logs":0,"out_stock_days":477,"lost_sales":0,"has_location":false,"update_date":"2026-04-17T08:04:57","atum_locations":[],"atum_stock_status":"outofstock","restock_status":false,"low_stock_amount":"","sales_update_date":"2026-04-17T08:04:57","calc_backorders":null,"acf":[],"yoast_head":"<!-- This site is optimized with the Yoast SEO plugin v24.9 - https:\/\/yoast.com\/wordpress\/plugins\/seo\/ -->\n<title>Llajua Kriolla - Kris 90 gr - Bolivia Contigo<\/title>\n<meta name=\"description\" content=\"Disfruta del aut\u00e9ntico sabor boliviano con la Llajua Kriolla, una salsa picante y sabrosa, ideal para acompa\u00f1ar cualquier plato.\" \/>\n<meta name=\"robots\" content=\"index, follow, max-snippet:-1, max-image-preview:large, max-video-preview:-1\" \/>\n<link rel=\"canonical\" href=\"https:\/\/boliviacontigo.com\/en\/product\/llajua-kriolla-kris-90-gr\/\" \/>\n<meta property=\"og:locale\" content=\"en_US\" \/>\n<meta property=\"og:type\" content=\"article\" \/>\n<meta property=\"og:title\" content=\"Llajua Kriolla - Kris 90 gr - Bolivia Contigo\" \/>\n<meta property=\"og:description\" content=\"Disfruta del aut\u00e9ntico sabor boliviano con la Llajua Kriolla, una salsa picante y sabrosa, ideal para acompa\u00f1ar cualquier plato.\" \/>\n<meta property=\"og:url\" content=\"https:\/\/boliviacontigo.com\/en\/product\/llajua-kriolla-kris-90-gr\/\" \/>\n<meta property=\"og:site_name\" content=\"Bolivia Contigo\" \/>\n<meta property=\"article:modified_time\" content=\"2025-01-10T21:26:30+00:00\" \/>\n<meta property=\"og:image\" content=\"https:\/\/boliviacontigo.com\/wp-content\/uploads\/2024\/06\/1-1024x1024.png\" \/>\n\t<meta property=\"og:image:width\" content=\"1024\" \/>\n\t<meta property=\"og:image:height\" content=\"1024\" \/>\n\t<meta property=\"og:image:type\" content=\"image\/png\" \/>\n<meta name=\"twitter:card\" content=\"summary_large_image\" \/>\n<meta name=\"twitter:label1\" content=\"Est. reading time\" \/>\n\t<meta name=\"twitter:data1\" content=\"1 minute\" \/>\n<script type=\"application\/ld+json\" class=\"yoast-schema-graph\">{\"@context\":\"https:\/\/schema.org\",\"@graph\":[{\"@type\":\"WebPage\",\"@id\":\"https:\/\/boliviacontigo.com\/en\/product\/llajua-kriolla-kris-90-gr\/\",\"url\":\"https:\/\/boliviacontigo.com\/en\/product\/llajua-kriolla-kris-90-gr\/\",\"name\":\"Llajua Kriolla - Kris 90 gr - Bolivia Contigo\",\"isPartOf\":{\"@id\":\"https:\/\/boliviacontigo.com\/en\/#website\"},\"primaryImageOfPage\":{\"@id\":\"https:\/\/boliviacontigo.com\/en\/product\/llajua-kriolla-kris-90-gr\/#primaryimage\"},\"image\":{\"@id\":\"https:\/\/boliviacontigo.com\/en\/product\/llajua-kriolla-kris-90-gr\/#primaryimage\"},\"thumbnailUrl\":\"https:\/\/boliviacontigo.com\/wp-content\/uploads\/2024\/06\/1.png\",\"datePublished\":\"2024-06-15T14:54:59+00:00\",\"dateModified\":\"2025-01-10T21:26:30+00:00\",\"description\":\"Disfruta del aut\u00e9ntico sabor boliviano con la Llajua Kriolla, una salsa picante y sabrosa, ideal para acompa\u00f1ar cualquier plato.\",\"breadcrumb\":{\"@id\":\"https:\/\/boliviacontigo.com\/en\/product\/llajua-kriolla-kris-90-gr\/#breadcrumb\"},\"inLanguage\":\"en-US\",\"potentialAction\":[{\"@type\":\"ReadAction\",\"target\":[\"https:\/\/boliviacontigo.com\/en\/product\/llajua-kriolla-kris-90-gr\/\"]}]},{\"@type\":\"ImageObject\",\"inLanguage\":\"en-US\",\"@id\":\"https:\/\/boliviacontigo.com\/en\/product\/llajua-kriolla-kris-90-gr\/#primaryimage\",\"url\":\"https:\/\/boliviacontigo.com\/wp-content\/uploads\/2024\/06\/1.png\",\"contentUrl\":\"https:\/\/boliviacontigo.com\/wp-content\/uploads\/2024\/06\/1.png\",\"width\":2160,\"height\":2160},{\"@type\":\"BreadcrumbList\",\"@id\":\"https:\/\/boliviacontigo.com\/en\/product\/llajua-kriolla-kris-90-gr\/#breadcrumb\",\"itemListElement\":[{\"@type\":\"ListItem\",\"position\":1,\"name\":\"Home\",\"item\":\"https:\/\/boliviacontigo.com\/en\/\"},{\"@type\":\"ListItem\",\"position\":2,\"name\":\"Productos\",\"item\":\"https:\/\/boliviacontigo.com\/en\/productos\/\"},{\"@type\":\"ListItem\",\"position\":3,\"name\":\"Llajua Kriolla &#8211; Kris 90 gr\"}]},{\"@type\":\"WebSite\",\"@id\":\"https:\/\/boliviacontigo.com\/en\/#website\",\"url\":\"https:\/\/boliviacontigo.com\/en\/\",\"name\":\"Bolivia Contigo\",\"description\":\"Bolivia Contigo\",\"potentialAction\":[{\"@type\":\"SearchAction\",\"target\":{\"@type\":\"EntryPoint\",\"urlTemplate\":\"https:\/\/boliviacontigo.com\/en\/?s={search_term_string}\"},\"query-input\":{\"@type\":\"PropertyValueSpecification\",\"valueRequired\":true,\"valueName\":\"search_term_string\"}}],\"inLanguage\":\"en-US\"}]}<\/script>\n<!-- \/ Yoast SEO plugin. -->","yoast_head_json":{"title":"Llajua Kriolla - Kris 90 gr - Bolivia Contigo","description":"Disfruta del aut\u00e9ntico sabor boliviano con la Llajua Kriolla, una salsa picante y sabrosa, ideal para acompa\u00f1ar cualquier plato.","robots":{"index":"index","follow":"follow","max-snippet":"max-snippet:-1","max-image-preview":"max-image-preview:large","max-video-preview":"max-video-preview:-1"},"canonical":"https:\/\/boliviacontigo.com\/en\/product\/llajua-kriolla-kris-90-gr\/","og_locale":"en_US","og_type":"article","og_title":"Llajua Kriolla - Kris 90 gr - Bolivia Contigo","og_description":"Disfruta del aut\u00e9ntico sabor boliviano con la Llajua Kriolla, una salsa picante y sabrosa, ideal para acompa\u00f1ar cualquier plato.","og_url":"https:\/\/boliviacontigo.com\/en\/product\/llajua-kriolla-kris-90-gr\/","og_site_name":"Bolivia Contigo","article_modified_time":"2025-01-10T21:26:30+00:00","og_image":[{"width":1024,"height":1024,"url":"https:\/\/boliviacontigo.com\/wp-content\/uploads\/2024\/06\/1-1024x1024.png","type":"image\/png"}],"twitter_card":"summary_large_image","twitter_misc":{"Est. reading time":"1 minute"},"schema":{"@context":"https:\/\/schema.org","@graph":[{"@type":"WebPage","@id":"https:\/\/boliviacontigo.com\/en\/product\/llajua-kriolla-kris-90-gr\/","url":"https:\/\/boliviacontigo.com\/en\/product\/llajua-kriolla-kris-90-gr\/","name":"Llajua Kriolla - Kris 90 gr - Bolivia Contigo","isPartOf":{"@id":"https:\/\/boliviacontigo.com\/en\/#website"},"primaryImageOfPage":{"@id":"https:\/\/boliviacontigo.com\/en\/product\/llajua-kriolla-kris-90-gr\/#primaryimage"},"image":{"@id":"https:\/\/boliviacontigo.com\/en\/product\/llajua-kriolla-kris-90-gr\/#primaryimage"},"thumbnailUrl":"https:\/\/boliviacontigo.com\/wp-content\/uploads\/2024\/06\/1.png","datePublished":"2024-06-15T14:54:59+00:00","dateModified":"2025-01-10T21:26:30+00:00","description":"Disfruta del aut\u00e9ntico sabor boliviano con la Llajua Kriolla, una salsa picante y sabrosa, ideal para acompa\u00f1ar cualquier plato.","breadcrumb":{"@id":"https:\/\/boliviacontigo.com\/en\/product\/llajua-kriolla-kris-90-gr\/#breadcrumb"},"inLanguage":"en-US","potentialAction":[{"@type":"ReadAction","target":["https:\/\/boliviacontigo.com\/en\/product\/llajua-kriolla-kris-90-gr\/"]}]},{"@type":"ImageObject","inLanguage":"en-US","@id":"https:\/\/boliviacontigo.com\/en\/product\/llajua-kriolla-kris-90-gr\/#primaryimage","url":"https:\/\/boliviacontigo.com\/wp-content\/uploads\/2024\/06\/1.png","contentUrl":"https:\/\/boliviacontigo.com\/wp-content\/uploads\/2024\/06\/1.png","width":2160,"height":2160},{"@type":"BreadcrumbList","@id":"https:\/\/boliviacontigo.com\/en\/product\/llajua-kriolla-kris-90-gr\/#breadcrumb","itemListElement":[{"@type":"ListItem","position":1,"name":"Home","item":"https:\/\/boliviacontigo.com\/en\/"},{"@type":"ListItem","position":2,"name":"Productos","item":"https:\/\/boliviacontigo.com\/en\/productos\/"},{"@type":"ListItem","position":3,"name":"Llajua Kriolla &#8211; Kris 90 gr"}]},{"@type":"WebSite","@id":"https:\/\/boliviacontigo.com\/en\/#website","url":"https:\/\/boliviacontigo.com\/en\/","name":"Bolivia Contigo","description":"Bolivia Contigo","potentialAction":[{"@type":"SearchAction","target":{"@type":"EntryPoint","urlTemplate":"https:\/\/boliviacontigo.com\/en\/?s={search_term_string}"},"query-input":{"@type":"PropertyValueSpecification","valueRequired":true,"valueName":"search_term_string"}}],"inLanguage":"en-US"}]}},"jetpack_sharing_enabled":true,"_links":{"self":[{"href":"https:\/\/boliviacontigo.com\/en\/wp-json\/wp\/v2\/product\/13578","targetHints":{"allow":["GET"]}}],"collection":[{"href":"https:\/\/boliviacontigo.com\/en\/wp-json\/wp\/v2\/product"}],"about":[{"href":"https:\/\/boliviacontigo.com\/en\/wp-json\/wp\/v2\/types\/product"}],"wp:featuredmedia":[{"embeddable":true,"href":"https:\/\/boliviacontigo.com\/en\/wp-json\/wp\/v2\/media\/13579"}],"wp:attachment":[{"href":"https:\/\/boliviacontigo.com\/en\/wp-json\/wp\/v2\/media?parent=13578"}],"wp:term":[{"taxonomy":"product_brand","embeddable":true,"href":"https:\/\/boliviacontigo.com\/en\/wp-json\/wp\/v2\/product_brand?post=13578"},{"taxonomy":"product_cat","embeddable":true,"href":"https:\/\/boliviacontigo.com\/en\/wp-json\/wp\/v2\/product_cat?post=13578"},{"taxonomy":"product_tag","embeddable":true,"href":"https:\/\/boliviacontigo.com\/en\/wp-json\/wp\/v2\/product_tag?post=13578"},{"taxonomy":"brand","embeddable":true,"href":"https:\/\/boliviacontigo.com\/en\/wp-json\/wp\/v2\/brand?post=13578"}],"curies":[{"name":"wp","href":"https:\/\/api.w.org\/{rel}","templated":true}]}}