{"id":13583,"date":"2024-06-15T15:35:01","date_gmt":"2024-06-15T15:35:01","guid":{"rendered":"https:\/\/boliviacontigo.com\/?post_type=product&#038;p=13583"},"modified":"2025-01-10T11:48:45","modified_gmt":"2025-01-10T16:48:45","slug":"mocochinchi","status":"publish","type":"product","link":"https:\/\/boliviacontigo.com\/en\/product\/mocochinchi\/","title":{"rendered":"Mocochinchi &#8211; Kris Caja 20 sachets 20 gr"},"content":{"rendered":"<p>El Mocochinchi es una bebida tradicional boliviana preparada con duraznos deshidratados, que se hierven cuidadosamente con canela y clavo de olor para crear un sabor dulce, especiado y \u00fanico. Este refresco es un verdadero \u00edcono de la gastronom\u00eda andina, perfecto para calmar la sed en d\u00edas calurosos o como un toque especial en reuniones familiares y eventos. Nuestro Mocochinchi se elabora con ingredientes seleccionados, siguiendo m\u00e9todos tradicionales que garantizan un sabor aut\u00e9ntico y una experiencia que evoca las ra\u00edces culturales de Bolivia. Disfr\u00fatalo fr\u00edo, acompa\u00f1ado de un delicioso plato t\u00edpico, o simplemente como una forma \u00fanica de conectar con una rica tradici\u00f3n culinaria.<\/p>","protected":false},"excerpt":{"rendered":"<p>Disfruta del sabor aut\u00e9ntico de Bolivia con nuestro Mocochinchi, una bebida tradicional hecha con duraznos deshidratados, ideal para refrescarte.<\/p>","protected":false},"featured_media":13591,"template":"","meta":{"_acf_changed":false},"product_brand":[],"product_cat":[464,616],"product_tag":[],"brand":[608],"class_list":{"0":"post-13583","1":"product","2":"type-product","3":"status-publish","4":"has-post-thumbnail","6":"product_cat-alimentos-y-bebidas","7":"product_cat-bebidas-tipicas","8":"brand-kris","10":"first","11":"instock","12":"taxable","13":"shipping-taxable","14":"purchasable","15":"product-type-simple"},"supplier_id":null,"supplier_sku":"","barcode":null,"atum_controlled":true,"out_stock_date":null,"out_stock_threshold":null,"inheritable":false,"inbound_stock":1,"stock_on_hold":0,"sold_today":0,"sales_last_days":0,"reserved_stock":0,"customer_returns":0,"warehouse_damage":0,"lost_in_post":0,"other_logs":0,"out_stock_days":0,"lost_sales":0,"has_location":false,"update_date":"2026-04-17T08:04:57","atum_locations":[],"atum_stock_status":"instock","restock_status":false,"low_stock_amount":"","sales_update_date":"2026-04-17T08:04:57","calc_backorders":null,"acf":[],"yoast_head":"<!-- This site is optimized with the Yoast SEO plugin v24.9 - https:\/\/yoast.com\/wordpress\/plugins\/seo\/ -->\n<title>Mocochinchi - Kris Caja 20 sachets 20 gr - Bolivia Contigo<\/title>\n<meta name=\"description\" content=\"Disfruta del sabor aut\u00e9ntico de Bolivia con nuestro Mocochinchi, una bebida tradicional hecha con duraznos deshidratados, ideal para refrescarte.\" \/>\n<meta name=\"robots\" content=\"index, follow, max-snippet:-1, max-image-preview:large, max-video-preview:-1\" \/>\n<link rel=\"canonical\" href=\"https:\/\/boliviacontigo.com\/en\/product\/mocochinchi\/\" \/>\n<meta property=\"og:locale\" content=\"en_US\" \/>\n<meta property=\"og:type\" content=\"article\" \/>\n<meta property=\"og:title\" content=\"Mocochinchi - Kris Caja 20 sachets 20 gr - Bolivia Contigo\" \/>\n<meta property=\"og:description\" content=\"Disfruta del sabor aut\u00e9ntico de Bolivia con nuestro Mocochinchi, una bebida tradicional hecha con duraznos deshidratados, ideal para refrescarte.\" \/>\n<meta property=\"og:url\" content=\"https:\/\/boliviacontigo.com\/en\/product\/mocochinchi\/\" \/>\n<meta property=\"og:site_name\" content=\"Bolivia Contigo\" \/>\n<meta property=\"article:modified_time\" content=\"2025-01-10T16:48:45+00:00\" \/>\n<meta property=\"og:image\" content=\"https:\/\/boliviacontigo.com\/wp-content\/uploads\/2024\/06\/MocochinchiKrisCaja20u-1024x1024.png\" \/>\n\t<meta property=\"og:image:width\" content=\"1024\" \/>\n\t<meta property=\"og:image:height\" content=\"1024\" \/>\n\t<meta property=\"og:image:type\" content=\"image\/png\" \/>\n<meta name=\"twitter:card\" content=\"summary_large_image\" \/>\n<meta name=\"twitter:label1\" content=\"Est. reading time\" \/>\n\t<meta name=\"twitter:data1\" content=\"1 minute\" \/>\n<script type=\"application\/ld+json\" class=\"yoast-schema-graph\">{\"@context\":\"https:\/\/schema.org\",\"@graph\":[{\"@type\":\"WebPage\",\"@id\":\"https:\/\/boliviacontigo.com\/en\/product\/mocochinchi\/\",\"url\":\"https:\/\/boliviacontigo.com\/en\/product\/mocochinchi\/\",\"name\":\"Mocochinchi - Kris Caja 20 sachets 20 gr - Bolivia Contigo\",\"isPartOf\":{\"@id\":\"https:\/\/boliviacontigo.com\/en\/#website\"},\"primaryImageOfPage\":{\"@id\":\"https:\/\/boliviacontigo.com\/en\/product\/mocochinchi\/#primaryimage\"},\"image\":{\"@id\":\"https:\/\/boliviacontigo.com\/en\/product\/mocochinchi\/#primaryimage\"},\"thumbnailUrl\":\"https:\/\/boliviacontigo.com\/wp-content\/uploads\/2024\/06\/MocochinchiKrisCaja20u.png\",\"datePublished\":\"2024-06-15T15:35:01+00:00\",\"dateModified\":\"2025-01-10T16:48:45+00:00\",\"description\":\"Disfruta del sabor aut\u00e9ntico de Bolivia con nuestro Mocochinchi, una bebida tradicional hecha con duraznos deshidratados, ideal para refrescarte.\",\"breadcrumb\":{\"@id\":\"https:\/\/boliviacontigo.com\/en\/product\/mocochinchi\/#breadcrumb\"},\"inLanguage\":\"en-US\",\"potentialAction\":[{\"@type\":\"ReadAction\",\"target\":[\"https:\/\/boliviacontigo.com\/en\/product\/mocochinchi\/\"]}]},{\"@type\":\"ImageObject\",\"inLanguage\":\"en-US\",\"@id\":\"https:\/\/boliviacontigo.com\/en\/product\/mocochinchi\/#primaryimage\",\"url\":\"https:\/\/boliviacontigo.com\/wp-content\/uploads\/2024\/06\/MocochinchiKrisCaja20u.png\",\"contentUrl\":\"https:\/\/boliviacontigo.com\/wp-content\/uploads\/2024\/06\/MocochinchiKrisCaja20u.png\",\"width\":2000,\"height\":2000,\"caption\":\"Mocochinchi\"},{\"@type\":\"BreadcrumbList\",\"@id\":\"https:\/\/boliviacontigo.com\/en\/product\/mocochinchi\/#breadcrumb\",\"itemListElement\":[{\"@type\":\"ListItem\",\"position\":1,\"name\":\"Home\",\"item\":\"https:\/\/boliviacontigo.com\/en\/\"},{\"@type\":\"ListItem\",\"position\":2,\"name\":\"Productos\",\"item\":\"https:\/\/boliviacontigo.com\/en\/productos\/\"},{\"@type\":\"ListItem\",\"position\":3,\"name\":\"Mocochinchi &#8211; Kris Caja 20 sachets 20 gr\"}]},{\"@type\":\"WebSite\",\"@id\":\"https:\/\/boliviacontigo.com\/en\/#website\",\"url\":\"https:\/\/boliviacontigo.com\/en\/\",\"name\":\"Bolivia Contigo\",\"description\":\"Bolivia Contigo\",\"potentialAction\":[{\"@type\":\"SearchAction\",\"target\":{\"@type\":\"EntryPoint\",\"urlTemplate\":\"https:\/\/boliviacontigo.com\/en\/?s={search_term_string}\"},\"query-input\":{\"@type\":\"PropertyValueSpecification\",\"valueRequired\":true,\"valueName\":\"search_term_string\"}}],\"inLanguage\":\"en-US\"}]}<\/script>\n<!-- \/ Yoast SEO plugin. -->","yoast_head_json":{"title":"Mocochinchi - Kris Caja 20 sachets 20 gr - Bolivia Contigo","description":"Disfruta del sabor aut\u00e9ntico de Bolivia con nuestro Mocochinchi, una bebida tradicional hecha con duraznos deshidratados, ideal para refrescarte.","robots":{"index":"index","follow":"follow","max-snippet":"max-snippet:-1","max-image-preview":"max-image-preview:large","max-video-preview":"max-video-preview:-1"},"canonical":"https:\/\/boliviacontigo.com\/en\/product\/mocochinchi\/","og_locale":"en_US","og_type":"article","og_title":"Mocochinchi - Kris Caja 20 sachets 20 gr - Bolivia Contigo","og_description":"Disfruta del sabor aut\u00e9ntico de Bolivia con nuestro Mocochinchi, una bebida tradicional hecha con duraznos deshidratados, ideal para refrescarte.","og_url":"https:\/\/boliviacontigo.com\/en\/product\/mocochinchi\/","og_site_name":"Bolivia Contigo","article_modified_time":"2025-01-10T16:48:45+00:00","og_image":[{"width":1024,"height":1024,"url":"https:\/\/boliviacontigo.com\/wp-content\/uploads\/2024\/06\/MocochinchiKrisCaja20u-1024x1024.png","type":"image\/png"}],"twitter_card":"summary_large_image","twitter_misc":{"Est. reading time":"1 minute"},"schema":{"@context":"https:\/\/schema.org","@graph":[{"@type":"WebPage","@id":"https:\/\/boliviacontigo.com\/en\/product\/mocochinchi\/","url":"https:\/\/boliviacontigo.com\/en\/product\/mocochinchi\/","name":"Mocochinchi - Kris Caja 20 sachets 20 gr - Bolivia Contigo","isPartOf":{"@id":"https:\/\/boliviacontigo.com\/en\/#website"},"primaryImageOfPage":{"@id":"https:\/\/boliviacontigo.com\/en\/product\/mocochinchi\/#primaryimage"},"image":{"@id":"https:\/\/boliviacontigo.com\/en\/product\/mocochinchi\/#primaryimage"},"thumbnailUrl":"https:\/\/boliviacontigo.com\/wp-content\/uploads\/2024\/06\/MocochinchiKrisCaja20u.png","datePublished":"2024-06-15T15:35:01+00:00","dateModified":"2025-01-10T16:48:45+00:00","description":"Disfruta del sabor aut\u00e9ntico de Bolivia con nuestro Mocochinchi, una bebida tradicional hecha con duraznos deshidratados, ideal para refrescarte.","breadcrumb":{"@id":"https:\/\/boliviacontigo.com\/en\/product\/mocochinchi\/#breadcrumb"},"inLanguage":"en-US","potentialAction":[{"@type":"ReadAction","target":["https:\/\/boliviacontigo.com\/en\/product\/mocochinchi\/"]}]},{"@type":"ImageObject","inLanguage":"en-US","@id":"https:\/\/boliviacontigo.com\/en\/product\/mocochinchi\/#primaryimage","url":"https:\/\/boliviacontigo.com\/wp-content\/uploads\/2024\/06\/MocochinchiKrisCaja20u.png","contentUrl":"https:\/\/boliviacontigo.com\/wp-content\/uploads\/2024\/06\/MocochinchiKrisCaja20u.png","width":2000,"height":2000,"caption":"Mocochinchi"},{"@type":"BreadcrumbList","@id":"https:\/\/boliviacontigo.com\/en\/product\/mocochinchi\/#breadcrumb","itemListElement":[{"@type":"ListItem","position":1,"name":"Home","item":"https:\/\/boliviacontigo.com\/en\/"},{"@type":"ListItem","position":2,"name":"Productos","item":"https:\/\/boliviacontigo.com\/en\/productos\/"},{"@type":"ListItem","position":3,"name":"Mocochinchi &#8211; Kris Caja 20 sachets 20 gr"}]},{"@type":"WebSite","@id":"https:\/\/boliviacontigo.com\/en\/#website","url":"https:\/\/boliviacontigo.com\/en\/","name":"Bolivia Contigo","description":"Bolivia Contigo","potentialAction":[{"@type":"SearchAction","target":{"@type":"EntryPoint","urlTemplate":"https:\/\/boliviacontigo.com\/en\/?s={search_term_string}"},"query-input":{"@type":"PropertyValueSpecification","valueRequired":true,"valueName":"search_term_string"}}],"inLanguage":"en-US"}]}},"jetpack_sharing_enabled":true,"_links":{"self":[{"href":"https:\/\/boliviacontigo.com\/en\/wp-json\/wp\/v2\/product\/13583","targetHints":{"allow":["GET"]}}],"collection":[{"href":"https:\/\/boliviacontigo.com\/en\/wp-json\/wp\/v2\/product"}],"about":[{"href":"https:\/\/boliviacontigo.com\/en\/wp-json\/wp\/v2\/types\/product"}],"wp:featuredmedia":[{"embeddable":true,"href":"https:\/\/boliviacontigo.com\/en\/wp-json\/wp\/v2\/media\/13591"}],"wp:attachment":[{"href":"https:\/\/boliviacontigo.com\/en\/wp-json\/wp\/v2\/media?parent=13583"}],"wp:term":[{"taxonomy":"product_brand","embeddable":true,"href":"https:\/\/boliviacontigo.com\/en\/wp-json\/wp\/v2\/product_brand?post=13583"},{"taxonomy":"product_cat","embeddable":true,"href":"https:\/\/boliviacontigo.com\/en\/wp-json\/wp\/v2\/product_cat?post=13583"},{"taxonomy":"product_tag","embeddable":true,"href":"https:\/\/boliviacontigo.com\/en\/wp-json\/wp\/v2\/product_tag?post=13583"},{"taxonomy":"brand","embeddable":true,"href":"https:\/\/boliviacontigo.com\/en\/wp-json\/wp\/v2\/brand?post=13583"}],"curies":[{"name":"wp","href":"https:\/\/api.w.org\/{rel}","templated":true}]}}