{"id":13738,"date":"2024-12-28T22:26:59","date_gmt":"2024-12-29T03:26:59","guid":{"rendered":"https:\/\/boliviacontigo.com\/?post_type=product&#038;p=13738"},"modified":"2025-03-05T19:30:52","modified_gmt":"2025-03-06T00:30:52","slug":"tableta-chocolate-castana","status":"publish","type":"product","link":"https:\/\/boliviacontigo.com\/en\/product\/tableta-chocolate-castana\/","title":{"rendered":"Casta\u00f1a Chocolate Bar"},"content":{"rendered":"<p>Tableta Chocolate casta\u00f1a El Ceibo finamente elaborado a partir de cacao puro, totalmente artesanal con ingredientes 100% org\u00e1nicos.<\/p>","protected":false},"excerpt":{"rendered":"<p>Tableta Chocolate casta\u00f1a El Ceibo finamente elaborado a partir de cacao puro, totalmente artesanal con ingredientes 100% org\u00e1nicos.<\/p>","protected":false},"featured_media":13739,"template":"","meta":{"_acf_changed":false},"product_brand":[],"product_cat":[464,465],"product_tag":[],"brand":[],"class_list":{"0":"post-13738","1":"product","2":"type-product","3":"status-publish","4":"has-post-thumbnail","6":"product_cat-alimentos-y-bebidas","7":"product_cat-chocolate-dulces","9":"first","10":"outofstock","11":"taxable","12":"shipping-taxable","13":"purchasable","14":"product-type-simple"},"supplier_id":null,"supplier_sku":"","barcode":null,"atum_controlled":true,"out_stock_date":"2025-03-05 19:30:52","out_stock_threshold":null,"inheritable":false,"inbound_stock":0,"stock_on_hold":0,"sold_today":0,"sales_last_days":0,"reserved_stock":0,"customer_returns":0,"warehouse_damage":0,"lost_in_post":0,"other_logs":0,"out_stock_days":395,"lost_sales":0,"has_location":false,"update_date":"2026-04-05T04:48:58","atum_locations":[],"atum_stock_status":"outofstock","restock_status":false,"low_stock_amount":"","sales_update_date":"2026-04-05T04:48:58","calc_backorders":null,"acf":[],"yoast_head":"<!-- This site is optimized with the Yoast SEO plugin v24.9 - https:\/\/yoast.com\/wordpress\/plugins\/seo\/ -->\n<title>Tableta Chocolate Casta\u00f1a - Bolivia Contigo<\/title>\n<meta name=\"description\" content=\"Tableta Chocolate casta\u00f1a El Ceibo finamente elaborado a partir de cacao puro, totalmente artesanal con ingredientes 100% org\u00e1nicos.\" \/>\n<meta name=\"robots\" content=\"index, follow, max-snippet:-1, max-image-preview:large, max-video-preview:-1\" \/>\n<link rel=\"canonical\" href=\"https:\/\/boliviacontigo.com\/en\/product\/tableta-chocolate-castana\/\" \/>\n<meta property=\"og:locale\" content=\"en_US\" \/>\n<meta property=\"og:type\" content=\"article\" \/>\n<meta property=\"og:title\" content=\"Tableta Chocolate Casta\u00f1a - Bolivia Contigo\" \/>\n<meta property=\"og:description\" content=\"Tableta Chocolate casta\u00f1a El Ceibo finamente elaborado a partir de cacao puro, totalmente artesanal con ingredientes 100% org\u00e1nicos.\" \/>\n<meta property=\"og:url\" content=\"https:\/\/boliviacontigo.com\/en\/product\/tableta-chocolate-castana\/\" \/>\n<meta property=\"og:site_name\" content=\"Bolivia Contigo\" \/>\n<meta property=\"article:modified_time\" content=\"2025-03-06T00:30:52+00:00\" \/>\n<meta property=\"og:image\" content=\"https:\/\/boliviacontigo.com\/wp-content\/uploads\/2024\/12\/TabletaCastana.jpg\" \/>\n\t<meta property=\"og:image:width\" content=\"960\" \/>\n\t<meta property=\"og:image:height\" content=\"960\" \/>\n\t<meta property=\"og:image:type\" content=\"image\/jpeg\" \/>\n<meta name=\"twitter:card\" content=\"summary_large_image\" \/>\n<meta name=\"twitter:label1\" content=\"Est. reading time\" \/>\n\t<meta name=\"twitter:data1\" content=\"1 minute\" \/>\n<script type=\"application\/ld+json\" class=\"yoast-schema-graph\">{\"@context\":\"https:\/\/schema.org\",\"@graph\":[{\"@type\":\"WebPage\",\"@id\":\"https:\/\/boliviacontigo.com\/en\/product\/tableta-chocolate-castana\/\",\"url\":\"https:\/\/boliviacontigo.com\/en\/product\/tableta-chocolate-castana\/\",\"name\":\"Tableta Chocolate Casta\u00f1a - Bolivia Contigo\",\"isPartOf\":{\"@id\":\"https:\/\/boliviacontigo.com\/en\/#website\"},\"primaryImageOfPage\":{\"@id\":\"https:\/\/boliviacontigo.com\/en\/product\/tableta-chocolate-castana\/#primaryimage\"},\"image\":{\"@id\":\"https:\/\/boliviacontigo.com\/en\/product\/tableta-chocolate-castana\/#primaryimage\"},\"thumbnailUrl\":\"https:\/\/boliviacontigo.com\/wp-content\/uploads\/2024\/12\/TabletaCastana.jpg\",\"datePublished\":\"2024-12-29T03:26:59+00:00\",\"dateModified\":\"2025-03-06T00:30:52+00:00\",\"description\":\"Tableta Chocolate casta\u00f1a El Ceibo finamente elaborado a partir de cacao puro, totalmente artesanal con ingredientes 100% org\u00e1nicos.\",\"breadcrumb\":{\"@id\":\"https:\/\/boliviacontigo.com\/en\/product\/tableta-chocolate-castana\/#breadcrumb\"},\"inLanguage\":\"en-US\",\"potentialAction\":[{\"@type\":\"ReadAction\",\"target\":[\"https:\/\/boliviacontigo.com\/en\/product\/tableta-chocolate-castana\/\"]}]},{\"@type\":\"ImageObject\",\"inLanguage\":\"en-US\",\"@id\":\"https:\/\/boliviacontigo.com\/en\/product\/tableta-chocolate-castana\/#primaryimage\",\"url\":\"https:\/\/boliviacontigo.com\/wp-content\/uploads\/2024\/12\/TabletaCastana.jpg\",\"contentUrl\":\"https:\/\/boliviacontigo.com\/wp-content\/uploads\/2024\/12\/TabletaCastana.jpg\",\"width\":960,\"height\":960,\"caption\":\"TabletaCasta\u00f1a\"},{\"@type\":\"BreadcrumbList\",\"@id\":\"https:\/\/boliviacontigo.com\/en\/product\/tableta-chocolate-castana\/#breadcrumb\",\"itemListElement\":[{\"@type\":\"ListItem\",\"position\":1,\"name\":\"Home\",\"item\":\"https:\/\/boliviacontigo.com\/en\/\"},{\"@type\":\"ListItem\",\"position\":2,\"name\":\"Productos\",\"item\":\"https:\/\/boliviacontigo.com\/en\/productos\/\"},{\"@type\":\"ListItem\",\"position\":3,\"name\":\"Tableta Chocolate Casta\u00f1a\"}]},{\"@type\":\"WebSite\",\"@id\":\"https:\/\/boliviacontigo.com\/en\/#website\",\"url\":\"https:\/\/boliviacontigo.com\/en\/\",\"name\":\"Bolivia Contigo\",\"description\":\"Bolivia Contigo\",\"potentialAction\":[{\"@type\":\"SearchAction\",\"target\":{\"@type\":\"EntryPoint\",\"urlTemplate\":\"https:\/\/boliviacontigo.com\/en\/?s={search_term_string}\"},\"query-input\":{\"@type\":\"PropertyValueSpecification\",\"valueRequired\":true,\"valueName\":\"search_term_string\"}}],\"inLanguage\":\"en-US\"}]}<\/script>\n<!-- \/ Yoast SEO plugin. -->","yoast_head_json":{"title":"Tableta Chocolate Casta\u00f1a - Bolivia Contigo","description":"Tableta Chocolate casta\u00f1a El Ceibo finamente elaborado a partir de cacao puro, totalmente artesanal con ingredientes 100% org\u00e1nicos.","robots":{"index":"index","follow":"follow","max-snippet":"max-snippet:-1","max-image-preview":"max-image-preview:large","max-video-preview":"max-video-preview:-1"},"canonical":"https:\/\/boliviacontigo.com\/en\/product\/tableta-chocolate-castana\/","og_locale":"en_US","og_type":"article","og_title":"Tableta Chocolate Casta\u00f1a - Bolivia Contigo","og_description":"Tableta Chocolate casta\u00f1a El Ceibo finamente elaborado a partir de cacao puro, totalmente artesanal con ingredientes 100% org\u00e1nicos.","og_url":"https:\/\/boliviacontigo.com\/en\/product\/tableta-chocolate-castana\/","og_site_name":"Bolivia Contigo","article_modified_time":"2025-03-06T00:30:52+00:00","og_image":[{"width":960,"height":960,"url":"https:\/\/boliviacontigo.com\/wp-content\/uploads\/2024\/12\/TabletaCastana.jpg","type":"image\/jpeg"}],"twitter_card":"summary_large_image","twitter_misc":{"Est. reading time":"1 minute"},"schema":{"@context":"https:\/\/schema.org","@graph":[{"@type":"WebPage","@id":"https:\/\/boliviacontigo.com\/en\/product\/tableta-chocolate-castana\/","url":"https:\/\/boliviacontigo.com\/en\/product\/tableta-chocolate-castana\/","name":"Tableta Chocolate Casta\u00f1a - Bolivia Contigo","isPartOf":{"@id":"https:\/\/boliviacontigo.com\/en\/#website"},"primaryImageOfPage":{"@id":"https:\/\/boliviacontigo.com\/en\/product\/tableta-chocolate-castana\/#primaryimage"},"image":{"@id":"https:\/\/boliviacontigo.com\/en\/product\/tableta-chocolate-castana\/#primaryimage"},"thumbnailUrl":"https:\/\/boliviacontigo.com\/wp-content\/uploads\/2024\/12\/TabletaCastana.jpg","datePublished":"2024-12-29T03:26:59+00:00","dateModified":"2025-03-06T00:30:52+00:00","description":"Tableta Chocolate casta\u00f1a El Ceibo finamente elaborado a partir de cacao puro, totalmente artesanal con ingredientes 100% org\u00e1nicos.","breadcrumb":{"@id":"https:\/\/boliviacontigo.com\/en\/product\/tableta-chocolate-castana\/#breadcrumb"},"inLanguage":"en-US","potentialAction":[{"@type":"ReadAction","target":["https:\/\/boliviacontigo.com\/en\/product\/tableta-chocolate-castana\/"]}]},{"@type":"ImageObject","inLanguage":"en-US","@id":"https:\/\/boliviacontigo.com\/en\/product\/tableta-chocolate-castana\/#primaryimage","url":"https:\/\/boliviacontigo.com\/wp-content\/uploads\/2024\/12\/TabletaCastana.jpg","contentUrl":"https:\/\/boliviacontigo.com\/wp-content\/uploads\/2024\/12\/TabletaCastana.jpg","width":960,"height":960,"caption":"TabletaCasta\u00f1a"},{"@type":"BreadcrumbList","@id":"https:\/\/boliviacontigo.com\/en\/product\/tableta-chocolate-castana\/#breadcrumb","itemListElement":[{"@type":"ListItem","position":1,"name":"Home","item":"https:\/\/boliviacontigo.com\/en\/"},{"@type":"ListItem","position":2,"name":"Productos","item":"https:\/\/boliviacontigo.com\/en\/productos\/"},{"@type":"ListItem","position":3,"name":"Tableta Chocolate Casta\u00f1a"}]},{"@type":"WebSite","@id":"https:\/\/boliviacontigo.com\/en\/#website","url":"https:\/\/boliviacontigo.com\/en\/","name":"Bolivia Contigo","description":"Bolivia Contigo","potentialAction":[{"@type":"SearchAction","target":{"@type":"EntryPoint","urlTemplate":"https:\/\/boliviacontigo.com\/en\/?s={search_term_string}"},"query-input":{"@type":"PropertyValueSpecification","valueRequired":true,"valueName":"search_term_string"}}],"inLanguage":"en-US"}]}},"jetpack_sharing_enabled":true,"_links":{"self":[{"href":"https:\/\/boliviacontigo.com\/en\/wp-json\/wp\/v2\/product\/13738","targetHints":{"allow":["GET"]}}],"collection":[{"href":"https:\/\/boliviacontigo.com\/en\/wp-json\/wp\/v2\/product"}],"about":[{"href":"https:\/\/boliviacontigo.com\/en\/wp-json\/wp\/v2\/types\/product"}],"wp:featuredmedia":[{"embeddable":true,"href":"https:\/\/boliviacontigo.com\/en\/wp-json\/wp\/v2\/media\/13739"}],"wp:attachment":[{"href":"https:\/\/boliviacontigo.com\/en\/wp-json\/wp\/v2\/media?parent=13738"}],"wp:term":[{"taxonomy":"product_brand","embeddable":true,"href":"https:\/\/boliviacontigo.com\/en\/wp-json\/wp\/v2\/product_brand?post=13738"},{"taxonomy":"product_cat","embeddable":true,"href":"https:\/\/boliviacontigo.com\/en\/wp-json\/wp\/v2\/product_cat?post=13738"},{"taxonomy":"product_tag","embeddable":true,"href":"https:\/\/boliviacontigo.com\/en\/wp-json\/wp\/v2\/product_tag?post=13738"},{"taxonomy":"brand","embeddable":true,"href":"https:\/\/boliviacontigo.com\/en\/wp-json\/wp\/v2\/brand?post=13738"}],"curies":[{"name":"wp","href":"https:\/\/api.w.org\/{rel}","templated":true}]}}