{"id":13740,"date":"2024-12-28T22:30:45","date_gmt":"2024-12-29T03:30:45","guid":{"rendered":"https:\/\/boliviacontigo.com\/?post_type=product&#038;p=13740"},"modified":"2025-01-10T16:26:58","modified_gmt":"2025-01-10T21:26:58","slug":"api-morado-1000-grs","status":"publish","type":"product","link":"https:\/\/boliviacontigo.com\/en\/product\/api-morado-1000-grs\/","title":{"rendered":"Api Morado 1000 gr"},"content":{"rendered":"<p>El Api Morado es una bebida ancestral boliviana, ideal para disfrutar en cualquier momento del d\u00eda. Preparada a base de ma\u00edz morado, esta bebida es tanto nutritiva como deliciosa. Su sabor suave y ligeramente dulce, combinado con un toque de canela y clavo de olor, la convierte en una opci\u00f3n perfecta para acompa\u00f1ar tus ma\u00f1anas o como reconfortante bebida nocturna. Adem\u00e1s de su sabor \u00fanico, el Api Morado es rico en antioxidantes, gracias a su base de ma\u00edz morado, conocido por sus propiedades nutritivas y saludables. Vive la tradici\u00f3n boliviana con cada sorbo de esta deliciosa bebida.<\/p>","protected":false},"excerpt":{"rendered":"<p>Disfruta de la calidez y dulzura del Api Morado, una bebida tradicional boliviana, reconfortante y llena de sabor.<\/p>","protected":false},"featured_media":13575,"template":"","meta":{"_acf_changed":false},"product_brand":[],"product_cat":[464,616],"product_tag":[],"brand":[],"class_list":{"0":"post-13740","1":"product","2":"type-product","3":"status-publish","4":"has-post-thumbnail","6":"product_cat-alimentos-y-bebidas","7":"product_cat-bebidas-tipicas","9":"first","10":"outofstock","11":"taxable","12":"shipping-taxable","13":"purchasable","14":"product-type-simple"},"supplier_id":null,"supplier_sku":"","barcode":null,"atum_controlled":true,"out_stock_date":"2024-12-28 23:29:56","out_stock_threshold":null,"inheritable":false,"inbound_stock":0,"stock_on_hold":0,"sold_today":0,"sales_last_days":0,"reserved_stock":0,"customer_returns":0,"warehouse_damage":0,"lost_in_post":0,"other_logs":0,"out_stock_days":461,"lost_sales":0,"has_location":false,"update_date":"2026-04-04T04:35:47","atum_locations":[],"atum_stock_status":"outofstock","restock_status":false,"low_stock_amount":"","sales_update_date":"2026-04-04T04:35:47","calc_backorders":null,"acf":[],"yoast_head":"<!-- This site is optimized with the Yoast SEO plugin v24.9 - https:\/\/yoast.com\/wordpress\/plugins\/seo\/ -->\n<title>Api Morado<\/title>\n<meta name=\"description\" content=\"Disfruta de la calidez y dulzura del Api Morado, una bebida tradicional boliviana, reconfortante y llena de sabor.\" \/>\n<meta name=\"robots\" content=\"index, follow, max-snippet:-1, max-image-preview:large, max-video-preview:-1\" \/>\n<link rel=\"canonical\" href=\"https:\/\/boliviacontigo.com\/en\/product\/api-morado-1000-grs\/\" \/>\n<meta property=\"og:locale\" content=\"en_US\" \/>\n<meta property=\"og:type\" content=\"article\" \/>\n<meta property=\"og:title\" content=\"Api Morado\" \/>\n<meta property=\"og:description\" content=\"Disfruta de la calidez y dulzura del Api Morado, una bebida tradicional boliviana, reconfortante y llena de sabor.\" \/>\n<meta property=\"og:url\" content=\"https:\/\/boliviacontigo.com\/en\/product\/api-morado-1000-grs\/\" \/>\n<meta property=\"og:site_name\" content=\"Bolivia Contigo\" \/>\n<meta property=\"article:modified_time\" content=\"2025-01-10T21:26:58+00:00\" \/>\n<meta property=\"og:image\" content=\"https:\/\/boliviacontigo.com\/wp-content\/uploads\/2024\/06\/Api-Morado.png\" \/>\n\t<meta property=\"og:image:width\" content=\"479\" \/>\n\t<meta property=\"og:image:height\" content=\"700\" \/>\n\t<meta property=\"og:image:type\" content=\"image\/png\" \/>\n<meta name=\"twitter:card\" content=\"summary_large_image\" \/>\n<meta name=\"twitter:label1\" content=\"Est. reading time\" \/>\n\t<meta name=\"twitter:data1\" content=\"1 minute\" \/>\n<script type=\"application\/ld+json\" class=\"yoast-schema-graph\">{\"@context\":\"https:\/\/schema.org\",\"@graph\":[{\"@type\":\"WebPage\",\"@id\":\"https:\/\/boliviacontigo.com\/en\/product\/api-morado-1000-grs\/\",\"url\":\"https:\/\/boliviacontigo.com\/en\/product\/api-morado-1000-grs\/\",\"name\":\"Api Morado\",\"isPartOf\":{\"@id\":\"https:\/\/boliviacontigo.com\/en\/#website\"},\"primaryImageOfPage\":{\"@id\":\"https:\/\/boliviacontigo.com\/en\/product\/api-morado-1000-grs\/#primaryimage\"},\"image\":{\"@id\":\"https:\/\/boliviacontigo.com\/en\/product\/api-morado-1000-grs\/#primaryimage\"},\"thumbnailUrl\":\"https:\/\/boliviacontigo.com\/wp-content\/uploads\/2024\/06\/Api-Morado.png\",\"datePublished\":\"2024-12-29T03:30:45+00:00\",\"dateModified\":\"2025-01-10T21:26:58+00:00\",\"description\":\"Disfruta de la calidez y dulzura del Api Morado, una bebida tradicional boliviana, reconfortante y llena de sabor.\",\"breadcrumb\":{\"@id\":\"https:\/\/boliviacontigo.com\/en\/product\/api-morado-1000-grs\/#breadcrumb\"},\"inLanguage\":\"en-US\",\"potentialAction\":[{\"@type\":\"ReadAction\",\"target\":[\"https:\/\/boliviacontigo.com\/en\/product\/api-morado-1000-grs\/\"]}]},{\"@type\":\"ImageObject\",\"inLanguage\":\"en-US\",\"@id\":\"https:\/\/boliviacontigo.com\/en\/product\/api-morado-1000-grs\/#primaryimage\",\"url\":\"https:\/\/boliviacontigo.com\/wp-content\/uploads\/2024\/06\/Api-Morado.png\",\"contentUrl\":\"https:\/\/boliviacontigo.com\/wp-content\/uploads\/2024\/06\/Api-Morado.png\",\"width\":479,\"height\":700},{\"@type\":\"BreadcrumbList\",\"@id\":\"https:\/\/boliviacontigo.com\/en\/product\/api-morado-1000-grs\/#breadcrumb\",\"itemListElement\":[{\"@type\":\"ListItem\",\"position\":1,\"name\":\"Home\",\"item\":\"https:\/\/boliviacontigo.com\/en\/\"},{\"@type\":\"ListItem\",\"position\":2,\"name\":\"Productos\",\"item\":\"https:\/\/boliviacontigo.com\/en\/productos\/\"},{\"@type\":\"ListItem\",\"position\":3,\"name\":\"Api Morado 1000 gr\"}]},{\"@type\":\"WebSite\",\"@id\":\"https:\/\/boliviacontigo.com\/en\/#website\",\"url\":\"https:\/\/boliviacontigo.com\/en\/\",\"name\":\"Bolivia Contigo\",\"description\":\"Bolivia Contigo\",\"potentialAction\":[{\"@type\":\"SearchAction\",\"target\":{\"@type\":\"EntryPoint\",\"urlTemplate\":\"https:\/\/boliviacontigo.com\/en\/?s={search_term_string}\"},\"query-input\":{\"@type\":\"PropertyValueSpecification\",\"valueRequired\":true,\"valueName\":\"search_term_string\"}}],\"inLanguage\":\"en-US\"}]}<\/script>\n<!-- \/ Yoast SEO plugin. -->","yoast_head_json":{"title":"Api Morado","description":"Disfruta de la calidez y dulzura del Api Morado, una bebida tradicional boliviana, reconfortante y llena de sabor.","robots":{"index":"index","follow":"follow","max-snippet":"max-snippet:-1","max-image-preview":"max-image-preview:large","max-video-preview":"max-video-preview:-1"},"canonical":"https:\/\/boliviacontigo.com\/en\/product\/api-morado-1000-grs\/","og_locale":"en_US","og_type":"article","og_title":"Api Morado","og_description":"Disfruta de la calidez y dulzura del Api Morado, una bebida tradicional boliviana, reconfortante y llena de sabor.","og_url":"https:\/\/boliviacontigo.com\/en\/product\/api-morado-1000-grs\/","og_site_name":"Bolivia Contigo","article_modified_time":"2025-01-10T21:26:58+00:00","og_image":[{"width":479,"height":700,"url":"https:\/\/boliviacontigo.com\/wp-content\/uploads\/2024\/06\/Api-Morado.png","type":"image\/png"}],"twitter_card":"summary_large_image","twitter_misc":{"Est. reading time":"1 minute"},"schema":{"@context":"https:\/\/schema.org","@graph":[{"@type":"WebPage","@id":"https:\/\/boliviacontigo.com\/en\/product\/api-morado-1000-grs\/","url":"https:\/\/boliviacontigo.com\/en\/product\/api-morado-1000-grs\/","name":"Api Morado","isPartOf":{"@id":"https:\/\/boliviacontigo.com\/en\/#website"},"primaryImageOfPage":{"@id":"https:\/\/boliviacontigo.com\/en\/product\/api-morado-1000-grs\/#primaryimage"},"image":{"@id":"https:\/\/boliviacontigo.com\/en\/product\/api-morado-1000-grs\/#primaryimage"},"thumbnailUrl":"https:\/\/boliviacontigo.com\/wp-content\/uploads\/2024\/06\/Api-Morado.png","datePublished":"2024-12-29T03:30:45+00:00","dateModified":"2025-01-10T21:26:58+00:00","description":"Disfruta de la calidez y dulzura del Api Morado, una bebida tradicional boliviana, reconfortante y llena de sabor.","breadcrumb":{"@id":"https:\/\/boliviacontigo.com\/en\/product\/api-morado-1000-grs\/#breadcrumb"},"inLanguage":"en-US","potentialAction":[{"@type":"ReadAction","target":["https:\/\/boliviacontigo.com\/en\/product\/api-morado-1000-grs\/"]}]},{"@type":"ImageObject","inLanguage":"en-US","@id":"https:\/\/boliviacontigo.com\/en\/product\/api-morado-1000-grs\/#primaryimage","url":"https:\/\/boliviacontigo.com\/wp-content\/uploads\/2024\/06\/Api-Morado.png","contentUrl":"https:\/\/boliviacontigo.com\/wp-content\/uploads\/2024\/06\/Api-Morado.png","width":479,"height":700},{"@type":"BreadcrumbList","@id":"https:\/\/boliviacontigo.com\/en\/product\/api-morado-1000-grs\/#breadcrumb","itemListElement":[{"@type":"ListItem","position":1,"name":"Home","item":"https:\/\/boliviacontigo.com\/en\/"},{"@type":"ListItem","position":2,"name":"Productos","item":"https:\/\/boliviacontigo.com\/en\/productos\/"},{"@type":"ListItem","position":3,"name":"Api Morado 1000 gr"}]},{"@type":"WebSite","@id":"https:\/\/boliviacontigo.com\/en\/#website","url":"https:\/\/boliviacontigo.com\/en\/","name":"Bolivia Contigo","description":"Bolivia Contigo","potentialAction":[{"@type":"SearchAction","target":{"@type":"EntryPoint","urlTemplate":"https:\/\/boliviacontigo.com\/en\/?s={search_term_string}"},"query-input":{"@type":"PropertyValueSpecification","valueRequired":true,"valueName":"search_term_string"}}],"inLanguage":"en-US"}]}},"jetpack_sharing_enabled":true,"_links":{"self":[{"href":"https:\/\/boliviacontigo.com\/en\/wp-json\/wp\/v2\/product\/13740","targetHints":{"allow":["GET"]}}],"collection":[{"href":"https:\/\/boliviacontigo.com\/en\/wp-json\/wp\/v2\/product"}],"about":[{"href":"https:\/\/boliviacontigo.com\/en\/wp-json\/wp\/v2\/types\/product"}],"wp:featuredmedia":[{"embeddable":true,"href":"https:\/\/boliviacontigo.com\/en\/wp-json\/wp\/v2\/media\/13575"}],"wp:attachment":[{"href":"https:\/\/boliviacontigo.com\/en\/wp-json\/wp\/v2\/media?parent=13740"}],"wp:term":[{"taxonomy":"product_brand","embeddable":true,"href":"https:\/\/boliviacontigo.com\/en\/wp-json\/wp\/v2\/product_brand?post=13740"},{"taxonomy":"product_cat","embeddable":true,"href":"https:\/\/boliviacontigo.com\/en\/wp-json\/wp\/v2\/product_cat?post=13740"},{"taxonomy":"product_tag","embeddable":true,"href":"https:\/\/boliviacontigo.com\/en\/wp-json\/wp\/v2\/product_tag?post=13740"},{"taxonomy":"brand","embeddable":true,"href":"https:\/\/boliviacontigo.com\/en\/wp-json\/wp\/v2\/brand?post=13740"}],"curies":[{"name":"wp","href":"https:\/\/api.w.org\/{rel}","templated":true}]}}