{"id":3704,"date":"2023-05-15T08:59:32","date_gmt":"2023-05-15T08:59:32","guid":{"rendered":"https:\/\/nikstore.ecom.themepreview.xyz\/home01\/?page_id=970"},"modified":"2024-06-04T13:43:49","modified_gmt":"2024-06-04T13:43:49","slug":"faq","status":"publish","type":"page","link":"https:\/\/boliviacontigo.com\/es\/faq\/","title":{"rendered":"Preguntas Frecuentes"},"content":{"rendered":"<div data-elementor-type=\"wp-page\" data-elementor-id=\"3704\" class=\"elementor elementor-3704\">\n\t\t\t\t<div class=\"elementor-element elementor-element-5b55533 e-flex e-con-boxed e-con e-parent\" data-id=\"5b55533\" data-element_type=\"container\">\n\t\t\t\t\t<div class=\"e-con-inner\">\n\t\t<div class=\"elementor-element elementor-element-6ba067c e-con-full e-flex e-con e-child\" data-id=\"6ba067c\" data-element_type=\"container\">\n\t\t\t\t<div class=\"elementor-element elementor-element-f738646 elementor-widget elementor-widget-saasplate_saasplate_Accordion\" data-id=\"f738646\" data-element_type=\"widget\" data-widget_type=\"saasplate_saasplate_Accordion.default\">\n\t\t\t\t<div class=\"elementor-widget-container\">\n\t\t\t\t\t        <div class=\"saasplate-elementor-accordion\">\r\n        \r\n        <div class=\"accordion saasplate-accordion\">\r\n\r\n                    <div class=\"accordion__item saasplate-accordion-item medi-accordion6ac4d27 active  saasp-stone-icon-type-two\">\r\n                <div class=\"accordion-header saasplate-accordion-header\">\u00bfNecesito una cuenta para realizar un pedido?<\/div>\r\n                <div class=\"accordion__body saasplate-accordion-body\">\r\n                    <div class=\"accordion__body__contents\">\r\n                        <div class=\"accordion__body__contents_inner\">\r\n                            <div class=\"single-faq toogle_div\"><div class=\"tab_content\">No necesariamente, puedes realizar compras como invitado una sola vez, pero te aconsejamos crear una cuenta, la \u00fanica diferencia entre el invitado y el registrado es que debes poner una contrase\u00f1a, tener una cuenta te facilita comprar en el futuro.<\/div><\/div>                        <\/div>\r\n                    <\/div>\r\n\r\n                <\/div\r\n            <\/div><!-- end of accordion body -->\r\n            <\/div><!-- end of accordion item -->\r\n                    <div class=\"accordion__item saasplate-accordion-item medi-accordiond886fa8   saasp-stone-icon-type-two\">\r\n                <div class=\"accordion-header saasplate-accordion-header\">\u00bfQu\u00e9 m\u00e9todos de pago aceptan?<\/div>\r\n                <div class=\"accordion__body saasplate-accordion-body\">\r\n                    <div class=\"accordion__body__contents\">\r\n                        <div class=\"accordion__body__contents_inner\">\r\n                            <div class=\"single-faq toogle_div\"><div class=\"tab_content\">Puedes comprar nuestros productos con Visa, Master Card, Discover o American Express.<\/div><\/div>                        <\/div>\r\n                    <\/div>\r\n\r\n                <\/div\r\n            <\/div><!-- end of accordion body -->\r\n            <\/div><!-- end of accordion item -->\r\n                    <div class=\"accordion__item saasplate-accordion-item medi-accordionda81148   saasp-stone-icon-type-two\">\r\n                <div class=\"accordion-header saasplate-accordion-header\">\u00bfQu\u00e9 m\u00e9todos de env\u00edo ofrecen?<\/div>\r\n                <div class=\"accordion__body saasplate-accordion-body\">\r\n                    <div class=\"accordion__body__contents\">\r\n                        <div class=\"accordion__body__contents_inner\">\r\n                            <div class=\"single-faq toogle_div\">\n<div class=\"tab_content\">Utilizamos el correo central de Estados Unidos USPS.<\/div>\n<\/div>                        <\/div>\r\n                    <\/div>\r\n\r\n                <\/div\r\n            <\/div><!-- end of accordion body -->\r\n            <\/div><!-- end of accordion item -->\r\n                    <div class=\"accordion__item saasplate-accordion-item medi-accordion19a11eb   saasp-stone-icon-type-two\">\r\n                <div class=\"accordion-header saasplate-accordion-header\">\u00bfCu\u00e1nto tiempo tardar\u00e9 en recibir mi pedido?<\/div>\r\n                <div class=\"accordion__body saasplate-accordion-body\">\r\n                    <div class=\"accordion__body__contents\">\r\n                        <div class=\"accordion__body__contents_inner\">\r\n                            <div class=\"single-faq toogle_div\">\n<div class=\"tab_content\">Depende de tu ubicaci\u00f3n al comprar, despachamos pedidos que llegan hasta las 4:00 pm del mismo d\u00eda, despu\u00e9s de esa hora se despachan al d\u00eda siguiente dependiendo del Estado donde se debe enviar, podr\u00edas tener tu pedido en 3 a 5 dias.<\/div>\n<\/div>                        <\/div>\r\n                    <\/div>\r\n\r\n                <\/div\r\n            <\/div><!-- end of accordion body -->\r\n            <\/div><!-- end of accordion item -->\r\n                    <div class=\"accordion__item saasplate-accordion-item medi-accordion0966339   saasp-stone-icon-type-two\">\r\n                <div class=\"accordion-header saasplate-accordion-header\">\u00bfCu\u00e1l es su pol\u00edtica de devoluci\u00f3n?<\/div>\r\n                <div class=\"accordion__body saasplate-accordion-body\">\r\n                    <div class=\"accordion__body__contents\">\r\n                        <div class=\"accordion__body__contents_inner\">\r\n                            <div class=\"vc_row wpb_row vc_row-fluid\"><div class=\"wpb_column vc_column_container vc_col-sm-12\"><div class=\"vc_column-inner\"><div class=\"wpb_wrapper\"><div class=\"vc_row wpb_row vc_inner vc_row-fluid\"><div class=\"wpb_column vc_column_container vc_col-sm-12\"><div class=\"vc_column-inner\"><div class=\"wpb_wrapper\"><div class=\"faqs-container\"><div class=\"faqs-content style-1\"><div class=\"faqs-category-container\"><div class=\"single-faq toogle_div\"><div class=\"tab_content\">No aceptamos devoluciones de productos perecederos como chocolates, sopas, alimentos y bebidas de ning\u00fan tipo, ni aceptamos devoluciones de productos sanitarios. En productos como artesan\u00edas, bolsos, instrumentos, etc., la pol\u00edtica de devoluci\u00f3n es de 20 d\u00edas desde el env\u00edo, los gastos de env\u00edo y devoluci\u00f3n corren por cuenta del comprador. Los productos ser\u00e1n revisados \u200b\u200ben su estado antes de aprobar el reembolso.<\/div><\/div><\/div><\/div><\/div><\/div><\/div><\/div><\/div><\/div><\/div><\/div><\/div>                        <\/div>\r\n                    <\/div>\r\n\r\n                <\/div\r\n            <\/div><!-- end of accordion body -->\r\n            <\/div><!-- end of accordion item -->\r\n        \r\n        <\/div><!-- end of accordion -->\r\n\r\n            <\/div>\r\n\r\n\r\n\r\n\r\n\r\n\r\n        \t\t\t\t<\/div>\n\t\t\t\t<\/div>\n\t\t\t\t<\/div>\n\t\t<div class=\"elementor-element elementor-element-a0211b2 e-con-full e-flex e-con e-child\" data-id=\"a0211b2\" data-element_type=\"container\">\n\t\t<div class=\"elementor-element elementor-element-1975ef3 e-flex e-con-boxed e-con e-child\" data-id=\"1975ef3\" data-element_type=\"container\" data-settings=\"{&quot;background_background&quot;:&quot;classic&quot;}\">\n\t\t\t\t\t<div class=\"e-con-inner\">\n\t\t\t\t<div class=\"elementor-element elementor-element-42a0bef elementor-widget elementor-widget-heading\" data-id=\"42a0bef\" data-element_type=\"widget\" data-widget_type=\"heading.default\">\n\t\t\t\t<div class=\"elementor-widget-container\">\n\t\t\t\t\t<h3 class=\"elementor-heading-title elementor-size-default\">Cont\u00e1ctanos<\/h3>\t\t\t\t<\/div>\n\t\t\t\t<\/div>\n\t\t\t\t<div class=\"elementor-element elementor-element-2dd2196 elementor-widget elementor-widget-shortcode\" data-id=\"2dd2196\" data-element_type=\"widget\" data-widget_type=\"shortcode.default\">\n\t\t\t\t<div class=\"elementor-widget-container\">\n\t\t\t\t\t\t\t<div class=\"elementor-shortcode\"><div class='fluentform ff-default fluentform_wrapper_1 ffs_custom_wrap'><form data-form_id=\"1\" id=\"fluentform_1\" class=\"frm-fluent-form fluent_form_1 ff-el-form-top ff_form_instance_1_1 ff-form-loading ff_has_v3_recptcha ffs_custom\" data-form_instance=\"ff_form_instance_1_1\" method=\"POST\" data-recptcha_key=\"6LeNLLwpAAAAAIUh7_rH-dQ1v8uda1uGsSWwqs2x\" ><fieldset  style=\"border: none!important;margin: 0!important;padding: 0!important;background-color: transparent!important;box-shadow: none!important;outline: none!important; min-inline-size: 100%;\">\n                    <legend class=\"ff_screen_reader_title\" style=\"display: block; margin: 0!important;padding: 0!important;height: 0!important;text-indent: -999999px;width: 0!important;overflow:hidden;\">Formulario de Contacto<\/legend><input type='hidden' name='__fluent_form_embded_post_id' value='3704' \/><input type=\"hidden\" id=\"_fluentform_1_fluentformnonce\" name=\"_fluentform_1_fluentformnonce\" value=\"f17a45773f\" \/><input type=\"hidden\" name=\"_wp_http_referer\" value=\"\/es\/wp-json\/wp\/v2\/pages\/3704\" \/><div data-name=\"ff_cn_id_1\"  class='ff-t-container ff-column-container ff_columns_total_2  '><div class='ff-t-cell ff-t-column-1' style='flex-basis: 50%;'><div data-type=\"name-element\" data-name=\"names\" class=\" ff-field_container ff-name-field-wrapper\" ><div class='ff-t-container'><div class='ff-t-cell '><div class='ff-el-group  ff-el-form-hide_label'><div class=\"ff-el-input--label ff-el-is-required asterisk-right\"><label for='ff_1_names_first_name_' >Nombre<\/label><\/div><div class='ff-el-input--content'><input type=\"text\" name=\"names[first_name]\" id=\"ff_1_names_first_name_\" class=\"ff-el-form-control\" placeholder=\"* Nombre\" aria-invalid=\"false\" aria-required=true><\/div><\/div><\/div><\/div><\/div><\/div><div class='ff-t-cell ff-t-column-2' style='flex-basis: 50%;'><div class='ff-el-group ff-el-form-hide_label'><div class=\"ff-el-input--label ff-el-is-required asterisk-right\"><label for='ff_1_email' aria-label=\"Correo Electr\u00f3nico\">Correo Electr\u00f3nico<\/label><\/div><div class='ff-el-input--content'><input type=\"email\" name=\"email\" id=\"ff_1_email\" class=\"ff-el-form-control\" placeholder=\"* Correo Electr\u00f3nico\" data-name=\"email\"  aria-invalid=\"false\" aria-required=true><\/div><\/div><\/div><\/div><div data-name=\"ff_cn_id_2\"  class='ff-t-container ff-column-container ff_columns_total_2  '><div class='ff-t-cell ff-t-column-1' style='flex-basis: 50%;'><div class='ff-el-group ff-el-form-hide_label'><div class=\"ff-el-input--label ff-el-is-required asterisk-right\"><label for='ff_1_phone' aria-label=\"Tel\u00e9fono\">Tel\u00e9fono<\/label><\/div><div class='ff-el-input--content'><input name=\"phone\" class=\"ff-el-form-control ff-el-phone\" type=\"tel\" placeholder=\"N\u00famero de Tel\u00e9fono\" data-name=\"phone\" id=\"ff_1_phone\" inputmode=\"tel\"  aria-invalid='false' aria-required=true><\/div><\/div><\/div><div class='ff-t-cell ff-t-column-2' style='flex-basis: 50%;'><div class='ff-el-group ff-el-form-hide_label'><div class=\"ff-el-input--label ff-el-is-required asterisk-right\"><label for='ff_1_dropdown' aria-label=\"Subject\">Subject<\/label><\/div><div class='ff-el-input--content'><select name=\"dropdown\" id=\"ff_1_dropdown\" class=\"ff-el-form-control\" data-name=\"dropdown\" data-calc_value=\"0\"  aria-invalid=\"false\" aria-required=true><option value=\"\">* Seleccionar Asunto<\/option><option data-calc_value=\"1\" data-custom-properties=\"1\" value=\"Consultas\"  >Consultas<\/option><option data-calc_value=\"2\" data-custom-properties=\"2\" value=\"Solicitar un Producto\"  >Solicitar un Producto<\/option><\/select><\/div><\/div><\/div><\/div><div class='ff-el-group ff-el-form-hide_label has-conditions'><div class=\"ff-el-input--label ff-el-is-required asterisk-right\"><label for='ff_1_input_text' aria-label=\"Product\">Product<\/label><\/div><div class='ff-el-input--content'><input type=\"text\" name=\"input_text\" class=\"ff-el-form-control\" placeholder=\"Por favor escribe el producto que te gustar\u00eda comprar.\" data-name=\"input_text\" id=\"ff_1_input_text\"  aria-invalid=\"false\" aria-required=true><\/div><\/div><div class='ff-el-group ff-el-form-hide_label'><div class=\"ff-el-input--label ff-el-is-required asterisk-right\"><label for='ff_1_message' aria-label=\"Message\">Message<\/label><\/div><div class='ff-el-input--content'><textarea aria-invalid=\"false\" aria-required=true name=\"message\" id=\"ff_1_message\" class=\"ff-el-form-control\" placeholder=\"* H\u00e1ganos saber en qu\u00e9 podemos ayudar\" rows=\"4\" cols=\"2\" data-name=\"message\" ><\/textarea><\/div><\/div><div class='ff-el-group ff-text-left ff_submit_btn_wrapper'><button type=\"submit\" class=\"ff-btn ff-btn-submit ff-btn-lg ff_btn_style wpf_has_custom_css\" >Enviar Mensaje<\/button><\/div><\/fieldset><\/form><div id='fluentform_1_errors' class='ff-errors-in-stack ff_form_instance_1_1 ff-form-loading_errors ff_form_instance_1_1_errors'><\/div><\/div>        <script type=\"text\/javascript\">\n            window.fluent_form_ff_form_instance_1_1 = {\"id\":\"1\",\"settings\":{\"layout\":{\"labelPlacement\":\"top\",\"helpMessagePlacement\":\"with_label\",\"errorMessagePlacement\":\"inline\",\"cssClassName\":\"\",\"asteriskPlacement\":\"asterisk-right\"},\"restrictions\":{\"denyEmptySubmission\":{\"enabled\":false}}},\"form_instance\":\"ff_form_instance_1_1\",\"form_id_selector\":\"fluentform_1\",\"rules\":{\"names[first_name]\":{\"required\":{\"value\":true,\"message\":\"This field is required\",\"global\":false,\"global_message\":\"Este campo es obligatorio\"}},\"names[middle_name]\":{\"required\":{\"value\":false,\"message\":\"This field is required\",\"global\":false,\"global_message\":\"Este campo es obligatorio\"}},\"names[last_name]\":{\"required\":{\"value\":false,\"message\":\"This field is required\",\"global\":false,\"global_message\":\"Este campo es obligatorio\"}},\"email\":{\"required\":{\"value\":true,\"message\":\"This field is required\",\"global\":false,\"global_message\":\"Este campo es obligatorio\"},\"email\":{\"value\":true,\"message\":\"This field must contain a valid email\",\"global\":false,\"global_message\":\"Este campo debe contener un correo electr\\u00f3nico v\\u00e1lido\"}},\"phone\":{\"required\":{\"value\":true,\"message\":\"This field is required\",\"global\":false,\"global_message\":\"Este campo es obligatorio\"},\"valid_phone_number\":{\"value\":false,\"message\":\"Phone number is not valid\",\"global\":false,\"global_message\":\"Phone number is not valid\"}},\"dropdown\":{\"required\":{\"value\":true,\"message\":\"Este campo es obligatorio\",\"global_message\":\"Este campo es obligatorio\",\"global\":true}},\"input_text\":{\"required\":{\"value\":true,\"message\":\"Este campo es obligatorio\",\"global_message\":\"Este campo es obligatorio\",\"global\":true}},\"message\":{\"required\":{\"value\":true,\"message\":\"This field is required\",\"global\":false,\"global_message\":\"Este campo es obligatorio\"}},\"g-recaptcha-response\":[]},\"debounce_time\":300,\"conditionals\":{\"input_text\":{\"type\":\"any\",\"status\":true,\"conditions\":[{\"field\":\"dropdown\",\"value\":\"Request a Product\",\"operator\":\"=\"}]}}};\n                    <\/script>\n        <\/div>\n\t\t\t\t\t\t<\/div>\n\t\t\t\t<\/div>\n\t\t\t\t\t<\/div>\n\t\t\t\t<\/div>\n\t\t\t\t<\/div>\n\t\t\t\t\t<\/div>\n\t\t\t\t<\/div>\n\t\t\t\t<\/div>","protected":false},"excerpt":{"rendered":"<p>\u00bfNecesito una cuenta para realizar un pedido? No necesariamente, puedes realizar compras como invitado una sola vez, pero te aconsejamos crear una cuenta, la \u00fanica diferencia entre el invitado y el registrado es que debes poner una contrase\u00f1a, tener una cuenta te facilita comprar en el futuro. \u00bfQu\u00e9 m\u00e9todos de pago aceptan? Puedes comprar nuestros [&hellip;]<\/p>\n","protected":false},"author":2,"featured_media":0,"parent":0,"menu_order":0,"comment_status":"closed","ping_status":"closed","template":"","meta":{"_acf_changed":false,"footnotes":""},"class_list":["post-3704","page","type-page","status-publish","hentry"],"acf":[],"yoast_head":"<!-- This site is optimized with the Yoast SEO plugin v24.9 - https:\/\/yoast.com\/wordpress\/plugins\/seo\/ -->\n<title>Preguntas Frecuentes - Bolivia Contigo<\/title>\n<meta name=\"robots\" content=\"index, follow, max-snippet:-1, max-image-preview:large, max-video-preview:-1\" \/>\n<link rel=\"canonical\" href=\"https:\/\/boliviacontigo.com\/es\/faq\/\" \/>\n<meta property=\"og:locale\" content=\"es_ES\" \/>\n<meta property=\"og:type\" content=\"article\" \/>\n<meta property=\"og:title\" content=\"Preguntas Frecuentes - Bolivia Contigo\" \/>\n<meta property=\"og:description\" content=\"\u00bfNecesito una cuenta para realizar un pedido? No necesariamente, puedes realizar compras como invitado una sola vez, pero te aconsejamos crear una cuenta, la \u00fanica diferencia entre el invitado y el registrado es que debes poner una contrase\u00f1a, tener una cuenta te facilita comprar en el futuro. \u00bfQu\u00e9 m\u00e9todos de pago aceptan? Puedes comprar nuestros [&hellip;]\" \/>\n<meta property=\"og:url\" content=\"https:\/\/boliviacontigo.com\/es\/faq\/\" \/>\n<meta property=\"og:site_name\" content=\"Bolivia Contigo\" \/>\n<meta property=\"article:modified_time\" content=\"2024-06-04T13:43:49+00:00\" \/>\n<meta name=\"twitter:card\" content=\"summary_large_image\" \/>\n<meta name=\"twitter:label1\" content=\"Tiempo de lectura\" \/>\n\t<meta name=\"twitter:data1\" content=\"1 minuto\" \/>\n<script type=\"application\/ld+json\" class=\"yoast-schema-graph\">{\"@context\":\"https:\/\/schema.org\",\"@graph\":[{\"@type\":\"WebPage\",\"@id\":\"https:\/\/boliviacontigo.com\/es\/faq\/\",\"url\":\"https:\/\/boliviacontigo.com\/es\/faq\/\",\"name\":\"Preguntas Frecuentes - Bolivia Contigo\",\"isPartOf\":{\"@id\":\"https:\/\/boliviacontigo.com\/es\/#website\"},\"datePublished\":\"2023-05-15T08:59:32+00:00\",\"dateModified\":\"2024-06-04T13:43:49+00:00\",\"breadcrumb\":{\"@id\":\"https:\/\/boliviacontigo.com\/es\/faq\/#breadcrumb\"},\"inLanguage\":\"es\",\"potentialAction\":[{\"@type\":\"ReadAction\",\"target\":[\"https:\/\/boliviacontigo.com\/es\/faq\/\"]}]},{\"@type\":\"BreadcrumbList\",\"@id\":\"https:\/\/boliviacontigo.com\/es\/faq\/#breadcrumb\",\"itemListElement\":[{\"@type\":\"ListItem\",\"position\":1,\"name\":\"Home\",\"item\":\"https:\/\/boliviacontigo.com\/es\/\"},{\"@type\":\"ListItem\",\"position\":2,\"name\":\"Preguntas Frecuentes\"}]},{\"@type\":\"WebSite\",\"@id\":\"https:\/\/boliviacontigo.com\/es\/#website\",\"url\":\"https:\/\/boliviacontigo.com\/es\/\",\"name\":\"Bolivia Contigo\",\"description\":\"Bolivia Contigo\",\"potentialAction\":[{\"@type\":\"SearchAction\",\"target\":{\"@type\":\"EntryPoint\",\"urlTemplate\":\"https:\/\/boliviacontigo.com\/es\/?s={search_term_string}\"},\"query-input\":{\"@type\":\"PropertyValueSpecification\",\"valueRequired\":true,\"valueName\":\"search_term_string\"}}],\"inLanguage\":\"es\"}]}<\/script>\n<!-- \/ Yoast SEO plugin. -->","yoast_head_json":{"title":"Preguntas Frecuentes - Bolivia Contigo","robots":{"index":"index","follow":"follow","max-snippet":"max-snippet:-1","max-image-preview":"max-image-preview:large","max-video-preview":"max-video-preview:-1"},"canonical":"https:\/\/boliviacontigo.com\/es\/faq\/","og_locale":"es_ES","og_type":"article","og_title":"Preguntas Frecuentes - Bolivia Contigo","og_description":"\u00bfNecesito una cuenta para realizar un pedido? No necesariamente, puedes realizar compras como invitado una sola vez, pero te aconsejamos crear una cuenta, la \u00fanica diferencia entre el invitado y el registrado es que debes poner una contrase\u00f1a, tener una cuenta te facilita comprar en el futuro. \u00bfQu\u00e9 m\u00e9todos de pago aceptan? Puedes comprar nuestros [&hellip;]","og_url":"https:\/\/boliviacontigo.com\/es\/faq\/","og_site_name":"Bolivia Contigo","article_modified_time":"2024-06-04T13:43:49+00:00","twitter_card":"summary_large_image","twitter_misc":{"Tiempo de lectura":"1 minuto"},"schema":{"@context":"https:\/\/schema.org","@graph":[{"@type":"WebPage","@id":"https:\/\/boliviacontigo.com\/es\/faq\/","url":"https:\/\/boliviacontigo.com\/es\/faq\/","name":"Preguntas Frecuentes - Bolivia Contigo","isPartOf":{"@id":"https:\/\/boliviacontigo.com\/es\/#website"},"datePublished":"2023-05-15T08:59:32+00:00","dateModified":"2024-06-04T13:43:49+00:00","breadcrumb":{"@id":"https:\/\/boliviacontigo.com\/es\/faq\/#breadcrumb"},"inLanguage":"es","potentialAction":[{"@type":"ReadAction","target":["https:\/\/boliviacontigo.com\/es\/faq\/"]}]},{"@type":"BreadcrumbList","@id":"https:\/\/boliviacontigo.com\/es\/faq\/#breadcrumb","itemListElement":[{"@type":"ListItem","position":1,"name":"Home","item":"https:\/\/boliviacontigo.com\/es\/"},{"@type":"ListItem","position":2,"name":"Preguntas Frecuentes"}]},{"@type":"WebSite","@id":"https:\/\/boliviacontigo.com\/es\/#website","url":"https:\/\/boliviacontigo.com\/es\/","name":"Bolivia Contigo","description":"Bolivia Contigo","potentialAction":[{"@type":"SearchAction","target":{"@type":"EntryPoint","urlTemplate":"https:\/\/boliviacontigo.com\/es\/?s={search_term_string}"},"query-input":{"@type":"PropertyValueSpecification","valueRequired":true,"valueName":"search_term_string"}}],"inLanguage":"es"}]}},"jetpack_sharing_enabled":true,"_links":{"self":[{"href":"https:\/\/boliviacontigo.com\/es\/wp-json\/wp\/v2\/pages\/3704","targetHints":{"allow":["GET"]}}],"collection":[{"href":"https:\/\/boliviacontigo.com\/es\/wp-json\/wp\/v2\/pages"}],"about":[{"href":"https:\/\/boliviacontigo.com\/es\/wp-json\/wp\/v2\/types\/page"}],"author":[{"embeddable":true,"href":"https:\/\/boliviacontigo.com\/es\/wp-json\/wp\/v2\/users\/2"}],"replies":[{"embeddable":true,"href":"https:\/\/boliviacontigo.com\/es\/wp-json\/wp\/v2\/comments?post=3704"}],"version-history":[{"count":28,"href":"https:\/\/boliviacontigo.com\/es\/wp-json\/wp\/v2\/pages\/3704\/revisions"}],"predecessor-version":[{"id":13548,"href":"https:\/\/boliviacontigo.com\/es\/wp-json\/wp\/v2\/pages\/3704\/revisions\/13548"}],"wp:attachment":[{"href":"https:\/\/boliviacontigo.com\/es\/wp-json\/wp\/v2\/media?parent=3704"}],"curies":[{"name":"wp","href":"https:\/\/api.w.org\/{rel}","templated":true}]}}