{"id":57,"date":"2023-03-26T04:59:57","date_gmt":"2023-03-26T04:59:57","guid":{"rendered":"https:\/\/nikstore.ecom.themepreview.xyz\/home01\/?page_id=57"},"modified":"2024-06-04T13:03:00","modified_gmt":"2024-06-04T13:03:00","slug":"nosotros","status":"publish","type":"page","link":"https:\/\/boliviacontigo.com\/es\/nosotros\/","title":{"rendered":"Nosotros"},"content":{"rendered":"<div data-elementor-type=\"wp-page\" data-elementor-id=\"57\" class=\"elementor elementor-57\">\n\t\t\t\t<div class=\"elementor-element elementor-element-56fac08 e-flex e-con-boxed e-con e-parent\" data-id=\"56fac08\" data-element_type=\"container\">\n\t\t\t\t\t<div class=\"e-con-inner\">\n\t\t<div class=\"elementor-element elementor-element-853fbfe e-con-full e-flex e-con e-child\" data-id=\"853fbfe\" data-element_type=\"container\">\n\t\t\t\t<div class=\"elementor-element elementor-element-c87aee4 elementor-widget elementor-widget-heading\" data-id=\"c87aee4\" data-element_type=\"widget\" data-widget_type=\"heading.default\">\n\t\t\t\t<div class=\"elementor-widget-container\">\n\t\t\t\t\t<h2 class=\"elementor-heading-title elementor-size-default\">Qui\u00e9nes Somos<\/h2>\t\t\t\t<\/div>\n\t\t\t\t<\/div>\n\t\t\t\t<div class=\"elementor-element elementor-element-4cfa28c elementor-widget elementor-widget-heading\" data-id=\"4cfa28c\" data-element_type=\"widget\" data-widget_type=\"heading.default\">\n\t\t\t\t<div class=\"elementor-widget-container\">\n\t\t\t\t\t<h2 class=\"elementor-heading-title elementor-size-default\">Sobre Bolivia Contigo<\/h2>\t\t\t\t<\/div>\n\t\t\t\t<\/div>\n\t\t\t\t<div class=\"elementor-element elementor-element-1c61b84 elementor-widget elementor-widget-heading\" data-id=\"1c61b84\" data-element_type=\"widget\" data-widget_type=\"heading.default\">\n\t\t\t\t<div class=\"elementor-widget-container\">\n\t\t\t\t\t<p class=\"elementor-heading-title elementor-size-default\">Bienvenido a Bolivia Contigo, tu puerta de entrada a productos bolivianos premium en los Estados Unidos de Am\u00e9rica. Nuestra misi\u00f3n es simple: convertirnos en la principal plataforma de comercio electr\u00f3nico que muestre la riqueza y diversidad de la artesan\u00eda y la cultura bolivianas. Respaldada por empresas l\u00edderes como CyberGlobalNet, Radio Am\u00e9rica y Cybix en la regi\u00f3n metropolitana de Washington DC, as\u00ed como por estimados socios comerciales, Bolivia Contigo se encuentra a la vanguardia de la innovaci\u00f3n y la confiabilidad.<\/p>\t\t\t\t<\/div>\n\t\t\t\t<\/div>\n\t\t\t\t<div class=\"elementor-element elementor-element-5cce486 elementor-widget elementor-widget-heading\" data-id=\"5cce486\" data-element_type=\"widget\" data-widget_type=\"heading.default\">\n\t\t\t\t<div class=\"elementor-widget-container\">\n\t\t\t\t\t<p class=\"elementor-heading-title elementor-size-default\">Nos enorgullecemos de ofrecer una cuidada selecci\u00f3n de productos, meticulosamente elegidos por su calidad, diversidad y asequibilidad. Desde artesan\u00edas tradicionales hasta innovaciones modernas, nos esforzamos por satisfacer todos los gustos y preferencias. Nuestro compromiso con la excelencia se extiende m\u00e1s all\u00e1 de nuestra oferta de productos: priorizamos el servicio r\u00e1pido y la satisfacci\u00f3n del cliente por encima de todo.<\/p>\t\t\t\t<\/div>\n\t\t\t\t<\/div>\n\t\t\t\t<div class=\"elementor-element elementor-element-eb8ceed elementor-widget elementor-widget-button\" data-id=\"eb8ceed\" data-element_type=\"widget\" data-widget_type=\"button.default\">\n\t\t\t\t<div class=\"elementor-widget-container\">\n\t\t\t\t\t\t\t\t\t<div class=\"elementor-button-wrapper\">\n\t\t\t\t\t<a class=\"elementor-button elementor-button-link elementor-size-sm\" href=\"\/shop\">\n\t\t\t\t\t\t<span class=\"elementor-button-content-wrapper\">\n\t\t\t\t\t\t<span class=\"elementor-button-icon\">\n\t\t\t\t<i aria-hidden=\"true\" class=\"ri ri-arrow-right-line\"><\/i>\t\t\t<\/span>\n\t\t\t\t\t\t\t\t\t<span class=\"elementor-button-text\">Empezar a Comprar<\/span>\n\t\t\t\t\t<\/span>\n\t\t\t\t\t<\/a>\n\t\t\t\t<\/div>\n\t\t\t\t\t\t\t\t<\/div>\n\t\t\t\t<\/div>\n\t\t\t\t<\/div>\n\t\t<div class=\"elementor-element elementor-element-10b0858 e-con-full e-flex e-con e-child\" data-id=\"10b0858\" data-element_type=\"container\" data-settings=\"{&quot;background_background&quot;:&quot;classic&quot;}\">\n\t\t\t\t<div class=\"elementor-element elementor-element-be9813c elementor-widget elementor-widget-video\" data-id=\"be9813c\" data-element_type=\"widget\" data-settings=\"{&quot;youtube_url&quot;:&quot;https:\\\/\\\/youtube.com\\\/watch?v=MGc0Yk6Ikt4?si=fosHqjd_CROqKrbx&quot;,&quot;video_type&quot;:&quot;youtube&quot;,&quot;controls&quot;:&quot;yes&quot;}\" data-no-translation=\"\" data-widget_type=\"video.default\">\n\t\t\t\t<div class=\"elementor-widget-container\">\n\t\t\t\t\t<style>.elementor-element-be9813c{display:none !important}<\/style>\t\t\t\t<\/div>\n\t\t\t\t<\/div>\n\t\t\t\t<div class=\"elementor-element elementor-element-7d44c38 elementor-widget elementor-widget-video\" data-id=\"7d44c38\" data-element_type=\"widget\" data-settings=\"{&quot;youtube_url&quot;:&quot;https:\\\/\\\/youtube.com\\\/watch?v=aTyRlPFK-mk?si=fosHqjd_CROqKrbx&quot;,&quot;video_type&quot;:&quot;youtube&quot;,&quot;controls&quot;:&quot;yes&quot;}\" data-widget_type=\"video.default\">\n\t\t\t\t<div class=\"elementor-widget-container\">\n\t\t\t\t\t\t\t<div class=\"elementor-wrapper elementor-open-inline\">\n\t\t\t<div class=\"elementor-video\"><\/div>\t\t<\/div>\n\t\t\t\t\t\t<\/div>\n\t\t\t\t<\/div>\n\t\t\t\t<\/div>\n\t\t\t\t\t<\/div>\n\t\t\t\t<\/div>\n\t\t<div class=\"elementor-element elementor-element-64995f3 e-flex e-con-boxed e-con e-parent\" data-id=\"64995f3\" data-element_type=\"container\">\n\t\t\t\t\t<div class=\"e-con-inner\">\n\t\t<div class=\"elementor-element elementor-element-979b5ec e-flex e-con-boxed e-con e-child\" data-id=\"979b5ec\" data-element_type=\"container\" data-settings=\"{&quot;background_background&quot;:&quot;classic&quot;}\">\n\t\t\t\t\t<div class=\"e-con-inner\">\n\t\t<div class=\"elementor-element elementor-element-60ffc52 e-con-full elementor-hidden-mobile e-flex e-con e-child\" data-id=\"60ffc52\" data-element_type=\"container\">\n\t\t\t\t<div class=\"elementor-element elementor-element-141a05c elementor-widget elementor-widget-image\" data-id=\"141a05c\" data-element_type=\"widget\" data-widget_type=\"image.default\">\n\t\t\t\t<div class=\"elementor-widget-container\">\n\t\t\t\t\t\t\t\t\t\t\t\t\t\t\t<img fetchpriority=\"high\" decoding=\"async\" width=\"182\" height=\"300\" src=\"https:\/\/boliviacontigo.com\/wp-content\/uploads\/2024\/04\/ceibolitos-182x300.png\" class=\"attachment-medium size-medium wp-image-13117\" alt=\"\" srcset=\"https:\/\/boliviacontigo.com\/wp-content\/uploads\/2024\/04\/ceibolitos-182x300.png 182w, https:\/\/boliviacontigo.com\/wp-content\/uploads\/2024\/04\/ceibolitos-7x12.png 7w, https:\/\/boliviacontigo.com\/wp-content\/uploads\/2024\/04\/ceibolitos-600x991.png 600w, https:\/\/boliviacontigo.com\/wp-content\/uploads\/2024\/04\/ceibolitos.png 602w\" sizes=\"(max-width: 182px) 100vw, 182px\" \/>\t\t\t\t\t\t\t\t\t\t\t\t\t\t\t<\/div>\n\t\t\t\t<\/div>\n\t\t\t\t<\/div>\n\t\t<div class=\"elementor-element elementor-element-c7d9076 e-con-full e-flex e-con e-child\" data-id=\"c7d9076\" data-element_type=\"container\">\n\t\t\t\t<div class=\"elementor-element elementor-element-3ac64fd elementor-widget elementor-widget-heading\" data-id=\"3ac64fd\" data-element_type=\"widget\" data-widget_type=\"heading.default\">\n\t\t\t\t<div class=\"elementor-widget-container\">\n\t\t\t\t\t<h2 class=\"elementor-heading-title elementor-size-default\">Productos M\u00e1s Vendidos<\/h2>\t\t\t\t<\/div>\n\t\t\t\t<\/div>\n\t\t\t\t<div class=\"elementor-element elementor-element-27fd1c0 elementor-widget elementor-widget-button\" data-id=\"27fd1c0\" data-element_type=\"widget\" data-widget_type=\"button.default\">\n\t\t\t\t<div class=\"elementor-widget-container\">\n\t\t\t\t\t\t\t\t\t<div class=\"elementor-button-wrapper\">\n\t\t\t\t\t<a class=\"elementor-button elementor-button-link elementor-size-sm\" href=\"\/productos\">\n\t\t\t\t\t\t<span class=\"elementor-button-content-wrapper\">\n\t\t\t\t\t\t<span class=\"elementor-button-icon\">\n\t\t\t\t<i aria-hidden=\"true\" class=\"ri ri-arrow-right-line\"><\/i>\t\t\t<\/span>\n\t\t\t\t\t\t\t\t\t<span class=\"elementor-button-text\">Comprar Ahora<\/span>\n\t\t\t\t\t<\/span>\n\t\t\t\t\t<\/a>\n\t\t\t\t<\/div>\n\t\t\t\t\t\t\t\t<\/div>\n\t\t\t\t<\/div>\n\t\t\t\t<\/div>\n\t\t<div class=\"elementor-element elementor-element-48b620e elementor-hidden-mobile e-flex e-con-boxed e-con e-child\" data-id=\"48b620e\" data-element_type=\"container\">\n\t\t\t\t\t<div class=\"e-con-inner\">\n\t\t\t\t<div class=\"elementor-element elementor-element-76ec7a3 elementor-widget elementor-widget-image\" data-id=\"76ec7a3\" data-element_type=\"widget\" data-widget_type=\"image.default\">\n\t\t\t\t<div class=\"elementor-widget-container\">\n\t\t\t\t\t\t\t\t\t\t\t\t\t\t\t<img decoding=\"async\" width=\"640\" height=\"640\" src=\"https:\/\/boliviacontigo.com\/wp-content\/uploads\/2024\/03\/iman-de-llama-02-1024x1024.png\" class=\"attachment-large size-large wp-image-12451\" alt=\"\" srcset=\"https:\/\/boliviacontigo.com\/wp-content\/uploads\/2024\/03\/iman-de-llama-02-1024x1024.png 1024w, https:\/\/boliviacontigo.com\/wp-content\/uploads\/2024\/03\/iman-de-llama-02-300x300.png 300w, https:\/\/boliviacontigo.com\/wp-content\/uploads\/2024\/03\/iman-de-llama-02-150x150.png 150w, https:\/\/boliviacontigo.com\/wp-content\/uploads\/2024\/03\/iman-de-llama-02-768x768.png 768w, https:\/\/boliviacontigo.com\/wp-content\/uploads\/2024\/03\/iman-de-llama-02-1536x1536.png 1536w, https:\/\/boliviacontigo.com\/wp-content\/uploads\/2024\/03\/iman-de-llama-02-750x750.png 750w, https:\/\/boliviacontigo.com\/wp-content\/uploads\/2024\/03\/iman-de-llama-02-416x416.png 416w, https:\/\/boliviacontigo.com\/wp-content\/uploads\/2024\/03\/iman-de-llama-02-244x244.png 244w, https:\/\/boliviacontigo.com\/wp-content\/uploads\/2024\/03\/iman-de-llama-02-600x600.png 600w, https:\/\/boliviacontigo.com\/wp-content\/uploads\/2024\/03\/iman-de-llama-02-100x100.png 100w, https:\/\/boliviacontigo.com\/wp-content\/uploads\/2024\/03\/iman-de-llama-02.png 1800w\" sizes=\"(max-width: 640px) 100vw, 640px\" \/>\t\t\t\t\t\t\t\t\t\t\t\t\t\t\t<\/div>\n\t\t\t\t<\/div>\n\t\t\t\t\t<\/div>\n\t\t\t\t<\/div>\n\t\t\t\t\t<\/div>\n\t\t\t\t<\/div>\n\t\t\t\t\t<\/div>\n\t\t\t\t<\/div>\n\t\t<div class=\"elementor-element elementor-element-c0866f8 e-flex e-con-boxed e-con e-parent\" data-id=\"c0866f8\" data-element_type=\"container\">\n\t\t\t\t\t<div class=\"e-con-inner\">\n\t\t<div class=\"elementor-element elementor-element-babd1e4 e-con-full e-flex e-con e-child\" data-id=\"babd1e4\" data-element_type=\"container\">\n\t\t\t\t<div class=\"elementor-element elementor-element-ff477d0 elementor-widget elementor-widget-image\" data-id=\"ff477d0\" data-element_type=\"widget\" data-widget_type=\"image.default\">\n\t\t\t\t<div class=\"elementor-widget-container\">\n\t\t\t\t\t\t\t\t\t\t\t\t\t\t\t<img decoding=\"async\" width=\"640\" height=\"366\" src=\"https:\/\/boliviacontigo.com\/wp-content\/uploads\/2024\/03\/COLLAGE-BOL-1024x585.jpg\" class=\"attachment-large size-large wp-image-12389\" alt=\"\" srcset=\"https:\/\/boliviacontigo.com\/wp-content\/uploads\/2024\/03\/COLLAGE-BOL-1024x585.jpg 1024w, https:\/\/boliviacontigo.com\/wp-content\/uploads\/2024\/03\/COLLAGE-BOL-300x171.jpg 300w, https:\/\/boliviacontigo.com\/wp-content\/uploads\/2024\/03\/COLLAGE-BOL-768x439.jpg 768w, https:\/\/boliviacontigo.com\/wp-content\/uploads\/2024\/03\/COLLAGE-BOL-600x343.jpg 600w, https:\/\/boliviacontigo.com\/wp-content\/uploads\/2024\/03\/COLLAGE-BOL.jpg 1400w\" sizes=\"(max-width: 640px) 100vw, 640px\" \/>\t\t\t\t\t\t\t\t\t\t\t\t\t\t\t<\/div>\n\t\t\t\t<\/div>\n\t\t\t\t<\/div>\n\t\t<div class=\"elementor-element elementor-element-34d9d2e e-con-full e-flex e-con e-child\" data-id=\"34d9d2e\" data-element_type=\"container\">\n\t\t\t\t<div class=\"elementor-element elementor-element-4624651 elementor-widget elementor-widget-heading\" data-id=\"4624651\" data-element_type=\"widget\" data-widget_type=\"heading.default\">\n\t\t\t\t<div class=\"elementor-widget-container\">\n\t\t\t\t\t<h2 class=\"elementor-heading-title elementor-size-default\">Qui\u00e9nes Somos<\/h2>\t\t\t\t<\/div>\n\t\t\t\t<\/div>\n\t\t\t\t<div class=\"elementor-element elementor-element-b844aad elementor-widget elementor-widget-heading\" data-id=\"b844aad\" data-element_type=\"widget\" data-widget_type=\"heading.default\">\n\t\t\t\t<div class=\"elementor-widget-container\">\n\t\t\t\t\t<h2 class=\"elementor-heading-title elementor-size-default\">Ofrecemos Productos Bolivianos en Estados Unidos<\/h2>\t\t\t\t<\/div>\n\t\t\t\t<\/div>\n\t\t\t\t<div class=\"elementor-element elementor-element-5187bb0 elementor-widget elementor-widget-heading\" data-id=\"5187bb0\" data-element_type=\"widget\" data-widget_type=\"heading.default\">\n\t\t\t\t<div class=\"elementor-widget-container\">\n\t\t\t\t\t<p class=\"elementor-heading-title elementor-size-default\">En Bolivia Contigo, tus comentarios son importantes. Agradecemos sugerencias y recomendaciones de productos que despierten su inter\u00e9s. Nuestro equipo dedicado har\u00e1 todo lo posible para obtener los mejores productos adaptados a sus necesidades.<\/p>\t\t\t\t<\/div>\n\t\t\t\t<\/div>\n\t\t\t\t<div class=\"elementor-element elementor-element-1a8c288 elementor-widget elementor-widget-heading\" data-id=\"1a8c288\" data-element_type=\"widget\" data-widget_type=\"heading.default\">\n\t\t\t\t<div class=\"elementor-widget-container\">\n\t\t\t\t\t<p class=\"elementor-heading-title elementor-size-default\">\u00danase a nosotros en este viaje de descubrimiento y celebraci\u00f3n del patrimonio boliviano. Experimenta la esencia de Bolivia, al alcance de tu mano.<\/p>\t\t\t\t<\/div>\n\t\t\t\t<\/div>\n\t\t\t\t<div class=\"elementor-element elementor-element-012fabc elementor-widget elementor-widget-button\" data-id=\"012fabc\" data-element_type=\"widget\" data-widget_type=\"button.default\">\n\t\t\t\t<div class=\"elementor-widget-container\">\n\t\t\t\t\t\t\t\t\t<div class=\"elementor-button-wrapper\">\n\t\t\t\t\t<a class=\"elementor-button elementor-button-link elementor-size-sm\" href=\"\/contacto\">\n\t\t\t\t\t\t<span class=\"elementor-button-content-wrapper\">\n\t\t\t\t\t\t<span class=\"elementor-button-icon\">\n\t\t\t\t<i aria-hidden=\"true\" class=\"ri ri-arrow-right-line\"><\/i>\t\t\t<\/span>\n\t\t\t\t\t\t\t\t\t<span class=\"elementor-button-text\">Cont\u00e1ctanos<\/span>\n\t\t\t\t\t<\/span>\n\t\t\t\t\t<\/a>\n\t\t\t\t<\/div>\n\t\t\t\t\t\t\t\t<\/div>\n\t\t\t\t<\/div>\n\t\t\t\t<\/div>\n\t\t\t\t\t<\/div>\n\t\t\t\t<\/div>\n\t\t\t\t<\/div>","protected":false},"excerpt":{"rendered":"<p>Qui\u00e9nes Somos Sobre Bolivia Contigo Bienvenido a Bolivia Contigo, tu puerta de entrada a productos bolivianos premium en los Estados Unidos de Am\u00e9rica. Nuestra misi\u00f3n es simple: convertirnos en la principal plataforma de comercio electr\u00f3nico que muestre la riqueza y diversidad de la artesan\u00eda y la cultura bolivianas. Respaldada por empresas l\u00edderes como CyberGlobalNet, Radio [&hellip;]<\/p>\n","protected":false},"author":2,"featured_media":0,"parent":0,"menu_order":0,"comment_status":"closed","ping_status":"closed","template":"","meta":{"_acf_changed":false,"footnotes":""},"class_list":["post-57","page","type-page","status-publish","hentry"],"acf":[],"yoast_head":"<!-- This site is optimized with the Yoast SEO plugin v24.9 - https:\/\/yoast.com\/wordpress\/plugins\/seo\/ -->\n<title>Acerca de Bolivia Contigo<\/title>\n<meta name=\"description\" content=\"Acerca de Bolivia Contigo pretende ser el exponente de comercio electr\u00f3nico m\u00e1s importante de productos bolivianos en los Estados Unidos.\" \/>\n<meta name=\"robots\" content=\"index, follow, max-snippet:-1, max-image-preview:large, max-video-preview:-1\" \/>\n<link rel=\"canonical\" href=\"https:\/\/boliviacontigo.com\/es\/nosotros\/\" \/>\n<meta property=\"og:locale\" content=\"es_ES\" \/>\n<meta property=\"og:type\" content=\"article\" \/>\n<meta property=\"og:title\" content=\"Acerca de Bolivia Contigo\" \/>\n<meta property=\"og:description\" content=\"Acerca de Bolivia Contigo pretende ser el exponente de comercio electr\u00f3nico m\u00e1s importante de productos bolivianos en los Estados Unidos.\" \/>\n<meta property=\"og:url\" content=\"https:\/\/boliviacontigo.com\/es\/nosotros\/\" \/>\n<meta property=\"og:site_name\" content=\"Bolivia Contigo\" \/>\n<meta property=\"article:modified_time\" content=\"2024-06-04T13:03:00+00:00\" \/>\n<meta property=\"og:image\" content=\"https:\/\/boliviacontigo.com\/wp-content\/uploads\/2024\/04\/ceibolitos-182x300.png\" \/>\n<meta name=\"twitter:card\" content=\"summary_large_image\" \/>\n<meta name=\"twitter:label1\" content=\"Tiempo de lectura\" \/>\n\t<meta name=\"twitter:data1\" content=\"2 minutos\" \/>\n<script type=\"application\/ld+json\" class=\"yoast-schema-graph\">{\"@context\":\"https:\/\/schema.org\",\"@graph\":[{\"@type\":\"WebPage\",\"@id\":\"https:\/\/boliviacontigo.com\/es\/nosotros\/\",\"url\":\"https:\/\/boliviacontigo.com\/es\/nosotros\/\",\"name\":\"Acerca de Bolivia Contigo\",\"isPartOf\":{\"@id\":\"https:\/\/boliviacontigo.com\/es\/#website\"},\"primaryImageOfPage\":{\"@id\":\"https:\/\/boliviacontigo.com\/es\/nosotros\/#primaryimage\"},\"image\":{\"@id\":\"https:\/\/boliviacontigo.com\/es\/nosotros\/#primaryimage\"},\"thumbnailUrl\":\"https:\/\/boliviacontigo.com\/wp-content\/uploads\/2024\/04\/ceibolitos-182x300.png\",\"datePublished\":\"2023-03-26T04:59:57+00:00\",\"dateModified\":\"2024-06-04T13:03:00+00:00\",\"description\":\"Acerca de Bolivia Contigo pretende ser el exponente de comercio electr\u00f3nico m\u00e1s importante de productos bolivianos en los Estados Unidos.\",\"breadcrumb\":{\"@id\":\"https:\/\/boliviacontigo.com\/es\/nosotros\/#breadcrumb\"},\"inLanguage\":\"es\",\"potentialAction\":[{\"@type\":\"ReadAction\",\"target\":[\"https:\/\/boliviacontigo.com\/es\/nosotros\/\"]}]},{\"@type\":\"ImageObject\",\"inLanguage\":\"es\",\"@id\":\"https:\/\/boliviacontigo.com\/es\/nosotros\/#primaryimage\",\"url\":\"https:\/\/boliviacontigo.com\/wp-content\/uploads\/2024\/04\/ceibolitos-182x300.png\",\"contentUrl\":\"https:\/\/boliviacontigo.com\/wp-content\/uploads\/2024\/04\/ceibolitos-182x300.png\"},{\"@type\":\"BreadcrumbList\",\"@id\":\"https:\/\/boliviacontigo.com\/es\/nosotros\/#breadcrumb\",\"itemListElement\":[{\"@type\":\"ListItem\",\"position\":1,\"name\":\"Home\",\"item\":\"https:\/\/boliviacontigo.com\/es\/\"},{\"@type\":\"ListItem\",\"position\":2,\"name\":\"Nosotros\"}]},{\"@type\":\"WebSite\",\"@id\":\"https:\/\/boliviacontigo.com\/es\/#website\",\"url\":\"https:\/\/boliviacontigo.com\/es\/\",\"name\":\"Bolivia Contigo\",\"description\":\"Bolivia Contigo\",\"potentialAction\":[{\"@type\":\"SearchAction\",\"target\":{\"@type\":\"EntryPoint\",\"urlTemplate\":\"https:\/\/boliviacontigo.com\/es\/?s={search_term_string}\"},\"query-input\":{\"@type\":\"PropertyValueSpecification\",\"valueRequired\":true,\"valueName\":\"search_term_string\"}}],\"inLanguage\":\"es\"}]}<\/script>\n<!-- \/ Yoast SEO plugin. -->","yoast_head_json":{"title":"Acerca de Bolivia Contigo","description":"Acerca de Bolivia Contigo pretende ser el exponente de comercio electr\u00f3nico m\u00e1s importante de productos bolivianos en los Estados Unidos.","robots":{"index":"index","follow":"follow","max-snippet":"max-snippet:-1","max-image-preview":"max-image-preview:large","max-video-preview":"max-video-preview:-1"},"canonical":"https:\/\/boliviacontigo.com\/es\/nosotros\/","og_locale":"es_ES","og_type":"article","og_title":"Acerca de Bolivia Contigo","og_description":"Acerca de Bolivia Contigo pretende ser el exponente de comercio electr\u00f3nico m\u00e1s importante de productos bolivianos en los Estados Unidos.","og_url":"https:\/\/boliviacontigo.com\/es\/nosotros\/","og_site_name":"Bolivia Contigo","article_modified_time":"2024-06-04T13:03:00+00:00","og_image":[{"url":"https:\/\/boliviacontigo.com\/wp-content\/uploads\/2024\/04\/ceibolitos-182x300.png","type":"","width":"","height":""}],"twitter_card":"summary_large_image","twitter_misc":{"Tiempo de lectura":"2 minutos"},"schema":{"@context":"https:\/\/schema.org","@graph":[{"@type":"WebPage","@id":"https:\/\/boliviacontigo.com\/es\/nosotros\/","url":"https:\/\/boliviacontigo.com\/es\/nosotros\/","name":"Acerca de Bolivia Contigo","isPartOf":{"@id":"https:\/\/boliviacontigo.com\/es\/#website"},"primaryImageOfPage":{"@id":"https:\/\/boliviacontigo.com\/es\/nosotros\/#primaryimage"},"image":{"@id":"https:\/\/boliviacontigo.com\/es\/nosotros\/#primaryimage"},"thumbnailUrl":"https:\/\/boliviacontigo.com\/wp-content\/uploads\/2024\/04\/ceibolitos-182x300.png","datePublished":"2023-03-26T04:59:57+00:00","dateModified":"2024-06-04T13:03:00+00:00","description":"Acerca de Bolivia Contigo pretende ser el exponente de comercio electr\u00f3nico m\u00e1s importante de productos bolivianos en los Estados Unidos.","breadcrumb":{"@id":"https:\/\/boliviacontigo.com\/es\/nosotros\/#breadcrumb"},"inLanguage":"es","potentialAction":[{"@type":"ReadAction","target":["https:\/\/boliviacontigo.com\/es\/nosotros\/"]}]},{"@type":"ImageObject","inLanguage":"es","@id":"https:\/\/boliviacontigo.com\/es\/nosotros\/#primaryimage","url":"https:\/\/boliviacontigo.com\/wp-content\/uploads\/2024\/04\/ceibolitos-182x300.png","contentUrl":"https:\/\/boliviacontigo.com\/wp-content\/uploads\/2024\/04\/ceibolitos-182x300.png"},{"@type":"BreadcrumbList","@id":"https:\/\/boliviacontigo.com\/es\/nosotros\/#breadcrumb","itemListElement":[{"@type":"ListItem","position":1,"name":"Home","item":"https:\/\/boliviacontigo.com\/es\/"},{"@type":"ListItem","position":2,"name":"Nosotros"}]},{"@type":"WebSite","@id":"https:\/\/boliviacontigo.com\/es\/#website","url":"https:\/\/boliviacontigo.com\/es\/","name":"Bolivia Contigo","description":"Bolivia Contigo","potentialAction":[{"@type":"SearchAction","target":{"@type":"EntryPoint","urlTemplate":"https:\/\/boliviacontigo.com\/es\/?s={search_term_string}"},"query-input":{"@type":"PropertyValueSpecification","valueRequired":true,"valueName":"search_term_string"}}],"inLanguage":"es"}]}},"jetpack_sharing_enabled":true,"_links":{"self":[{"href":"https:\/\/boliviacontigo.com\/es\/wp-json\/wp\/v2\/pages\/57","targetHints":{"allow":["GET"]}}],"collection":[{"href":"https:\/\/boliviacontigo.com\/es\/wp-json\/wp\/v2\/pages"}],"about":[{"href":"https:\/\/boliviacontigo.com\/es\/wp-json\/wp\/v2\/types\/page"}],"author":[{"embeddable":true,"href":"https:\/\/boliviacontigo.com\/es\/wp-json\/wp\/v2\/users\/2"}],"replies":[{"embeddable":true,"href":"https:\/\/boliviacontigo.com\/es\/wp-json\/wp\/v2\/comments?post=57"}],"version-history":[{"count":67,"href":"https:\/\/boliviacontigo.com\/es\/wp-json\/wp\/v2\/pages\/57\/revisions"}],"predecessor-version":[{"id":13521,"href":"https:\/\/boliviacontigo.com\/es\/wp-json\/wp\/v2\/pages\/57\/revisions\/13521"}],"wp:attachment":[{"href":"https:\/\/boliviacontigo.com\/es\/wp-json\/wp\/v2\/media?parent=57"}],"curies":[{"name":"wp","href":"https:\/\/api.w.org\/{rel}","templated":true}]}}