{"id":11251,"date":"2022-06-13T17:09:39","date_gmt":"2022-06-13T17:09:39","guid":{"rendered":"https:\/\/boliviacontigo.com\/?post_type=product&#038;p=11251"},"modified":"2025-01-10T15:55:22","modified_gmt":"2025-01-10T20:55:22","slug":"cunape-original","status":"publish","type":"product","link":"https:\/\/boliviacontigo.com\/es\/product\/cunape-original\/","title":{"rendered":"Cu\u00f1ap\u00e9 Original"},"content":{"rendered":"<p>El Cu\u00f1ap\u00e9 es un ic\u00f3nico pan boliviano conocido por su sabor \u00fanico y su textura suave y ligeramente crocante. Preparado con queso fresco y almid\u00f3n de yuca, este bocado tradicional combina ingredientes simples pero llenos de sabor que reflejan la rica herencia culinaria de Bolivia. Ideal para disfrutar caliente como un snack, acompa\u00f1ar un caf\u00e9 o t\u00e9, o ser el centro de atenci\u00f3n en reuniones familiares y eventos. Su aroma irresistible y su sabor aut\u00e9ntico lo convierten en una elecci\u00f3n perfecta para quienes buscan una experiencia gastron\u00f3mica tradicional y deliciosa.<\/p>\n","protected":false},"excerpt":{"rendered":"<p>Cu\u00f1ap\u00e9 original. Cu\u00f1as originales congeladas listas para hornear. El Cu\u00f1ap\u00e9 es un panecillo elaborado con queso y f\u00e9cula de yuca.<\/p>\n","protected":false},"featured_media":12627,"template":"","meta":{"_acf_changed":false},"product_brand":[],"product_cat":[464,475],"product_tag":[],"brand":[611],"class_list":{"0":"post-11251","1":"product","2":"type-product","3":"status-publish","4":"has-post-thumbnail","6":"product_cat-alimentos-y-bebidas","7":"product_cat-snacks-aperitivos","8":"brand-hipermaxi","10":"first","11":"outofstock","12":"taxable","13":"shipping-taxable","14":"purchasable","15":"product-type-simple"},"supplier_id":null,"supplier_sku":"","barcode":null,"atum_controlled":true,"out_stock_date":"2024-12-26 00:58:14","out_stock_threshold":null,"inheritable":false,"inbound_stock":0,"stock_on_hold":0,"sold_today":0,"sales_last_days":0,"reserved_stock":0,"customer_returns":0,"warehouse_damage":0,"lost_in_post":0,"other_logs":0,"out_stock_days":467,"lost_sales":0,"has_location":false,"update_date":"2026-04-07T05:54:43","atum_locations":[],"atum_stock_status":"outofstock","restock_status":false,"low_stock_amount":5,"sales_update_date":"2026-04-07T05:54:43","calc_backorders":null,"acf":[],"yoast_head":"<!-- This site is optimized with the Yoast SEO plugin v24.9 - https:\/\/yoast.com\/wordpress\/plugins\/seo\/ -->\n<title>Cu\u00f1ap\u00e9 Original - Bolivia Contigo<\/title>\n<meta name=\"description\" content=\"Disfruta del aut\u00e9ntico sabor del Cu\u00f1ap\u00e9, una delicia tradicional boliviana hecha con queso y almid\u00f3n de yuca, perfecta para cualquier momento del d\u00eda.\" \/>\n<meta name=\"robots\" content=\"index, follow, max-snippet:-1, max-image-preview:large, max-video-preview:-1\" \/>\n<link rel=\"canonical\" href=\"https:\/\/boliviacontigo.com\/es\/product\/cunape-original\/\" \/>\n<meta property=\"og:locale\" content=\"es_ES\" \/>\n<meta property=\"og:type\" content=\"article\" \/>\n<meta property=\"og:title\" content=\"Cu\u00f1ap\u00e9 Original - Bolivia Contigo\" \/>\n<meta property=\"og:description\" content=\"Disfruta del aut\u00e9ntico sabor del Cu\u00f1ap\u00e9, una delicia tradicional boliviana hecha con queso y almid\u00f3n de yuca, perfecta para cualquier momento del d\u00eda.\" \/>\n<meta property=\"og:url\" content=\"https:\/\/boliviacontigo.com\/es\/product\/cunape-original\/\" \/>\n<meta property=\"og:site_name\" content=\"Bolivia Contigo\" \/>\n<meta property=\"article:modified_time\" content=\"2025-01-10T20:55:22+00:00\" \/>\n<meta property=\"og:image\" content=\"https:\/\/boliviacontigo.com\/wp-content\/uploads\/2024\/03\/cunape-de-queso-tradicional.jpg\" \/>\n\t<meta property=\"og:image:width\" content=\"1500\" \/>\n\t<meta property=\"og:image:height\" content=\"1500\" \/>\n\t<meta property=\"og:image:type\" content=\"image\/jpeg\" \/>\n<meta name=\"twitter:card\" content=\"summary_large_image\" \/>\n<meta name=\"twitter:label1\" content=\"Tiempo de lectura\" \/>\n\t<meta name=\"twitter:data1\" content=\"1 minuto\" \/>\n<script type=\"application\/ld+json\" class=\"yoast-schema-graph\">{\"@context\":\"https:\/\/schema.org\",\"@graph\":[{\"@type\":\"WebPage\",\"@id\":\"https:\/\/boliviacontigo.com\/es\/product\/cunape-original\/\",\"url\":\"https:\/\/boliviacontigo.com\/es\/product\/cunape-original\/\",\"name\":\"Cu\u00f1ap\u00e9 Original - Bolivia Contigo\",\"isPartOf\":{\"@id\":\"https:\/\/boliviacontigo.com\/es\/#website\"},\"primaryImageOfPage\":{\"@id\":\"https:\/\/boliviacontigo.com\/es\/product\/cunape-original\/#primaryimage\"},\"image\":{\"@id\":\"https:\/\/boliviacontigo.com\/es\/product\/cunape-original\/#primaryimage\"},\"thumbnailUrl\":\"https:\/\/boliviacontigo.com\/wp-content\/uploads\/2024\/03\/cunape-de-queso-tradicional.jpg\",\"datePublished\":\"2022-06-13T17:09:39+00:00\",\"dateModified\":\"2025-01-10T20:55:22+00:00\",\"description\":\"Disfruta del aut\u00e9ntico sabor del Cu\u00f1ap\u00e9, una delicia tradicional boliviana hecha con queso y almid\u00f3n de yuca, perfecta para cualquier momento del d\u00eda.\",\"breadcrumb\":{\"@id\":\"https:\/\/boliviacontigo.com\/es\/product\/cunape-original\/#breadcrumb\"},\"inLanguage\":\"es\",\"potentialAction\":[{\"@type\":\"ReadAction\",\"target\":[\"https:\/\/boliviacontigo.com\/es\/product\/cunape-original\/\"]}]},{\"@type\":\"ImageObject\",\"inLanguage\":\"es\",\"@id\":\"https:\/\/boliviacontigo.com\/es\/product\/cunape-original\/#primaryimage\",\"url\":\"https:\/\/boliviacontigo.com\/wp-content\/uploads\/2024\/03\/cunape-de-queso-tradicional.jpg\",\"contentUrl\":\"https:\/\/boliviacontigo.com\/wp-content\/uploads\/2024\/03\/cunape-de-queso-tradicional.jpg\",\"width\":1500,\"height\":1500,\"caption\":\"Original Cu\u00f1ap\u00e9\"},{\"@type\":\"BreadcrumbList\",\"@id\":\"https:\/\/boliviacontigo.com\/es\/product\/cunape-original\/#breadcrumb\",\"itemListElement\":[{\"@type\":\"ListItem\",\"position\":1,\"name\":\"Home\",\"item\":\"https:\/\/boliviacontigo.com\/es\/\"},{\"@type\":\"ListItem\",\"position\":2,\"name\":\"Productos\",\"item\":\"https:\/\/boliviacontigo.com\/es\/productos\/\"},{\"@type\":\"ListItem\",\"position\":3,\"name\":\"Cu\u00f1ap\u00e9 Original\"}]},{\"@type\":\"WebSite\",\"@id\":\"https:\/\/boliviacontigo.com\/es\/#website\",\"url\":\"https:\/\/boliviacontigo.com\/es\/\",\"name\":\"Bolivia Contigo\",\"description\":\"Bolivia Contigo\",\"potentialAction\":[{\"@type\":\"SearchAction\",\"target\":{\"@type\":\"EntryPoint\",\"urlTemplate\":\"https:\/\/boliviacontigo.com\/es\/?s={search_term_string}\"},\"query-input\":{\"@type\":\"PropertyValueSpecification\",\"valueRequired\":true,\"valueName\":\"search_term_string\"}}],\"inLanguage\":\"es\"}]}<\/script>\n<!-- \/ Yoast SEO plugin. -->","yoast_head_json":{"title":"Cu\u00f1ap\u00e9 Original - Bolivia Contigo","description":"Disfruta del aut\u00e9ntico sabor del Cu\u00f1ap\u00e9, una delicia tradicional boliviana hecha con queso y almid\u00f3n de yuca, perfecta para cualquier momento del d\u00eda.","robots":{"index":"index","follow":"follow","max-snippet":"max-snippet:-1","max-image-preview":"max-image-preview:large","max-video-preview":"max-video-preview:-1"},"canonical":"https:\/\/boliviacontigo.com\/es\/product\/cunape-original\/","og_locale":"es_ES","og_type":"article","og_title":"Cu\u00f1ap\u00e9 Original - Bolivia Contigo","og_description":"Disfruta del aut\u00e9ntico sabor del Cu\u00f1ap\u00e9, una delicia tradicional boliviana hecha con queso y almid\u00f3n de yuca, perfecta para cualquier momento del d\u00eda.","og_url":"https:\/\/boliviacontigo.com\/es\/product\/cunape-original\/","og_site_name":"Bolivia Contigo","article_modified_time":"2025-01-10T20:55:22+00:00","og_image":[{"width":1500,"height":1500,"url":"https:\/\/boliviacontigo.com\/wp-content\/uploads\/2024\/03\/cunape-de-queso-tradicional.jpg","type":"image\/jpeg"}],"twitter_card":"summary_large_image","twitter_misc":{"Tiempo de lectura":"1 minuto"},"schema":{"@context":"https:\/\/schema.org","@graph":[{"@type":"WebPage","@id":"https:\/\/boliviacontigo.com\/es\/product\/cunape-original\/","url":"https:\/\/boliviacontigo.com\/es\/product\/cunape-original\/","name":"Cu\u00f1ap\u00e9 Original - Bolivia Contigo","isPartOf":{"@id":"https:\/\/boliviacontigo.com\/es\/#website"},"primaryImageOfPage":{"@id":"https:\/\/boliviacontigo.com\/es\/product\/cunape-original\/#primaryimage"},"image":{"@id":"https:\/\/boliviacontigo.com\/es\/product\/cunape-original\/#primaryimage"},"thumbnailUrl":"https:\/\/boliviacontigo.com\/wp-content\/uploads\/2024\/03\/cunape-de-queso-tradicional.jpg","datePublished":"2022-06-13T17:09:39+00:00","dateModified":"2025-01-10T20:55:22+00:00","description":"Disfruta del aut\u00e9ntico sabor del Cu\u00f1ap\u00e9, una delicia tradicional boliviana hecha con queso y almid\u00f3n de yuca, perfecta para cualquier momento del d\u00eda.","breadcrumb":{"@id":"https:\/\/boliviacontigo.com\/es\/product\/cunape-original\/#breadcrumb"},"inLanguage":"es","potentialAction":[{"@type":"ReadAction","target":["https:\/\/boliviacontigo.com\/es\/product\/cunape-original\/"]}]},{"@type":"ImageObject","inLanguage":"es","@id":"https:\/\/boliviacontigo.com\/es\/product\/cunape-original\/#primaryimage","url":"https:\/\/boliviacontigo.com\/wp-content\/uploads\/2024\/03\/cunape-de-queso-tradicional.jpg","contentUrl":"https:\/\/boliviacontigo.com\/wp-content\/uploads\/2024\/03\/cunape-de-queso-tradicional.jpg","width":1500,"height":1500,"caption":"Original Cu\u00f1ap\u00e9"},{"@type":"BreadcrumbList","@id":"https:\/\/boliviacontigo.com\/es\/product\/cunape-original\/#breadcrumb","itemListElement":[{"@type":"ListItem","position":1,"name":"Home","item":"https:\/\/boliviacontigo.com\/es\/"},{"@type":"ListItem","position":2,"name":"Productos","item":"https:\/\/boliviacontigo.com\/es\/productos\/"},{"@type":"ListItem","position":3,"name":"Cu\u00f1ap\u00e9 Original"}]},{"@type":"WebSite","@id":"https:\/\/boliviacontigo.com\/es\/#website","url":"https:\/\/boliviacontigo.com\/es\/","name":"Bolivia Contigo","description":"Bolivia Contigo","potentialAction":[{"@type":"SearchAction","target":{"@type":"EntryPoint","urlTemplate":"https:\/\/boliviacontigo.com\/es\/?s={search_term_string}"},"query-input":{"@type":"PropertyValueSpecification","valueRequired":true,"valueName":"search_term_string"}}],"inLanguage":"es"}]}},"jetpack_sharing_enabled":true,"_links":{"self":[{"href":"https:\/\/boliviacontigo.com\/es\/wp-json\/wp\/v2\/product\/11251","targetHints":{"allow":["GET"]}}],"collection":[{"href":"https:\/\/boliviacontigo.com\/es\/wp-json\/wp\/v2\/product"}],"about":[{"href":"https:\/\/boliviacontigo.com\/es\/wp-json\/wp\/v2\/types\/product"}],"wp:featuredmedia":[{"embeddable":true,"href":"https:\/\/boliviacontigo.com\/es\/wp-json\/wp\/v2\/media\/12627"}],"wp:attachment":[{"href":"https:\/\/boliviacontigo.com\/es\/wp-json\/wp\/v2\/media?parent=11251"}],"wp:term":[{"taxonomy":"product_brand","embeddable":true,"href":"https:\/\/boliviacontigo.com\/es\/wp-json\/wp\/v2\/product_brand?post=11251"},{"taxonomy":"product_cat","embeddable":true,"href":"https:\/\/boliviacontigo.com\/es\/wp-json\/wp\/v2\/product_cat?post=11251"},{"taxonomy":"product_tag","embeddable":true,"href":"https:\/\/boliviacontigo.com\/es\/wp-json\/wp\/v2\/product_tag?post=11251"},{"taxonomy":"brand","embeddable":true,"href":"https:\/\/boliviacontigo.com\/es\/wp-json\/wp\/v2\/brand?post=11251"}],"curies":[{"name":"wp","href":"https:\/\/api.w.org\/{rel}","templated":true}]}}