{"id":11331,"date":"2022-06-14T10:45:35","date_gmt":"2022-06-14T10:45:35","guid":{"rendered":"https:\/\/boliviacontigo.com\/?post_type=product&#038;p=11331"},"modified":"2025-01-10T16:09:11","modified_gmt":"2025-01-10T21:09:11","slug":"ceibolitos-amaranto","status":"publish","type":"product","link":"https:\/\/boliviacontigo.com\/es\/product\/ceibolitos-amaranto\/","title":{"rendered":"Ceibolitos de Amaranto"},"content":{"rendered":"<p>Los Ceibolitos de Amaranto son una deliciosa opci\u00f3n para quienes buscan un snack nutritivo y lleno de sabor. Hechos con amaranto, un superalimento rico en prote\u00ednas, fibra y minerales esenciales, estos Ceibolitos ofrecen una textura crujiente y un sabor \u00fanico. El amaranto, conocido por sus beneficios para la salud, hace de este snack una opci\u00f3n ideal para quienes cuidan su alimentaci\u00f3n sin sacrificar el sabor. Perfectos para disfrutar entre comidas o como un acompa\u00f1ante saludable en tu d\u00eda a d\u00eda, los Ceibolitos de Amaranto son una excelente forma de incorporar este nutritivo grano en tu dieta.<\/p>\n","protected":false},"excerpt":{"rendered":"<p>Los Ceibolitos de Amaranto ofrece calidad y pureza, aporta gran cantidad de amino\u00e1cidos, prote\u00ednas y vitaminas.<\/p>\n","protected":false},"featured_media":12664,"template":"","meta":{"_acf_changed":false},"product_brand":[],"product_cat":[464,465],"product_tag":[],"brand":[566],"class_list":{"0":"post-11331","1":"product","2":"type-product","3":"status-publish","4":"has-post-thumbnail","6":"product_cat-alimentos-y-bebidas","7":"product_cat-chocolate-dulces","8":"brand-el-ceibo","10":"first","11":"outofstock","12":"featured","13":"taxable","14":"shipping-taxable","15":"purchasable","16":"product-type-simple"},"supplier_id":null,"supplier_sku":"","barcode":null,"atum_controlled":true,"out_stock_date":"2024-12-27 10:01:28","out_stock_threshold":null,"inheritable":false,"inbound_stock":0,"stock_on_hold":0,"sold_today":0,"sales_last_days":0,"reserved_stock":0,"customer_returns":0,"warehouse_damage":0,"lost_in_post":0,"other_logs":0,"out_stock_days":472,"lost_sales":0,"has_location":false,"update_date":"2026-04-14T07:31:31","atum_locations":[],"atum_stock_status":"outofstock","restock_status":false,"low_stock_amount":2,"sales_update_date":"2026-04-14T07:31:31","calc_backorders":null,"acf":[],"yoast_head":"<!-- This site is optimized with the Yoast SEO plugin v24.9 - https:\/\/yoast.com\/wordpress\/plugins\/seo\/ -->\n<title>Ceibolitos de Amaranto - Bolivia Contigo<\/title>\n<meta name=\"description\" content=\"Disfruta de los Ceibolitos de Amaranto, un snack saludable y crujiente lleno de sabor y beneficios nutricionales, perfecto para cualquier momento del d\u00eda.\" \/>\n<meta name=\"robots\" content=\"index, follow, max-snippet:-1, max-image-preview:large, max-video-preview:-1\" \/>\n<link rel=\"canonical\" href=\"https:\/\/boliviacontigo.com\/es\/product\/ceibolitos-amaranto\/\" \/>\n<meta property=\"og:locale\" content=\"es_ES\" \/>\n<meta property=\"og:type\" content=\"article\" \/>\n<meta property=\"og:title\" content=\"Ceibolitos de Amaranto - Bolivia Contigo\" \/>\n<meta property=\"og:description\" content=\"Disfruta de los Ceibolitos de Amaranto, un snack saludable y crujiente lleno de sabor y beneficios nutricionales, perfecto para cualquier momento del d\u00eda.\" \/>\n<meta property=\"og:url\" content=\"https:\/\/boliviacontigo.com\/es\/product\/ceibolitos-amaranto\/\" \/>\n<meta property=\"og:site_name\" content=\"Bolivia Contigo\" \/>\n<meta property=\"article:modified_time\" content=\"2025-01-10T21:09:11+00:00\" \/>\n<meta property=\"og:image\" content=\"https:\/\/boliviacontigo.com\/wp-content\/uploads\/2024\/03\/CEIBOLITOS-6-1000x1000h.jpg\" \/>\n\t<meta property=\"og:image:width\" content=\"1000\" \/>\n\t<meta property=\"og:image:height\" content=\"1000\" \/>\n\t<meta property=\"og:image:type\" content=\"image\/jpeg\" \/>\n<meta name=\"twitter:card\" content=\"summary_large_image\" \/>\n<meta name=\"twitter:label1\" content=\"Tiempo de lectura\" \/>\n\t<meta name=\"twitter:data1\" content=\"1 minuto\" \/>\n<script type=\"application\/ld+json\" class=\"yoast-schema-graph\">{\"@context\":\"https:\/\/schema.org\",\"@graph\":[{\"@type\":\"WebPage\",\"@id\":\"https:\/\/boliviacontigo.com\/es\/product\/ceibolitos-amaranto\/\",\"url\":\"https:\/\/boliviacontigo.com\/es\/product\/ceibolitos-amaranto\/\",\"name\":\"Ceibolitos de Amaranto - Bolivia Contigo\",\"isPartOf\":{\"@id\":\"https:\/\/boliviacontigo.com\/es\/#website\"},\"primaryImageOfPage\":{\"@id\":\"https:\/\/boliviacontigo.com\/es\/product\/ceibolitos-amaranto\/#primaryimage\"},\"image\":{\"@id\":\"https:\/\/boliviacontigo.com\/es\/product\/ceibolitos-amaranto\/#primaryimage\"},\"thumbnailUrl\":\"https:\/\/boliviacontigo.com\/wp-content\/uploads\/2024\/03\/CEIBOLITOS-6-1000x1000h.jpg\",\"datePublished\":\"2022-06-14T10:45:35+00:00\",\"dateModified\":\"2025-01-10T21:09:11+00:00\",\"description\":\"Disfruta de los Ceibolitos de Amaranto, un snack saludable y crujiente lleno de sabor y beneficios nutricionales, perfecto para cualquier momento del d\u00eda.\",\"breadcrumb\":{\"@id\":\"https:\/\/boliviacontigo.com\/es\/product\/ceibolitos-amaranto\/#breadcrumb\"},\"inLanguage\":\"es\",\"potentialAction\":[{\"@type\":\"ReadAction\",\"target\":[\"https:\/\/boliviacontigo.com\/es\/product\/ceibolitos-amaranto\/\"]}]},{\"@type\":\"ImageObject\",\"inLanguage\":\"es\",\"@id\":\"https:\/\/boliviacontigo.com\/es\/product\/ceibolitos-amaranto\/#primaryimage\",\"url\":\"https:\/\/boliviacontigo.com\/wp-content\/uploads\/2024\/03\/CEIBOLITOS-6-1000x1000h.jpg\",\"contentUrl\":\"https:\/\/boliviacontigo.com\/wp-content\/uploads\/2024\/03\/CEIBOLITOS-6-1000x1000h.jpg\",\"width\":1000,\"height\":1000,\"caption\":\"Amaranth Ceibolitos\"},{\"@type\":\"BreadcrumbList\",\"@id\":\"https:\/\/boliviacontigo.com\/es\/product\/ceibolitos-amaranto\/#breadcrumb\",\"itemListElement\":[{\"@type\":\"ListItem\",\"position\":1,\"name\":\"Home\",\"item\":\"https:\/\/boliviacontigo.com\/es\/\"},{\"@type\":\"ListItem\",\"position\":2,\"name\":\"Productos\",\"item\":\"https:\/\/boliviacontigo.com\/es\/productos\/\"},{\"@type\":\"ListItem\",\"position\":3,\"name\":\"Ceibolitos de Amaranto\"}]},{\"@type\":\"WebSite\",\"@id\":\"https:\/\/boliviacontigo.com\/es\/#website\",\"url\":\"https:\/\/boliviacontigo.com\/es\/\",\"name\":\"Bolivia Contigo\",\"description\":\"Bolivia Contigo\",\"potentialAction\":[{\"@type\":\"SearchAction\",\"target\":{\"@type\":\"EntryPoint\",\"urlTemplate\":\"https:\/\/boliviacontigo.com\/es\/?s={search_term_string}\"},\"query-input\":{\"@type\":\"PropertyValueSpecification\",\"valueRequired\":true,\"valueName\":\"search_term_string\"}}],\"inLanguage\":\"es\"}]}<\/script>\n<!-- \/ Yoast SEO plugin. -->","yoast_head_json":{"title":"Ceibolitos de Amaranto - Bolivia Contigo","description":"Disfruta de los Ceibolitos de Amaranto, un snack saludable y crujiente lleno de sabor y beneficios nutricionales, perfecto para cualquier momento del d\u00eda.","robots":{"index":"index","follow":"follow","max-snippet":"max-snippet:-1","max-image-preview":"max-image-preview:large","max-video-preview":"max-video-preview:-1"},"canonical":"https:\/\/boliviacontigo.com\/es\/product\/ceibolitos-amaranto\/","og_locale":"es_ES","og_type":"article","og_title":"Ceibolitos de Amaranto - Bolivia Contigo","og_description":"Disfruta de los Ceibolitos de Amaranto, un snack saludable y crujiente lleno de sabor y beneficios nutricionales, perfecto para cualquier momento del d\u00eda.","og_url":"https:\/\/boliviacontigo.com\/es\/product\/ceibolitos-amaranto\/","og_site_name":"Bolivia Contigo","article_modified_time":"2025-01-10T21:09:11+00:00","og_image":[{"width":1000,"height":1000,"url":"https:\/\/boliviacontigo.com\/wp-content\/uploads\/2024\/03\/CEIBOLITOS-6-1000x1000h.jpg","type":"image\/jpeg"}],"twitter_card":"summary_large_image","twitter_misc":{"Tiempo de lectura":"1 minuto"},"schema":{"@context":"https:\/\/schema.org","@graph":[{"@type":"WebPage","@id":"https:\/\/boliviacontigo.com\/es\/product\/ceibolitos-amaranto\/","url":"https:\/\/boliviacontigo.com\/es\/product\/ceibolitos-amaranto\/","name":"Ceibolitos de Amaranto - Bolivia Contigo","isPartOf":{"@id":"https:\/\/boliviacontigo.com\/es\/#website"},"primaryImageOfPage":{"@id":"https:\/\/boliviacontigo.com\/es\/product\/ceibolitos-amaranto\/#primaryimage"},"image":{"@id":"https:\/\/boliviacontigo.com\/es\/product\/ceibolitos-amaranto\/#primaryimage"},"thumbnailUrl":"https:\/\/boliviacontigo.com\/wp-content\/uploads\/2024\/03\/CEIBOLITOS-6-1000x1000h.jpg","datePublished":"2022-06-14T10:45:35+00:00","dateModified":"2025-01-10T21:09:11+00:00","description":"Disfruta de los Ceibolitos de Amaranto, un snack saludable y crujiente lleno de sabor y beneficios nutricionales, perfecto para cualquier momento del d\u00eda.","breadcrumb":{"@id":"https:\/\/boliviacontigo.com\/es\/product\/ceibolitos-amaranto\/#breadcrumb"},"inLanguage":"es","potentialAction":[{"@type":"ReadAction","target":["https:\/\/boliviacontigo.com\/es\/product\/ceibolitos-amaranto\/"]}]},{"@type":"ImageObject","inLanguage":"es","@id":"https:\/\/boliviacontigo.com\/es\/product\/ceibolitos-amaranto\/#primaryimage","url":"https:\/\/boliviacontigo.com\/wp-content\/uploads\/2024\/03\/CEIBOLITOS-6-1000x1000h.jpg","contentUrl":"https:\/\/boliviacontigo.com\/wp-content\/uploads\/2024\/03\/CEIBOLITOS-6-1000x1000h.jpg","width":1000,"height":1000,"caption":"Amaranth Ceibolitos"},{"@type":"BreadcrumbList","@id":"https:\/\/boliviacontigo.com\/es\/product\/ceibolitos-amaranto\/#breadcrumb","itemListElement":[{"@type":"ListItem","position":1,"name":"Home","item":"https:\/\/boliviacontigo.com\/es\/"},{"@type":"ListItem","position":2,"name":"Productos","item":"https:\/\/boliviacontigo.com\/es\/productos\/"},{"@type":"ListItem","position":3,"name":"Ceibolitos de Amaranto"}]},{"@type":"WebSite","@id":"https:\/\/boliviacontigo.com\/es\/#website","url":"https:\/\/boliviacontigo.com\/es\/","name":"Bolivia Contigo","description":"Bolivia Contigo","potentialAction":[{"@type":"SearchAction","target":{"@type":"EntryPoint","urlTemplate":"https:\/\/boliviacontigo.com\/es\/?s={search_term_string}"},"query-input":{"@type":"PropertyValueSpecification","valueRequired":true,"valueName":"search_term_string"}}],"inLanguage":"es"}]}},"jetpack_sharing_enabled":true,"_links":{"self":[{"href":"https:\/\/boliviacontigo.com\/es\/wp-json\/wp\/v2\/product\/11331","targetHints":{"allow":["GET"]}}],"collection":[{"href":"https:\/\/boliviacontigo.com\/es\/wp-json\/wp\/v2\/product"}],"about":[{"href":"https:\/\/boliviacontigo.com\/es\/wp-json\/wp\/v2\/types\/product"}],"wp:featuredmedia":[{"embeddable":true,"href":"https:\/\/boliviacontigo.com\/es\/wp-json\/wp\/v2\/media\/12664"}],"wp:attachment":[{"href":"https:\/\/boliviacontigo.com\/es\/wp-json\/wp\/v2\/media?parent=11331"}],"wp:term":[{"taxonomy":"product_brand","embeddable":true,"href":"https:\/\/boliviacontigo.com\/es\/wp-json\/wp\/v2\/product_brand?post=11331"},{"taxonomy":"product_cat","embeddable":true,"href":"https:\/\/boliviacontigo.com\/es\/wp-json\/wp\/v2\/product_cat?post=11331"},{"taxonomy":"product_tag","embeddable":true,"href":"https:\/\/boliviacontigo.com\/es\/wp-json\/wp\/v2\/product_tag?post=11331"},{"taxonomy":"brand","embeddable":true,"href":"https:\/\/boliviacontigo.com\/es\/wp-json\/wp\/v2\/brand?post=11331"}],"curies":[{"name":"wp","href":"https:\/\/api.w.org\/{rel}","templated":true}]}}