{"id":11351,"date":"2022-06-14T10:55:26","date_gmt":"2022-06-14T10:55:26","guid":{"rendered":"https:\/\/boliviacontigo.com\/?post_type=product&#038;p=11351"},"modified":"2025-01-10T16:10:07","modified_gmt":"2025-01-10T21:10:07","slug":"juego-de-ajedrez-artesanal","status":"publish","type":"product","link":"https:\/\/boliviacontigo.com\/es\/product\/juego-de-ajedrez-artesanal\/","title":{"rendered":"Juego de Ajedrez Artesanal"},"content":{"rendered":"<p>El Ajedrez Artesanal es una pieza \u00fanica que eleva tu experiencia de juego a otro nivel. Hecho a mano por talentosos artesanos, este ajedrez combina materiales de alta calidad con t\u00e9cnicas tradicionales para crear un tablero y piezas que no solo son funcionales, sino tambi\u00e9n decorativas. Cada pieza est\u00e1 cuidadosamente elaborada, reflejando detalles intrincados y un dise\u00f1o que resalta la belleza de la artesan\u00eda local. Ideal para quienes buscan algo m\u00e1s que un juego, el Ajedrez Artesanal es tambi\u00e9n una pieza de colecci\u00f3n que aportar\u00e1 un toque de distinci\u00f3n a tu hogar u oficina.<\/p>\n","protected":false},"excerpt":{"rendered":"<p>Juego de Ajedrez Hecho a Mano de 26cm x 26cm (10.25in x 10.25in) elaborado cien por cien a mano.<\/p>\n","protected":false},"featured_media":12666,"template":"","meta":{"_acf_changed":false},"product_brand":[],"product_cat":[15,527],"product_tag":[],"brand":[],"class_list":{"0":"post-11351","1":"product","2":"type-product","3":"status-publish","4":"has-post-thumbnail","6":"product_cat-artesania-decoracion","7":"product_cat-juegos-artesanales","9":"first","10":"outofstock","11":"taxable","12":"shipping-taxable","13":"purchasable","14":"product-type-simple"},"supplier_id":null,"supplier_sku":"","barcode":null,"atum_controlled":true,"out_stock_date":"2024-12-26 00:57:08","out_stock_threshold":null,"inheritable":false,"inbound_stock":0,"stock_on_hold":0,"sold_today":0,"sales_last_days":0,"reserved_stock":0,"customer_returns":0,"warehouse_damage":0,"lost_in_post":0,"other_logs":0,"out_stock_days":465,"lost_sales":0,"has_location":false,"update_date":"2026-04-05T04:48:59","atum_locations":[],"atum_stock_status":"outofstock","restock_status":false,"low_stock_amount":1,"sales_update_date":"2026-04-05T04:48:59","calc_backorders":null,"acf":[],"yoast_head":"<!-- This site is optimized with the Yoast SEO plugin v24.9 - https:\/\/yoast.com\/wordpress\/plugins\/seo\/ -->\n<title>Juego de Ajedrez Artesanal - Bolivia Contigo<\/title>\n<meta name=\"description\" content=\"Disfruta de una partida \u00fanica con el Ajedrez Artesanal, una pieza de arte hecha a mano que combina tradici\u00f3n y elegancia en cada movimiento.\" \/>\n<meta name=\"robots\" content=\"index, follow, max-snippet:-1, max-image-preview:large, max-video-preview:-1\" \/>\n<link rel=\"canonical\" href=\"https:\/\/boliviacontigo.com\/es\/product\/juego-de-ajedrez-artesanal\/\" \/>\n<meta property=\"og:locale\" content=\"es_ES\" \/>\n<meta property=\"og:type\" content=\"article\" \/>\n<meta property=\"og:title\" content=\"Juego de Ajedrez Artesanal - Bolivia Contigo\" \/>\n<meta property=\"og:description\" content=\"Disfruta de una partida \u00fanica con el Ajedrez Artesanal, una pieza de arte hecha a mano que combina tradici\u00f3n y elegancia en cada movimiento.\" \/>\n<meta property=\"og:url\" content=\"https:\/\/boliviacontigo.com\/es\/product\/juego-de-ajedrez-artesanal\/\" \/>\n<meta property=\"og:site_name\" content=\"Bolivia Contigo\" \/>\n<meta property=\"article:modified_time\" content=\"2025-01-10T21:10:07+00:00\" \/>\n<meta property=\"og:image\" content=\"https:\/\/boliviacontigo.com\/wp-content\/uploads\/2024\/03\/ajedrez-artesanal-abierto-fichas-y-tablero-de-madera.jpg\" \/>\n\t<meta property=\"og:image:width\" content=\"1500\" \/>\n\t<meta property=\"og:image:height\" content=\"1500\" \/>\n\t<meta property=\"og:image:type\" content=\"image\/jpeg\" \/>\n<meta name=\"twitter:card\" content=\"summary_large_image\" \/>\n<meta name=\"twitter:label1\" content=\"Tiempo de lectura\" \/>\n\t<meta name=\"twitter:data1\" content=\"1 minuto\" \/>\n<script type=\"application\/ld+json\" class=\"yoast-schema-graph\">{\"@context\":\"https:\/\/schema.org\",\"@graph\":[{\"@type\":\"WebPage\",\"@id\":\"https:\/\/boliviacontigo.com\/es\/product\/juego-de-ajedrez-artesanal\/\",\"url\":\"https:\/\/boliviacontigo.com\/es\/product\/juego-de-ajedrez-artesanal\/\",\"name\":\"Juego de Ajedrez Artesanal - Bolivia Contigo\",\"isPartOf\":{\"@id\":\"https:\/\/boliviacontigo.com\/es\/#website\"},\"primaryImageOfPage\":{\"@id\":\"https:\/\/boliviacontigo.com\/es\/product\/juego-de-ajedrez-artesanal\/#primaryimage\"},\"image\":{\"@id\":\"https:\/\/boliviacontigo.com\/es\/product\/juego-de-ajedrez-artesanal\/#primaryimage\"},\"thumbnailUrl\":\"https:\/\/boliviacontigo.com\/wp-content\/uploads\/2024\/03\/ajedrez-artesanal-abierto-fichas-y-tablero-de-madera.jpg\",\"datePublished\":\"2022-06-14T10:55:26+00:00\",\"dateModified\":\"2025-01-10T21:10:07+00:00\",\"description\":\"Disfruta de una partida \u00fanica con el Ajedrez Artesanal, una pieza de arte hecha a mano que combina tradici\u00f3n y elegancia en cada movimiento.\",\"breadcrumb\":{\"@id\":\"https:\/\/boliviacontigo.com\/es\/product\/juego-de-ajedrez-artesanal\/#breadcrumb\"},\"inLanguage\":\"es\",\"potentialAction\":[{\"@type\":\"ReadAction\",\"target\":[\"https:\/\/boliviacontigo.com\/es\/product\/juego-de-ajedrez-artesanal\/\"]}]},{\"@type\":\"ImageObject\",\"inLanguage\":\"es\",\"@id\":\"https:\/\/boliviacontigo.com\/es\/product\/juego-de-ajedrez-artesanal\/#primaryimage\",\"url\":\"https:\/\/boliviacontigo.com\/wp-content\/uploads\/2024\/03\/ajedrez-artesanal-abierto-fichas-y-tablero-de-madera.jpg\",\"contentUrl\":\"https:\/\/boliviacontigo.com\/wp-content\/uploads\/2024\/03\/ajedrez-artesanal-abierto-fichas-y-tablero-de-madera.jpg\",\"width\":1500,\"height\":1500,\"caption\":\"Handmade Chess Game\"},{\"@type\":\"BreadcrumbList\",\"@id\":\"https:\/\/boliviacontigo.com\/es\/product\/juego-de-ajedrez-artesanal\/#breadcrumb\",\"itemListElement\":[{\"@type\":\"ListItem\",\"position\":1,\"name\":\"Home\",\"item\":\"https:\/\/boliviacontigo.com\/es\/\"},{\"@type\":\"ListItem\",\"position\":2,\"name\":\"Productos\",\"item\":\"https:\/\/boliviacontigo.com\/es\/productos\/\"},{\"@type\":\"ListItem\",\"position\":3,\"name\":\"Juego de Ajedrez Artesanal\"}]},{\"@type\":\"WebSite\",\"@id\":\"https:\/\/boliviacontigo.com\/es\/#website\",\"url\":\"https:\/\/boliviacontigo.com\/es\/\",\"name\":\"Bolivia Contigo\",\"description\":\"Bolivia Contigo\",\"potentialAction\":[{\"@type\":\"SearchAction\",\"target\":{\"@type\":\"EntryPoint\",\"urlTemplate\":\"https:\/\/boliviacontigo.com\/es\/?s={search_term_string}\"},\"query-input\":{\"@type\":\"PropertyValueSpecification\",\"valueRequired\":true,\"valueName\":\"search_term_string\"}}],\"inLanguage\":\"es\"}]}<\/script>\n<!-- \/ Yoast SEO plugin. -->","yoast_head_json":{"title":"Juego de Ajedrez Artesanal - Bolivia Contigo","description":"Disfruta de una partida \u00fanica con el Ajedrez Artesanal, una pieza de arte hecha a mano que combina tradici\u00f3n y elegancia en cada movimiento.","robots":{"index":"index","follow":"follow","max-snippet":"max-snippet:-1","max-image-preview":"max-image-preview:large","max-video-preview":"max-video-preview:-1"},"canonical":"https:\/\/boliviacontigo.com\/es\/product\/juego-de-ajedrez-artesanal\/","og_locale":"es_ES","og_type":"article","og_title":"Juego de Ajedrez Artesanal - Bolivia Contigo","og_description":"Disfruta de una partida \u00fanica con el Ajedrez Artesanal, una pieza de arte hecha a mano que combina tradici\u00f3n y elegancia en cada movimiento.","og_url":"https:\/\/boliviacontigo.com\/es\/product\/juego-de-ajedrez-artesanal\/","og_site_name":"Bolivia Contigo","article_modified_time":"2025-01-10T21:10:07+00:00","og_image":[{"width":1500,"height":1500,"url":"https:\/\/boliviacontigo.com\/wp-content\/uploads\/2024\/03\/ajedrez-artesanal-abierto-fichas-y-tablero-de-madera.jpg","type":"image\/jpeg"}],"twitter_card":"summary_large_image","twitter_misc":{"Tiempo de lectura":"1 minuto"},"schema":{"@context":"https:\/\/schema.org","@graph":[{"@type":"WebPage","@id":"https:\/\/boliviacontigo.com\/es\/product\/juego-de-ajedrez-artesanal\/","url":"https:\/\/boliviacontigo.com\/es\/product\/juego-de-ajedrez-artesanal\/","name":"Juego de Ajedrez Artesanal - Bolivia Contigo","isPartOf":{"@id":"https:\/\/boliviacontigo.com\/es\/#website"},"primaryImageOfPage":{"@id":"https:\/\/boliviacontigo.com\/es\/product\/juego-de-ajedrez-artesanal\/#primaryimage"},"image":{"@id":"https:\/\/boliviacontigo.com\/es\/product\/juego-de-ajedrez-artesanal\/#primaryimage"},"thumbnailUrl":"https:\/\/boliviacontigo.com\/wp-content\/uploads\/2024\/03\/ajedrez-artesanal-abierto-fichas-y-tablero-de-madera.jpg","datePublished":"2022-06-14T10:55:26+00:00","dateModified":"2025-01-10T21:10:07+00:00","description":"Disfruta de una partida \u00fanica con el Ajedrez Artesanal, una pieza de arte hecha a mano que combina tradici\u00f3n y elegancia en cada movimiento.","breadcrumb":{"@id":"https:\/\/boliviacontigo.com\/es\/product\/juego-de-ajedrez-artesanal\/#breadcrumb"},"inLanguage":"es","potentialAction":[{"@type":"ReadAction","target":["https:\/\/boliviacontigo.com\/es\/product\/juego-de-ajedrez-artesanal\/"]}]},{"@type":"ImageObject","inLanguage":"es","@id":"https:\/\/boliviacontigo.com\/es\/product\/juego-de-ajedrez-artesanal\/#primaryimage","url":"https:\/\/boliviacontigo.com\/wp-content\/uploads\/2024\/03\/ajedrez-artesanal-abierto-fichas-y-tablero-de-madera.jpg","contentUrl":"https:\/\/boliviacontigo.com\/wp-content\/uploads\/2024\/03\/ajedrez-artesanal-abierto-fichas-y-tablero-de-madera.jpg","width":1500,"height":1500,"caption":"Handmade Chess Game"},{"@type":"BreadcrumbList","@id":"https:\/\/boliviacontigo.com\/es\/product\/juego-de-ajedrez-artesanal\/#breadcrumb","itemListElement":[{"@type":"ListItem","position":1,"name":"Home","item":"https:\/\/boliviacontigo.com\/es\/"},{"@type":"ListItem","position":2,"name":"Productos","item":"https:\/\/boliviacontigo.com\/es\/productos\/"},{"@type":"ListItem","position":3,"name":"Juego de Ajedrez Artesanal"}]},{"@type":"WebSite","@id":"https:\/\/boliviacontigo.com\/es\/#website","url":"https:\/\/boliviacontigo.com\/es\/","name":"Bolivia Contigo","description":"Bolivia Contigo","potentialAction":[{"@type":"SearchAction","target":{"@type":"EntryPoint","urlTemplate":"https:\/\/boliviacontigo.com\/es\/?s={search_term_string}"},"query-input":{"@type":"PropertyValueSpecification","valueRequired":true,"valueName":"search_term_string"}}],"inLanguage":"es"}]}},"jetpack_sharing_enabled":true,"_links":{"self":[{"href":"https:\/\/boliviacontigo.com\/es\/wp-json\/wp\/v2\/product\/11351","targetHints":{"allow":["GET"]}}],"collection":[{"href":"https:\/\/boliviacontigo.com\/es\/wp-json\/wp\/v2\/product"}],"about":[{"href":"https:\/\/boliviacontigo.com\/es\/wp-json\/wp\/v2\/types\/product"}],"wp:featuredmedia":[{"embeddable":true,"href":"https:\/\/boliviacontigo.com\/es\/wp-json\/wp\/v2\/media\/12666"}],"wp:attachment":[{"href":"https:\/\/boliviacontigo.com\/es\/wp-json\/wp\/v2\/media?parent=11351"}],"wp:term":[{"taxonomy":"product_brand","embeddable":true,"href":"https:\/\/boliviacontigo.com\/es\/wp-json\/wp\/v2\/product_brand?post=11351"},{"taxonomy":"product_cat","embeddable":true,"href":"https:\/\/boliviacontigo.com\/es\/wp-json\/wp\/v2\/product_cat?post=11351"},{"taxonomy":"product_tag","embeddable":true,"href":"https:\/\/boliviacontigo.com\/es\/wp-json\/wp\/v2\/product_tag?post=11351"},{"taxonomy":"brand","embeddable":true,"href":"https:\/\/boliviacontigo.com\/es\/wp-json\/wp\/v2\/brand?post=11351"}],"curies":[{"name":"wp","href":"https:\/\/api.w.org\/{rel}","templated":true}]}}