{"id":11353,"date":"2022-06-14T10:56:03","date_gmt":"2022-06-14T10:56:03","guid":{"rendered":"https:\/\/boliviacontigo.com\/?post_type=product&#038;p=11353"},"modified":"2025-01-10T12:26:28","modified_gmt":"2025-01-10T17:26:28","slug":"portarretrato-de-madera-y-peltre-con-aguayo","status":"publish","type":"product","link":"https:\/\/boliviacontigo.com\/es\/product\/portarretrato-de-madera-y-peltre-con-aguayo\/","title":{"rendered":"Portarretrato de Madera y Peltre con aguayo"},"content":{"rendered":"<p>El Portarretrato de Madera y Peltre con Aguayo es una pieza \u00fanica que fusiona la calidez de la madera con la delicadeza del peltre y los vibrantes colores del Aguayo. Un tejido tradicional boliviano. Ideal para enmarcar tus fotos favoritas, este marco es perfecto para darle un toque personalizado y cultural a tu hogar. Su dise\u00f1o detallado y artesanal resalta la belleza de las fotos mientras refleja la rica herencia de Bolivia. Con un acabado elegante, este marco no solo sirve como un accesorio decorativo. Sino tambi\u00e9n como un recordatorio tangible de momentos que deseas conservar para siempre. Una pieza \u00fanica de artesan\u00eda.<\/p>\n","protected":false},"excerpt":{"rendered":"<p>Portarretrato de madera y peltre con aguayo. Inmortaliza tus momentos y tenlos siempre a tu lado con un marco de fotos.<\/p>\n","protected":false},"featured_media":12670,"template":"","meta":{"_acf_changed":false},"product_brand":[],"product_cat":[15,532],"product_tag":[],"brand":[568],"class_list":{"0":"post-11353","1":"product","2":"type-product","3":"status-publish","4":"has-post-thumbnail","6":"product_cat-artesania-decoracion","7":"product_cat-portaretratos-accesorios","8":"brand-llauri","10":"first","11":"instock","12":"taxable","13":"shipping-taxable","14":"purchasable","15":"product-type-simple"},"supplier_id":null,"supplier_sku":"","barcode":null,"atum_controlled":true,"out_stock_date":null,"out_stock_threshold":null,"inheritable":false,"inbound_stock":0,"stock_on_hold":0,"sold_today":0,"sales_last_days":0,"reserved_stock":0,"customer_returns":0,"warehouse_damage":0,"lost_in_post":0,"other_logs":0,"out_stock_days":0,"lost_sales":0,"has_location":false,"update_date":"2026-04-21T10:42:41","atum_locations":[],"atum_stock_status":"instock","restock_status":false,"low_stock_amount":"","sales_update_date":"2026-04-21T10:42:41","calc_backorders":null,"acf":[],"yoast_head":"<!-- This site is optimized with the Yoast SEO plugin v24.9 - https:\/\/yoast.com\/wordpress\/plugins\/seo\/ -->\n<title>Portarretrato de Madera y Peltre con aguayo - Bolivia Contigo<\/title>\n<meta name=\"description\" content=\"Elegante Portarretrato de Madera y Peltre con Aguayo, una pieza artesanal que combina la belleza de la tradici\u00f3n boliviana con el toque moderno.\" \/>\n<meta name=\"robots\" content=\"index, follow, max-snippet:-1, max-image-preview:large, max-video-preview:-1\" \/>\n<link rel=\"canonical\" href=\"https:\/\/boliviacontigo.com\/es\/product\/portarretrato-de-madera-y-peltre-con-aguayo\/\" \/>\n<meta property=\"og:locale\" content=\"es_ES\" \/>\n<meta property=\"og:type\" content=\"article\" \/>\n<meta property=\"og:title\" content=\"Portarretrato de Madera y Peltre con aguayo - Bolivia Contigo\" \/>\n<meta property=\"og:description\" content=\"Elegante Portarretrato de Madera y Peltre con Aguayo, una pieza artesanal que combina la belleza de la tradici\u00f3n boliviana con el toque moderno.\" \/>\n<meta property=\"og:url\" content=\"https:\/\/boliviacontigo.com\/es\/product\/portarretrato-de-madera-y-peltre-con-aguayo\/\" \/>\n<meta property=\"og:site_name\" content=\"Bolivia Contigo\" \/>\n<meta property=\"article:modified_time\" content=\"2025-01-10T17:26:28+00:00\" \/>\n<meta property=\"og:image\" content=\"https:\/\/boliviacontigo.com\/wp-content\/uploads\/2024\/03\/PORTA-RETRATO-1-1000x1000h.jpg\" \/>\n\t<meta property=\"og:image:width\" content=\"1000\" \/>\n\t<meta property=\"og:image:height\" content=\"1000\" \/>\n\t<meta property=\"og:image:type\" content=\"image\/jpeg\" \/>\n<meta name=\"twitter:card\" content=\"summary_large_image\" \/>\n<meta name=\"twitter:label1\" content=\"Tiempo de lectura\" \/>\n\t<meta name=\"twitter:data1\" content=\"1 minuto\" \/>\n<script type=\"application\/ld+json\" class=\"yoast-schema-graph\">{\"@context\":\"https:\/\/schema.org\",\"@graph\":[{\"@type\":\"WebPage\",\"@id\":\"https:\/\/boliviacontigo.com\/es\/product\/portarretrato-de-madera-y-peltre-con-aguayo\/\",\"url\":\"https:\/\/boliviacontigo.com\/es\/product\/portarretrato-de-madera-y-peltre-con-aguayo\/\",\"name\":\"Portarretrato de Madera y Peltre con aguayo - Bolivia Contigo\",\"isPartOf\":{\"@id\":\"https:\/\/boliviacontigo.com\/es\/#website\"},\"primaryImageOfPage\":{\"@id\":\"https:\/\/boliviacontigo.com\/es\/product\/portarretrato-de-madera-y-peltre-con-aguayo\/#primaryimage\"},\"image\":{\"@id\":\"https:\/\/boliviacontigo.com\/es\/product\/portarretrato-de-madera-y-peltre-con-aguayo\/#primaryimage\"},\"thumbnailUrl\":\"https:\/\/boliviacontigo.com\/wp-content\/uploads\/2024\/03\/PORTA-RETRATO-1-1000x1000h.jpg\",\"datePublished\":\"2022-06-14T10:56:03+00:00\",\"dateModified\":\"2025-01-10T17:26:28+00:00\",\"description\":\"Elegante Portarretrato de Madera y Peltre con Aguayo, una pieza artesanal que combina la belleza de la tradici\u00f3n boliviana con el toque moderno.\",\"breadcrumb\":{\"@id\":\"https:\/\/boliviacontigo.com\/es\/product\/portarretrato-de-madera-y-peltre-con-aguayo\/#breadcrumb\"},\"inLanguage\":\"es\",\"potentialAction\":[{\"@type\":\"ReadAction\",\"target\":[\"https:\/\/boliviacontigo.com\/es\/product\/portarretrato-de-madera-y-peltre-con-aguayo\/\"]}]},{\"@type\":\"ImageObject\",\"inLanguage\":\"es\",\"@id\":\"https:\/\/boliviacontigo.com\/es\/product\/portarretrato-de-madera-y-peltre-con-aguayo\/#primaryimage\",\"url\":\"https:\/\/boliviacontigo.com\/wp-content\/uploads\/2024\/03\/PORTA-RETRATO-1-1000x1000h.jpg\",\"contentUrl\":\"https:\/\/boliviacontigo.com\/wp-content\/uploads\/2024\/03\/PORTA-RETRATO-1-1000x1000h.jpg\",\"width\":1000,\"height\":1000,\"caption\":\"Portarretrato de madera\"},{\"@type\":\"BreadcrumbList\",\"@id\":\"https:\/\/boliviacontigo.com\/es\/product\/portarretrato-de-madera-y-peltre-con-aguayo\/#breadcrumb\",\"itemListElement\":[{\"@type\":\"ListItem\",\"position\":1,\"name\":\"Home\",\"item\":\"https:\/\/boliviacontigo.com\/es\/\"},{\"@type\":\"ListItem\",\"position\":2,\"name\":\"Productos\",\"item\":\"https:\/\/boliviacontigo.com\/es\/productos\/\"},{\"@type\":\"ListItem\",\"position\":3,\"name\":\"Portarretrato de Madera y Peltre con aguayo\"}]},{\"@type\":\"WebSite\",\"@id\":\"https:\/\/boliviacontigo.com\/es\/#website\",\"url\":\"https:\/\/boliviacontigo.com\/es\/\",\"name\":\"Bolivia Contigo\",\"description\":\"Bolivia Contigo\",\"potentialAction\":[{\"@type\":\"SearchAction\",\"target\":{\"@type\":\"EntryPoint\",\"urlTemplate\":\"https:\/\/boliviacontigo.com\/es\/?s={search_term_string}\"},\"query-input\":{\"@type\":\"PropertyValueSpecification\",\"valueRequired\":true,\"valueName\":\"search_term_string\"}}],\"inLanguage\":\"es\"}]}<\/script>\n<!-- \/ Yoast SEO plugin. -->","yoast_head_json":{"title":"Portarretrato de Madera y Peltre con aguayo - Bolivia Contigo","description":"Elegante Portarretrato de Madera y Peltre con Aguayo, una pieza artesanal que combina la belleza de la tradici\u00f3n boliviana con el toque moderno.","robots":{"index":"index","follow":"follow","max-snippet":"max-snippet:-1","max-image-preview":"max-image-preview:large","max-video-preview":"max-video-preview:-1"},"canonical":"https:\/\/boliviacontigo.com\/es\/product\/portarretrato-de-madera-y-peltre-con-aguayo\/","og_locale":"es_ES","og_type":"article","og_title":"Portarretrato de Madera y Peltre con aguayo - Bolivia Contigo","og_description":"Elegante Portarretrato de Madera y Peltre con Aguayo, una pieza artesanal que combina la belleza de la tradici\u00f3n boliviana con el toque moderno.","og_url":"https:\/\/boliviacontigo.com\/es\/product\/portarretrato-de-madera-y-peltre-con-aguayo\/","og_site_name":"Bolivia Contigo","article_modified_time":"2025-01-10T17:26:28+00:00","og_image":[{"width":1000,"height":1000,"url":"https:\/\/boliviacontigo.com\/wp-content\/uploads\/2024\/03\/PORTA-RETRATO-1-1000x1000h.jpg","type":"image\/jpeg"}],"twitter_card":"summary_large_image","twitter_misc":{"Tiempo de lectura":"1 minuto"},"schema":{"@context":"https:\/\/schema.org","@graph":[{"@type":"WebPage","@id":"https:\/\/boliviacontigo.com\/es\/product\/portarretrato-de-madera-y-peltre-con-aguayo\/","url":"https:\/\/boliviacontigo.com\/es\/product\/portarretrato-de-madera-y-peltre-con-aguayo\/","name":"Portarretrato de Madera y Peltre con aguayo - Bolivia Contigo","isPartOf":{"@id":"https:\/\/boliviacontigo.com\/es\/#website"},"primaryImageOfPage":{"@id":"https:\/\/boliviacontigo.com\/es\/product\/portarretrato-de-madera-y-peltre-con-aguayo\/#primaryimage"},"image":{"@id":"https:\/\/boliviacontigo.com\/es\/product\/portarretrato-de-madera-y-peltre-con-aguayo\/#primaryimage"},"thumbnailUrl":"https:\/\/boliviacontigo.com\/wp-content\/uploads\/2024\/03\/PORTA-RETRATO-1-1000x1000h.jpg","datePublished":"2022-06-14T10:56:03+00:00","dateModified":"2025-01-10T17:26:28+00:00","description":"Elegante Portarretrato de Madera y Peltre con Aguayo, una pieza artesanal que combina la belleza de la tradici\u00f3n boliviana con el toque moderno.","breadcrumb":{"@id":"https:\/\/boliviacontigo.com\/es\/product\/portarretrato-de-madera-y-peltre-con-aguayo\/#breadcrumb"},"inLanguage":"es","potentialAction":[{"@type":"ReadAction","target":["https:\/\/boliviacontigo.com\/es\/product\/portarretrato-de-madera-y-peltre-con-aguayo\/"]}]},{"@type":"ImageObject","inLanguage":"es","@id":"https:\/\/boliviacontigo.com\/es\/product\/portarretrato-de-madera-y-peltre-con-aguayo\/#primaryimage","url":"https:\/\/boliviacontigo.com\/wp-content\/uploads\/2024\/03\/PORTA-RETRATO-1-1000x1000h.jpg","contentUrl":"https:\/\/boliviacontigo.com\/wp-content\/uploads\/2024\/03\/PORTA-RETRATO-1-1000x1000h.jpg","width":1000,"height":1000,"caption":"Portarretrato de madera"},{"@type":"BreadcrumbList","@id":"https:\/\/boliviacontigo.com\/es\/product\/portarretrato-de-madera-y-peltre-con-aguayo\/#breadcrumb","itemListElement":[{"@type":"ListItem","position":1,"name":"Home","item":"https:\/\/boliviacontigo.com\/es\/"},{"@type":"ListItem","position":2,"name":"Productos","item":"https:\/\/boliviacontigo.com\/es\/productos\/"},{"@type":"ListItem","position":3,"name":"Portarretrato de Madera y Peltre con aguayo"}]},{"@type":"WebSite","@id":"https:\/\/boliviacontigo.com\/es\/#website","url":"https:\/\/boliviacontigo.com\/es\/","name":"Bolivia Contigo","description":"Bolivia Contigo","potentialAction":[{"@type":"SearchAction","target":{"@type":"EntryPoint","urlTemplate":"https:\/\/boliviacontigo.com\/es\/?s={search_term_string}"},"query-input":{"@type":"PropertyValueSpecification","valueRequired":true,"valueName":"search_term_string"}}],"inLanguage":"es"}]}},"jetpack_sharing_enabled":true,"_links":{"self":[{"href":"https:\/\/boliviacontigo.com\/es\/wp-json\/wp\/v2\/product\/11353","targetHints":{"allow":["GET"]}}],"collection":[{"href":"https:\/\/boliviacontigo.com\/es\/wp-json\/wp\/v2\/product"}],"about":[{"href":"https:\/\/boliviacontigo.com\/es\/wp-json\/wp\/v2\/types\/product"}],"wp:featuredmedia":[{"embeddable":true,"href":"https:\/\/boliviacontigo.com\/es\/wp-json\/wp\/v2\/media\/12670"}],"wp:attachment":[{"href":"https:\/\/boliviacontigo.com\/es\/wp-json\/wp\/v2\/media?parent=11353"}],"wp:term":[{"taxonomy":"product_brand","embeddable":true,"href":"https:\/\/boliviacontigo.com\/es\/wp-json\/wp\/v2\/product_brand?post=11353"},{"taxonomy":"product_cat","embeddable":true,"href":"https:\/\/boliviacontigo.com\/es\/wp-json\/wp\/v2\/product_cat?post=11353"},{"taxonomy":"product_tag","embeddable":true,"href":"https:\/\/boliviacontigo.com\/es\/wp-json\/wp\/v2\/product_tag?post=11353"},{"taxonomy":"brand","embeddable":true,"href":"https:\/\/boliviacontigo.com\/es\/wp-json\/wp\/v2\/brand?post=11353"}],"curies":[{"name":"wp","href":"https:\/\/api.w.org\/{rel}","templated":true}]}}