{"id":11360,"date":"2022-06-14T11:11:07","date_gmt":"2022-06-14T11:11:07","guid":{"rendered":"https:\/\/boliviacontigo.com\/?post_type=product&#038;p=11360"},"modified":"2025-01-10T16:17:22","modified_gmt":"2025-01-10T21:17:22","slug":"chromatic-zampona-of-3-rows","status":"publish","type":"product","link":"https:\/\/boliviacontigo.com\/es\/product\/chromatic-zampona-of-3-rows\/","title":{"rendered":"Zampo\u00f1a Crom\u00e1tica de 3 filas"},"content":{"rendered":"<p>La Zampo\u00f1a es uno de los instrumentos m\u00e1s emblem\u00e1ticos de la m\u00fasica andina, famoso por su sonido suave y mel\u00f3dico. Hecha a mano con ca\u00f1as naturales, este instrumento tradicional boliviano ofrece una experiencia aut\u00e9ntica de la m\u00fasica ancestral de los Andes. Su dise\u00f1o \u00fanico permite producir una variedad de tonos y melod\u00edas, lo que la convierte en una pieza fundamental en las celebraciones y rituales andinos. Ya sea para m\u00fasicos experimentados o principiantes, la Zampo\u00f1a es una joya cultural que te transporta a las monta\u00f1as de Bolivia con cada nota. Un regalo perfecto para los amantes de la m\u00fasica y la cultura andina.<\/p>\n","protected":false},"excerpt":{"rendered":"<p>Descubre la magia de la m\u00fasica andina con la Zampo\u00f1a, un instrumento tradicional que te conecta con la esencia de la cultura boliviana.<\/p>\n","protected":false},"featured_media":12676,"template":"","meta":{"_acf_changed":false},"product_brand":[],"product_cat":[542,543],"product_tag":[],"brand":[],"class_list":{"0":"post-11360","1":"product","2":"type-product","3":"status-publish","4":"has-post-thumbnail","6":"product_cat-instrumentos-musicales","7":"product_cat-instrumentos-de-viento","9":"first","10":"outofstock","11":"taxable","12":"shipping-taxable","13":"purchasable","14":"product-type-simple"},"supplier_id":null,"supplier_sku":"","barcode":null,"atum_controlled":true,"out_stock_date":"2024-12-26 00:58:14","out_stock_threshold":null,"inheritable":false,"inbound_stock":0,"stock_on_hold":0,"sold_today":0,"sales_last_days":0,"reserved_stock":0,"customer_returns":0,"warehouse_damage":0,"lost_in_post":0,"other_logs":0,"out_stock_days":467,"lost_sales":0,"has_location":false,"update_date":"2026-04-07T05:54:43","atum_locations":[],"atum_stock_status":"outofstock","restock_status":false,"low_stock_amount":1,"sales_update_date":"2026-04-07T05:54:43","calc_backorders":null,"acf":[],"yoast_head":"<!-- This site is optimized with the Yoast SEO plugin v24.9 - https:\/\/yoast.com\/wordpress\/plugins\/seo\/ -->\n<title>Zampo\u00f1a Crom\u00e1tica de 3 filas - Bolivia Contigo<\/title>\n<meta name=\"description\" content=\"Descubre la magia de la m\u00fasica andina con la Zampo\u00f1a, un instrumento tradicional que te conecta con la esencia de la cultura boliviana.\" \/>\n<meta name=\"robots\" content=\"index, follow, max-snippet:-1, max-image-preview:large, max-video-preview:-1\" \/>\n<link rel=\"canonical\" href=\"https:\/\/boliviacontigo.com\/es\/product\/chromatic-zampona-of-3-rows\/\" \/>\n<meta property=\"og:locale\" content=\"es_ES\" \/>\n<meta property=\"og:type\" content=\"article\" \/>\n<meta property=\"og:title\" content=\"Zampo\u00f1a Crom\u00e1tica de 3 filas - Bolivia Contigo\" \/>\n<meta property=\"og:description\" content=\"Descubre la magia de la m\u00fasica andina con la Zampo\u00f1a, un instrumento tradicional que te conecta con la esencia de la cultura boliviana.\" \/>\n<meta property=\"og:url\" content=\"https:\/\/boliviacontigo.com\/es\/product\/chromatic-zampona-of-3-rows\/\" \/>\n<meta property=\"og:site_name\" content=\"Bolivia Contigo\" \/>\n<meta property=\"article:modified_time\" content=\"2025-01-10T21:17:22+00:00\" \/>\n<meta property=\"og:image\" content=\"https:\/\/boliviacontigo.com\/wp-content\/uploads\/2024\/03\/zampona-cromatica-de-tres-filas.jpg\" \/>\n\t<meta property=\"og:image:width\" content=\"1500\" \/>\n\t<meta property=\"og:image:height\" content=\"1500\" \/>\n\t<meta property=\"og:image:type\" content=\"image\/jpeg\" \/>\n<meta name=\"twitter:card\" content=\"summary_large_image\" \/>\n<meta name=\"twitter:label1\" content=\"Tiempo de lectura\" \/>\n\t<meta name=\"twitter:data1\" content=\"1 minuto\" \/>\n<script type=\"application\/ld+json\" class=\"yoast-schema-graph\">{\"@context\":\"https:\/\/schema.org\",\"@graph\":[{\"@type\":\"WebPage\",\"@id\":\"https:\/\/boliviacontigo.com\/es\/product\/chromatic-zampona-of-3-rows\/\",\"url\":\"https:\/\/boliviacontigo.com\/es\/product\/chromatic-zampona-of-3-rows\/\",\"name\":\"Zampo\u00f1a Crom\u00e1tica de 3 filas - Bolivia Contigo\",\"isPartOf\":{\"@id\":\"https:\/\/boliviacontigo.com\/es\/#website\"},\"primaryImageOfPage\":{\"@id\":\"https:\/\/boliviacontigo.com\/es\/product\/chromatic-zampona-of-3-rows\/#primaryimage\"},\"image\":{\"@id\":\"https:\/\/boliviacontigo.com\/es\/product\/chromatic-zampona-of-3-rows\/#primaryimage\"},\"thumbnailUrl\":\"https:\/\/boliviacontigo.com\/wp-content\/uploads\/2024\/03\/zampona-cromatica-de-tres-filas.jpg\",\"datePublished\":\"2022-06-14T11:11:07+00:00\",\"dateModified\":\"2025-01-10T21:17:22+00:00\",\"description\":\"Descubre la magia de la m\u00fasica andina con la Zampo\u00f1a, un instrumento tradicional que te conecta con la esencia de la cultura boliviana.\",\"breadcrumb\":{\"@id\":\"https:\/\/boliviacontigo.com\/es\/product\/chromatic-zampona-of-3-rows\/#breadcrumb\"},\"inLanguage\":\"es\",\"potentialAction\":[{\"@type\":\"ReadAction\",\"target\":[\"https:\/\/boliviacontigo.com\/es\/product\/chromatic-zampona-of-3-rows\/\"]}]},{\"@type\":\"ImageObject\",\"inLanguage\":\"es\",\"@id\":\"https:\/\/boliviacontigo.com\/es\/product\/chromatic-zampona-of-3-rows\/#primaryimage\",\"url\":\"https:\/\/boliviacontigo.com\/wp-content\/uploads\/2024\/03\/zampona-cromatica-de-tres-filas.jpg\",\"contentUrl\":\"https:\/\/boliviacontigo.com\/wp-content\/uploads\/2024\/03\/zampona-cromatica-de-tres-filas.jpg\",\"width\":1500,\"height\":1500},{\"@type\":\"BreadcrumbList\",\"@id\":\"https:\/\/boliviacontigo.com\/es\/product\/chromatic-zampona-of-3-rows\/#breadcrumb\",\"itemListElement\":[{\"@type\":\"ListItem\",\"position\":1,\"name\":\"Home\",\"item\":\"https:\/\/boliviacontigo.com\/es\/\"},{\"@type\":\"ListItem\",\"position\":2,\"name\":\"Productos\",\"item\":\"https:\/\/boliviacontigo.com\/es\/productos\/\"},{\"@type\":\"ListItem\",\"position\":3,\"name\":\"Zampo\u00f1a Crom\u00e1tica de 3 filas\"}]},{\"@type\":\"WebSite\",\"@id\":\"https:\/\/boliviacontigo.com\/es\/#website\",\"url\":\"https:\/\/boliviacontigo.com\/es\/\",\"name\":\"Bolivia Contigo\",\"description\":\"Bolivia Contigo\",\"potentialAction\":[{\"@type\":\"SearchAction\",\"target\":{\"@type\":\"EntryPoint\",\"urlTemplate\":\"https:\/\/boliviacontigo.com\/es\/?s={search_term_string}\"},\"query-input\":{\"@type\":\"PropertyValueSpecification\",\"valueRequired\":true,\"valueName\":\"search_term_string\"}}],\"inLanguage\":\"es\"}]}<\/script>\n<!-- \/ Yoast SEO plugin. -->","yoast_head_json":{"title":"Zampo\u00f1a Crom\u00e1tica de 3 filas - Bolivia Contigo","description":"Descubre la magia de la m\u00fasica andina con la Zampo\u00f1a, un instrumento tradicional que te conecta con la esencia de la cultura boliviana.","robots":{"index":"index","follow":"follow","max-snippet":"max-snippet:-1","max-image-preview":"max-image-preview:large","max-video-preview":"max-video-preview:-1"},"canonical":"https:\/\/boliviacontigo.com\/es\/product\/chromatic-zampona-of-3-rows\/","og_locale":"es_ES","og_type":"article","og_title":"Zampo\u00f1a Crom\u00e1tica de 3 filas - Bolivia Contigo","og_description":"Descubre la magia de la m\u00fasica andina con la Zampo\u00f1a, un instrumento tradicional que te conecta con la esencia de la cultura boliviana.","og_url":"https:\/\/boliviacontigo.com\/es\/product\/chromatic-zampona-of-3-rows\/","og_site_name":"Bolivia Contigo","article_modified_time":"2025-01-10T21:17:22+00:00","og_image":[{"width":1500,"height":1500,"url":"https:\/\/boliviacontigo.com\/wp-content\/uploads\/2024\/03\/zampona-cromatica-de-tres-filas.jpg","type":"image\/jpeg"}],"twitter_card":"summary_large_image","twitter_misc":{"Tiempo de lectura":"1 minuto"},"schema":{"@context":"https:\/\/schema.org","@graph":[{"@type":"WebPage","@id":"https:\/\/boliviacontigo.com\/es\/product\/chromatic-zampona-of-3-rows\/","url":"https:\/\/boliviacontigo.com\/es\/product\/chromatic-zampona-of-3-rows\/","name":"Zampo\u00f1a Crom\u00e1tica de 3 filas - Bolivia Contigo","isPartOf":{"@id":"https:\/\/boliviacontigo.com\/es\/#website"},"primaryImageOfPage":{"@id":"https:\/\/boliviacontigo.com\/es\/product\/chromatic-zampona-of-3-rows\/#primaryimage"},"image":{"@id":"https:\/\/boliviacontigo.com\/es\/product\/chromatic-zampona-of-3-rows\/#primaryimage"},"thumbnailUrl":"https:\/\/boliviacontigo.com\/wp-content\/uploads\/2024\/03\/zampona-cromatica-de-tres-filas.jpg","datePublished":"2022-06-14T11:11:07+00:00","dateModified":"2025-01-10T21:17:22+00:00","description":"Descubre la magia de la m\u00fasica andina con la Zampo\u00f1a, un instrumento tradicional que te conecta con la esencia de la cultura boliviana.","breadcrumb":{"@id":"https:\/\/boliviacontigo.com\/es\/product\/chromatic-zampona-of-3-rows\/#breadcrumb"},"inLanguage":"es","potentialAction":[{"@type":"ReadAction","target":["https:\/\/boliviacontigo.com\/es\/product\/chromatic-zampona-of-3-rows\/"]}]},{"@type":"ImageObject","inLanguage":"es","@id":"https:\/\/boliviacontigo.com\/es\/product\/chromatic-zampona-of-3-rows\/#primaryimage","url":"https:\/\/boliviacontigo.com\/wp-content\/uploads\/2024\/03\/zampona-cromatica-de-tres-filas.jpg","contentUrl":"https:\/\/boliviacontigo.com\/wp-content\/uploads\/2024\/03\/zampona-cromatica-de-tres-filas.jpg","width":1500,"height":1500},{"@type":"BreadcrumbList","@id":"https:\/\/boliviacontigo.com\/es\/product\/chromatic-zampona-of-3-rows\/#breadcrumb","itemListElement":[{"@type":"ListItem","position":1,"name":"Home","item":"https:\/\/boliviacontigo.com\/es\/"},{"@type":"ListItem","position":2,"name":"Productos","item":"https:\/\/boliviacontigo.com\/es\/productos\/"},{"@type":"ListItem","position":3,"name":"Zampo\u00f1a Crom\u00e1tica de 3 filas"}]},{"@type":"WebSite","@id":"https:\/\/boliviacontigo.com\/es\/#website","url":"https:\/\/boliviacontigo.com\/es\/","name":"Bolivia Contigo","description":"Bolivia Contigo","potentialAction":[{"@type":"SearchAction","target":{"@type":"EntryPoint","urlTemplate":"https:\/\/boliviacontigo.com\/es\/?s={search_term_string}"},"query-input":{"@type":"PropertyValueSpecification","valueRequired":true,"valueName":"search_term_string"}}],"inLanguage":"es"}]}},"jetpack_sharing_enabled":true,"_links":{"self":[{"href":"https:\/\/boliviacontigo.com\/es\/wp-json\/wp\/v2\/product\/11360","targetHints":{"allow":["GET"]}}],"collection":[{"href":"https:\/\/boliviacontigo.com\/es\/wp-json\/wp\/v2\/product"}],"about":[{"href":"https:\/\/boliviacontigo.com\/es\/wp-json\/wp\/v2\/types\/product"}],"wp:featuredmedia":[{"embeddable":true,"href":"https:\/\/boliviacontigo.com\/es\/wp-json\/wp\/v2\/media\/12676"}],"wp:attachment":[{"href":"https:\/\/boliviacontigo.com\/es\/wp-json\/wp\/v2\/media?parent=11360"}],"wp:term":[{"taxonomy":"product_brand","embeddable":true,"href":"https:\/\/boliviacontigo.com\/es\/wp-json\/wp\/v2\/product_brand?post=11360"},{"taxonomy":"product_cat","embeddable":true,"href":"https:\/\/boliviacontigo.com\/es\/wp-json\/wp\/v2\/product_cat?post=11360"},{"taxonomy":"product_tag","embeddable":true,"href":"https:\/\/boliviacontigo.com\/es\/wp-json\/wp\/v2\/product_tag?post=11360"},{"taxonomy":"brand","embeddable":true,"href":"https:\/\/boliviacontigo.com\/es\/wp-json\/wp\/v2\/brand?post=11360"}],"curies":[{"name":"wp","href":"https:\/\/api.w.org\/{rel}","templated":true}]}}